{"id":10436,"date":"2025-04-16T12:57:24","date_gmt":"2025-04-16T12:57:24","guid":{"rendered":"https:\/\/whitelip.com\/pablo-exclusive-cherry-cola-50mg\/"},"modified":"2026-04-29T10:11:17","modified_gmt":"2026-04-29T10:11:17","slug":"pablo-exclusive-cherry-cola-50mg","status":"publish","type":"product","link":"https:\/\/whitelip.com\/sk\/pablo\/pablo-exclusive-cherry-cola-50mg\/","title":{"rendered":"PABLO Exclusive Cherry Cola 50 mg"},"content":{"rendered":"<h2><strong>PABLO Exclusive Cherry Cola 50 mg<\/strong><\/h2>\n<p class=\"translation-block\" data-start=\"100\" data-end=\"587\">PABLO Exclusive Cherry Cola 50mg vrec\u00fa\u0161ka s nikot\u00ednom sp\u00e1jaj\u00fa odv\u00e1\u017enu, perliv\u00fa chu\u0165 klasickej coly so sladkou \u010dere\u0161\u0148ovou z\u00e1krutou \u2013 so nostalgiou a extr\u00e9mnou silou nikot\u00ednu. Upraven\u00e9 pre sk\u00fasen\u00fdch pou\u017e\u00edvate\u013eov, tieto \u0161t\u00edhle vrec\u00fa\u0161ka bez tab\u00e1ku pon\u00fakaj\u00fa diskr\u00e9tny a chutn\u00fd sp\u00f4sob, ako si vychutna\u0165 siln\u00fd z\u00e1\u017eitok s nikot\u00ednom. \u010ci u\u017e h\u013ead\u00e1te nie\u010do in\u00e9 alebo ste fandami tej atmosf\u00e9ry z bufetu s s\u00f3dom, PABLO Cherry Cola sp\u00e1ja intenzitu a chu\u0165 v ka\u017edom vrec\u00fa\u0161ku.<\/p>\n<table>\n<tbody>\n<tr>\n<td><b>Atrib\u00fat<\/b><\/td>\n<td><b>Podrobnosti<\/b><\/td>\n<\/tr>\n<tr>\n<td><b>Obsah na plechovku<\/b><\/td>\n<td><span style=\"font-weight: 400;\">15 g (20 vrec\u00fa\u0161ok)<\/span><\/td>\n<\/tr>\n<tr>\n<td><b>Obsah nikot\u00ednu<\/b><\/td>\n<td><span style=\"font-weight: 400;\">50 mg\/g (30 mg na vrecko)<\/span><\/td>\n<\/tr>\n<tr>\n<td><b>Form\u00e1t vrecka<\/b><\/td>\n<td><span style=\"font-weight: 400;\">Slim<\/span><\/td>\n<\/tr>\n<tr>\n<td><b>V\u00fdrobca<\/b><\/td>\n<td><span style=\"font-weight: 400;\">Imp\u00e9rium N.G.P<\/span><\/td>\n<\/tr>\n<tr>\n<td><b>Pr\u00edchu\u0165<\/b><\/td>\n<td><span style=\"font-weight: 400;\">Cherry Cola (Sladk\u00e1, perliv\u00e1)<\/span><\/td>\n<\/tr>\n<tr>\n<td><b>Typ<\/b><\/td>\n<td><span style=\"font-weight: 400;\">Celobiele vrecko, bez tabaku<\/span><\/td>\n<\/tr>\n<\/tbody>\n<\/table>","protected":false},"excerpt":{"rendered":"<p>PABLO Exclusive Cherry Cola 50 mg nikot\u00ednov\u00e9 vrec\u00fa\u0161ka prin\u00e1\u0161aj\u00fa v\u00fdrazn\u00fa, perliv\u00fa <strong data-start=\"72\" data-end=\"87\">Cherry Cola<\/strong> pr\u00edchu\u0165 s nostalgickou atmosf\u00e9rou obchodu so s\u00f3dou. <strong data-start=\"128\" data-end=\"136\">Slim<\/strong>, bez tabaku na diskr\u00e9tne a aromatick\u00e9 pou\u017e\u00edvanie. Ka\u017ed\u00e9 vrecko obsahuje <strong>30 mg nikot\u00ednu<\/strong>.<\/p>","protected":false},"featured_media":10437,"comment_status":"open","ping_status":"closed","template":"","format":[206],"meta":{"_acf_changed":false},"product_brand":[],"product_cat":[44],"product_tag":[16605],"flavours":[193,196],"nicotine":[226,233],"class_list":{"0":"post-10436","1":"product","2":"type-product","3":"status-publish","4":"has-post-thumbnail","6":"product_cat-pablo","7":"product_tag-30-mg-pouch","8":"pa_quantity-1-pack","9":"pa_quantity-10-pack","10":"pa_quantity-3-pack","11":"pa_quantity-30-pack","12":"pa_quantity-5-pack","13":"pa_quantity-60-pack","14":"flavours-cola","15":"flavours-fruits-berries","16":"format-slim","17":"nicotine-50-mg-g","18":"nicotine-extreme","20":"first","21":"instock","22":"taxable","23":"shipping-taxable","24":"purchasable","25":"product-type-variable","26":"has-default-attributes"},"acf":[],"_links":{"self":[{"href":"https:\/\/whitelip.com\/sk\/wp-json\/wp\/v2\/product\/10436","targetHints":{"allow":["GET"]}}],"collection":[{"href":"https:\/\/whitelip.com\/sk\/wp-json\/wp\/v2\/product"}],"about":[{"href":"https:\/\/whitelip.com\/sk\/wp-json\/wp\/v2\/types\/product"}],"replies":[{"embeddable":true,"href":"https:\/\/whitelip.com\/sk\/wp-json\/wp\/v2\/comments?post=10436"}],"wp:featuredmedia":[{"embeddable":true,"href":"https:\/\/whitelip.com\/sk\/wp-json\/wp\/v2\/media\/10437"}],"wp:attachment":[{"href":"https:\/\/whitelip.com\/sk\/wp-json\/wp\/v2\/media?parent=10436"}],"wp:term":[{"taxonomy":"product_brand","embeddable":true,"href":"https:\/\/whitelip.com\/sk\/wp-json\/wp\/v2\/product_brand?post=10436"},{"taxonomy":"product_cat","embeddable":true,"href":"https:\/\/whitelip.com\/sk\/wp-json\/wp\/v2\/product_cat?post=10436"},{"taxonomy":"product_tag","embeddable":true,"href":"https:\/\/whitelip.com\/sk\/wp-json\/wp\/v2\/product_tag?post=10436"},{"taxonomy":"flavours","embeddable":true,"href":"https:\/\/whitelip.com\/sk\/wp-json\/wp\/v2\/flavours?post=10436"},{"taxonomy":"format","embeddable":true,"href":"https:\/\/whitelip.com\/sk\/wp-json\/wp\/v2\/format?post=10436"},{"taxonomy":"nicotine","embeddable":true,"href":"https:\/\/whitelip.com\/sk\/wp-json\/wp\/v2\/nicotine?post=10436"}],"curies":[{"name":"wp","href":"https:\/\/api.w.org\/{rel}","templated":true}]}}