{"id":10431,"date":"2025-04-16T12:54:12","date_gmt":"2025-04-16T12:54:12","guid":{"rendered":"https:\/\/whitelip.com\/pablo-exclusive-lemonade-50mg\/"},"modified":"2026-05-09T10:11:10","modified_gmt":"2026-05-09T10:11:10","slug":"pablo-exclusive-lemonade-50mg","status":"publish","type":"product","link":"https:\/\/whitelip.com\/sk\/pablo\/pablo-exclusive-lemonade-50mg\/","title":{"rendered":"PABLO Exclusive Lemonade 50mg"},"content":{"rendered":"<h2><strong>PABLO Exclusive Lemonade 50mg<\/strong><\/h2>\n<p class=\"\" data-start=\"100\" data-end=\"587\">PABLO Exclusive Lemonade 50 mg nikot\u00ednov\u00e9 vrec\u00fa\u0161ka prin\u00e1\u0161aj\u00fa pikantn\u00fd v\u00fdbuch citrusov so svie\u017eou, osvie\u017euj\u00facou chu\u0165ou citron\u00e1dy - dokonale vyv\u00e1\u017een\u00e9 s mimoriadne siln\u00fdm nikot\u00ednov\u00fdm z\u00e1sahom. Tieto tenk\u00e9 vrec\u00fa\u0161ka bez tabaku s\u00fa ur\u010den\u00e9 pre sk\u00fasen\u00fdch u\u017e\u00edvate\u013eov a prin\u00e1\u0161aj\u00fa energizuj\u00facu chu\u0165 spolu s intenz\u00edvnou silou. PABLO Lemonade je navrhnut\u00fd na diskr\u00e9tne pou\u017eitie pod perou a pon\u00faka ostr\u00fd, pikantn\u00fd n\u00e1dych pre t\u00fdch, ktor\u00ed chc\u00fa v\u00fdrazn\u00fa chu\u0165 a siln\u00fd v\u00fdkon v jednom \u00fadere.<\/p>\n<table>\n<tbody>\n<tr>\n<td><b>Atrib\u00fat<\/b><\/td>\n<td><b>Podrobnosti<\/b><\/td>\n<\/tr>\n<tr>\n<td><b>Obsah na plechovku<\/b><\/td>\n<td><span style=\"font-weight: 400;\">15 g (20 vrec\u00fa\u0161ok)<\/span><\/td>\n<\/tr>\n<tr>\n<td><b>Obsah nikot\u00ednu<\/b><\/td>\n<td><span style=\"font-weight: 400;\">50 mg\/g (30 mg na vrecko)<\/span><\/td>\n<\/tr>\n<tr>\n<td><b>Form\u00e1t vrecka<\/b><\/td>\n<td><span style=\"font-weight: 400;\">Slim<\/span><\/td>\n<\/tr>\n<tr>\n<td><b>V\u00fdrobca<\/b><\/td>\n<td><span style=\"font-weight: 400;\">Imp\u00e9rium N.G.P<\/span><\/td>\n<\/tr>\n<tr>\n<td><b>Pr\u00edchu\u0165<\/b><\/td>\n<td><span style=\"font-weight: 400;\">Limon\u00e1da (Citrus, osvie\u017euj\u00faca)<\/span><\/td>\n<\/tr>\n<tr>\n<td><b>Typ<\/b><\/td>\n<td><span style=\"font-weight: 400;\">Celobiele vrecko, bez tabaku<\/span><\/td>\n<\/tr>\n<\/tbody>\n<\/table>","protected":false},"excerpt":{"rendered":"<p>Vrec\u00fa\u0161ka PABLO Exclusive Lemonade 50 mg nikot\u00ednu prin\u00e1\u0161aj\u00fa pikantn\u00fa, osvie\u017euj\u00facu chu\u0165 <strong data-start=\"75\" data-end=\"87\">Limon\u00e1da<\/strong> pr\u00edchu\u0165. <strong data-start=\"96\" data-end=\"104\">Slim<\/strong>, beztabakov\u00fd form\u00e1t na diskr\u00e9tne, energizuj\u00face pou\u017e\u00edvanie s mimoriadne silnou intenzitou. Ka\u017ed\u00e9 vrecko obsahuje <strong>30 mg nikot\u00ednu<\/strong>.<\/p>","protected":false},"featured_media":10432,"comment_status":"open","ping_status":"closed","template":"","format":[206],"meta":{"_acf_changed":false},"product_brand":[],"product_cat":[44],"product_tag":[16605],"flavours":[190],"nicotine":[226,233],"class_list":{"0":"post-10431","1":"product","2":"type-product","3":"status-publish","4":"has-post-thumbnail","6":"product_cat-pablo","7":"product_tag-30-mg-pouch","8":"pa_quantity-1-pack","9":"pa_quantity-10-pack","10":"pa_quantity-3-pack","11":"pa_quantity-30-pack","12":"pa_quantity-5-pack","13":"pa_quantity-60-pack","14":"flavours-citrus","15":"format-slim","16":"nicotine-50-mg-g","17":"nicotine-extreme","19":"first","20":"instock","21":"taxable","22":"shipping-taxable","23":"purchasable","24":"product-type-variable","25":"has-default-attributes"},"acf":[],"_links":{"self":[{"href":"https:\/\/whitelip.com\/sk\/wp-json\/wp\/v2\/product\/10431","targetHints":{"allow":["GET"]}}],"collection":[{"href":"https:\/\/whitelip.com\/sk\/wp-json\/wp\/v2\/product"}],"about":[{"href":"https:\/\/whitelip.com\/sk\/wp-json\/wp\/v2\/types\/product"}],"replies":[{"embeddable":true,"href":"https:\/\/whitelip.com\/sk\/wp-json\/wp\/v2\/comments?post=10431"}],"wp:featuredmedia":[{"embeddable":true,"href":"https:\/\/whitelip.com\/sk\/wp-json\/wp\/v2\/media\/10432"}],"wp:attachment":[{"href":"https:\/\/whitelip.com\/sk\/wp-json\/wp\/v2\/media?parent=10431"}],"wp:term":[{"taxonomy":"product_brand","embeddable":true,"href":"https:\/\/whitelip.com\/sk\/wp-json\/wp\/v2\/product_brand?post=10431"},{"taxonomy":"product_cat","embeddable":true,"href":"https:\/\/whitelip.com\/sk\/wp-json\/wp\/v2\/product_cat?post=10431"},{"taxonomy":"product_tag","embeddable":true,"href":"https:\/\/whitelip.com\/sk\/wp-json\/wp\/v2\/product_tag?post=10431"},{"taxonomy":"flavours","embeddable":true,"href":"https:\/\/whitelip.com\/sk\/wp-json\/wp\/v2\/flavours?post=10431"},{"taxonomy":"format","embeddable":true,"href":"https:\/\/whitelip.com\/sk\/wp-json\/wp\/v2\/format?post=10431"},{"taxonomy":"nicotine","embeddable":true,"href":"https:\/\/whitelip.com\/sk\/wp-json\/wp\/v2\/nicotine?post=10431"}],"curies":[{"name":"wp","href":"https:\/\/api.w.org\/{rel}","templated":true}]}}