{"id":10406,"date":"2025-04-16T12:27:54","date_gmt":"2025-04-16T12:27:54","guid":{"rendered":"https:\/\/whitelip.com\/pablo-exclusive-liquorice-50mg\/"},"modified":"2026-04-17T09:18:52","modified_gmt":"2026-04-17T09:18:52","slug":"pablo-exclusive-liquorice-50mg","status":"publish","type":"product","link":"https:\/\/whitelip.com\/sk\/pablo\/pablo-exclusive-liquorice-50mg\/","title":{"rendered":"PABLO Exclusive sladk\u00e9 drievko 50 mg"},"content":{"rendered":"<h2><strong>PABLO Exclusive sladk\u00e9 drievko 50 mg<\/strong><\/h2>\n<p class=\"\" data-start=\"100\" data-end=\"587\">Vrec\u00fa\u0161ka PABLO Exclusive Liquorice 50 mg nikot\u00ednu prin\u00e1\u0161aj\u00fa odv\u00e1\u017eny a intenz\u00edvny chu\u0165ov\u00fd z\u00e1\u017eitok, ktor\u00fd kombinuje v\u00fdrazn\u00fa chu\u0165 bohatej sladk\u00e9ho drievka so siln\u00fdm nikot\u00ednov\u00fdm \u00fa\u010dinkom. Tieto tenk\u00e9 vrec\u00fa\u0161ka bez tabaku, ur\u010den\u00e9 pre sk\u00fasen\u00fdch u\u017e\u00edvate\u013eov, pon\u00fakaj\u00fa mimoriadne siln\u00fd obsah nikot\u00ednu 50 mg\/g pre r\u00fdchly a dlhotrvaj\u00faci \u00fa\u010dinok. Diskr\u00e9tny form\u00e1t sa pohodlne zmest\u00ed pod pery, tak\u017ee si ho m\u00f4\u017eete vychutna\u0165 kdeko\u013evek a kedyko\u013evek. PABLO Exclusive Liquorice je o silnej chuti, vysokom \u00fa\u010dinku a \u017eiadnych kompromisoch.<\/p>\n<table>\n<tbody>\n<tr>\n<td><b>Atrib\u00fat<\/b><\/td>\n<td><b>Podrobnosti<\/b><\/td>\n<\/tr>\n<tr>\n<td><b>Obsah na plechovku<\/b><\/td>\n<td><span style=\"font-weight: 400;\">15 g (20 vrec\u00fa\u0161ok)<\/span><\/td>\n<\/tr>\n<tr>\n<td><b>Obsah nikot\u00ednu<\/b><\/td>\n<td><span style=\"font-weight: 400;\">50 mg\/g (30 mg na vrecko)<\/span><\/td>\n<\/tr>\n<tr>\n<td><b>Form\u00e1t vrecka<\/b><\/td>\n<td><span style=\"font-weight: 400;\">Slim<\/span><\/td>\n<\/tr>\n<tr>\n<td><b>V\u00fdrobca<\/b><\/td>\n<td><span style=\"font-weight: 400;\">Imp\u00e9rium N.G.P<\/span><\/td>\n<\/tr>\n<tr>\n<td><b>Pr\u00edchu\u0165<\/b><\/td>\n<td><span style=\"font-weight: 400;\">Liekore\u0148<\/span><\/td>\n<\/tr>\n<tr>\n<td><b>Typ<\/b><\/td>\n<td><span style=\"font-weight: 400;\">Celobiele vrecko, bez tabaku<\/span><\/td>\n<\/tr>\n<\/tbody>\n<\/table>","protected":false},"excerpt":{"rendered":"<p>Vrec\u00fa\u0161ka PABLO Exclusive Liquorice 50 mg nikot\u00ednu poskytuj\u00fa bohat\u00fa, intenz\u00edvnu <strong data-start=\"72\" data-end=\"85\">Liekore\u0148<\/strong> pr\u00edchu\u0165 so siln\u00fdm kopancom. <strong data-start=\"115\" data-end=\"123\">Slim<\/strong>, beztabakov\u00fd form\u00e1t pre diskr\u00e9tny komfort a r\u00fdchly, trval\u00fd \u00fa\u010dinok. Ka\u017ed\u00e9 vrecko obsahuje <strong data-start=\"212\" data-end=\"232\">30 mg nikot\u00ednu<\/strong>.<\/p>","protected":false},"featured_media":10407,"comment_status":"open","ping_status":"closed","template":"","format":[206],"meta":{"_acf_changed":false},"product_brand":[],"product_cat":[44],"product_tag":[16605],"flavours":[198],"nicotine":[226,233],"class_list":{"0":"post-10406","1":"product","2":"type-product","3":"status-publish","4":"has-post-thumbnail","6":"product_cat-pablo","7":"product_tag-30-mg-pouch","8":"pa_quantity-1-pack","9":"pa_quantity-10-pack","10":"pa_quantity-3-pack","11":"pa_quantity-30-pack","12":"pa_quantity-5-pack","13":"pa_quantity-60-pack","14":"flavours-licorice","15":"format-slim","16":"nicotine-50-mg-g","17":"nicotine-extreme","19":"first","20":"outofstock","21":"taxable","22":"shipping-taxable","23":"purchasable","24":"product-type-variable","25":"has-default-attributes"},"acf":[],"_links":{"self":[{"href":"https:\/\/whitelip.com\/sk\/wp-json\/wp\/v2\/product\/10406","targetHints":{"allow":["GET"]}}],"collection":[{"href":"https:\/\/whitelip.com\/sk\/wp-json\/wp\/v2\/product"}],"about":[{"href":"https:\/\/whitelip.com\/sk\/wp-json\/wp\/v2\/types\/product"}],"replies":[{"embeddable":true,"href":"https:\/\/whitelip.com\/sk\/wp-json\/wp\/v2\/comments?post=10406"}],"wp:featuredmedia":[{"embeddable":true,"href":"https:\/\/whitelip.com\/sk\/wp-json\/wp\/v2\/media\/10407"}],"wp:attachment":[{"href":"https:\/\/whitelip.com\/sk\/wp-json\/wp\/v2\/media?parent=10406"}],"wp:term":[{"taxonomy":"product_brand","embeddable":true,"href":"https:\/\/whitelip.com\/sk\/wp-json\/wp\/v2\/product_brand?post=10406"},{"taxonomy":"product_cat","embeddable":true,"href":"https:\/\/whitelip.com\/sk\/wp-json\/wp\/v2\/product_cat?post=10406"},{"taxonomy":"product_tag","embeddable":true,"href":"https:\/\/whitelip.com\/sk\/wp-json\/wp\/v2\/product_tag?post=10406"},{"taxonomy":"flavours","embeddable":true,"href":"https:\/\/whitelip.com\/sk\/wp-json\/wp\/v2\/flavours?post=10406"},{"taxonomy":"format","embeddable":true,"href":"https:\/\/whitelip.com\/sk\/wp-json\/wp\/v2\/format?post=10406"},{"taxonomy":"nicotine","embeddable":true,"href":"https:\/\/whitelip.com\/sk\/wp-json\/wp\/v2\/nicotine?post=10406"}],"curies":[{"name":"wp","href":"https:\/\/api.w.org\/{rel}","templated":true}]}}