{"id":10401,"date":"2025-04-16T12:25:35","date_gmt":"2025-04-16T12:25:35","guid":{"rendered":"https:\/\/whitelip.com\/killa-freeze-gold\/"},"modified":"2026-05-12T10:11:41","modified_gmt":"2026-05-12T10:11:41","slug":"killa-freeze-gold","status":"publish","type":"product","link":"https:\/\/whitelip.com\/sk\/killa\/killa-freeze-gold\/","title":{"rendered":"KILLA Freeze Gold"},"content":{"rendered":"<h2><strong>KILLA Freeze Gold<\/strong><\/h2>\n<p class=\"\" data-start=\"100\" data-end=\"587\">Nikot\u00ednov\u00e9 vrec\u00fa\u0161ka KILLA Freeze Gold prin\u00e1\u0161aj\u00fa intenz\u00edvny chladiv\u00fd pocit spojen\u00fd so siln\u00fdm nikot\u00ednov\u00fdm \u00fa\u010dinkom. T\u00e1to odv\u00e1\u017ena zmes ur\u010den\u00e1 pre sk\u00fasen\u00fdch pou\u017e\u00edvate\u013eov prin\u00e1\u0161a \u013eadov\u00fa svie\u017eos\u0165, ktor\u00e1 silno zasiahne a dlho vydr\u017e\u00ed. V\u010faka svojmu \u0161t\u00edhlemu form\u00e1tu bez tabaku pon\u00faka Freeze Gold \u010dist\u00fd a diskr\u00e9tny sp\u00f4sob, ako si vychutna\u0165 vysoko\u00fa\u010dinn\u00e9 vrec\u00fa\u0161ko - ide\u00e1lne pre t\u00fdch, ktor\u00ed t\u00fa\u017eia po poriadnej intenzite bez kompromisov.<\/p>\n<table>\n<tbody>\n<tr>\n<td><b>Atrib\u00fat<\/b><\/td>\n<td><b>Podrobnosti<\/b><\/td>\n<\/tr>\n<tr>\n<td><b>Obsah na plechovku<\/b><\/td>\n<td><span style=\"font-weight: 400;\">16 g (20 vrec\u00fa\u0161ok)<\/span><\/td>\n<\/tr>\n<tr>\n<td><b>Obsah nikot\u00ednu<\/b><\/td>\n<td><span style=\"font-weight: 400;\">16 mg\/g (12,8 mg na vrecko)<\/span><\/td>\n<\/tr>\n<tr>\n<td><b>Form\u00e1t vrecka<\/b><\/td>\n<td><span style=\"font-weight: 400;\">Slim<\/span><\/td>\n<\/tr>\n<tr>\n<td><b>V\u00fdrobca<\/b><\/td>\n<td><span style=\"font-weight: 400;\">R\u00ed\u0161a NGP<\/span><\/td>\n<\/tr>\n<tr>\n<td><b>Pr\u00edchu\u0165<\/b><\/td>\n<td><span style=\"font-weight: 400;\">Freeze (Siln\u00fd mentol, \u013eadovo chladn\u00fd)<\/span><\/td>\n<\/tr>\n<tr>\n<td><b>Typ<\/b><\/td>\n<td><span style=\"font-weight: 400;\">Celobiele vrecko, bez tabaku<\/span><\/td>\n<\/tr>\n<\/tbody>\n<\/table>","protected":false},"excerpt":{"rendered":"<p>Intenz\u00edvne, \u013eadov\u00e9 <strong data-start=\"13\" data-end=\"28\">Zmrazi\u0165 zlato<\/strong> so siln\u00fdm a dlhotrvaj\u00facim \u00fa\u010dinkom. <strong data-start=\"65\" data-end=\"73\">Slim<\/strong>, vrec\u00fa\u0161ka bez tabaku sa diskr\u00e9tne zmestia pod peru na \u010dist\u00e9, vysoko odoln\u00e9 pou\u017eitie. Ka\u017ed\u00e9 vrecko obsahuje <strong data-start=\"175\" data-end=\"195\">12,8 mg nikot\u00ednu<\/strong> pre v\u00e1\u017enu intenzitu bez kompromisov.<\/p>","protected":false},"featured_media":10402,"comment_status":"open","ping_status":"closed","template":"","format":[206],"meta":{"_acf_changed":false},"product_brand":[],"product_cat":[64],"product_tag":[16676],"flavours":[199],"nicotine":[213,232],"class_list":{"0":"post-10401","1":"product","2":"type-product","3":"status-publish","4":"has-post-thumbnail","6":"product_cat-killa","7":"product_tag-12-8-mg-pouch","8":"pa_quantity-1-pack","9":"pa_quantity-10-pack","10":"pa_quantity-3-pack","11":"pa_quantity-30-pack","12":"pa_quantity-5-pack","13":"pa_quantity-60-pack","14":"flavours-mint","15":"format-slim","16":"nicotine-16-mg-g","17":"nicotine-extra-strong","19":"first","20":"outofstock","21":"taxable","22":"shipping-taxable","23":"purchasable","24":"product-type-variable","25":"has-default-attributes"},"acf":[],"_links":{"self":[{"href":"https:\/\/whitelip.com\/sk\/wp-json\/wp\/v2\/product\/10401","targetHints":{"allow":["GET"]}}],"collection":[{"href":"https:\/\/whitelip.com\/sk\/wp-json\/wp\/v2\/product"}],"about":[{"href":"https:\/\/whitelip.com\/sk\/wp-json\/wp\/v2\/types\/product"}],"replies":[{"embeddable":true,"href":"https:\/\/whitelip.com\/sk\/wp-json\/wp\/v2\/comments?post=10401"}],"wp:featuredmedia":[{"embeddable":true,"href":"https:\/\/whitelip.com\/sk\/wp-json\/wp\/v2\/media\/10402"}],"wp:attachment":[{"href":"https:\/\/whitelip.com\/sk\/wp-json\/wp\/v2\/media?parent=10401"}],"wp:term":[{"taxonomy":"product_brand","embeddable":true,"href":"https:\/\/whitelip.com\/sk\/wp-json\/wp\/v2\/product_brand?post=10401"},{"taxonomy":"product_cat","embeddable":true,"href":"https:\/\/whitelip.com\/sk\/wp-json\/wp\/v2\/product_cat?post=10401"},{"taxonomy":"product_tag","embeddable":true,"href":"https:\/\/whitelip.com\/sk\/wp-json\/wp\/v2\/product_tag?post=10401"},{"taxonomy":"flavours","embeddable":true,"href":"https:\/\/whitelip.com\/sk\/wp-json\/wp\/v2\/flavours?post=10401"},{"taxonomy":"format","embeddable":true,"href":"https:\/\/whitelip.com\/sk\/wp-json\/wp\/v2\/format?post=10401"},{"taxonomy":"nicotine","embeddable":true,"href":"https:\/\/whitelip.com\/sk\/wp-json\/wp\/v2\/nicotine?post=10401"}],"curies":[{"name":"wp","href":"https:\/\/api.w.org\/{rel}","templated":true}]}}