{"id":10396,"date":"2025-04-16T12:25:38","date_gmt":"2025-04-16T12:25:38","guid":{"rendered":"https:\/\/whitelip.com\/killa-glogg\/"},"modified":"2026-04-22T10:11:39","modified_gmt":"2026-04-22T10:11:39","slug":"killa-glogg","status":"publish","type":"product","link":"https:\/\/whitelip.com\/sk\/killa\/killa-glogg\/","title":{"rendered":"KILLA Gl\u00f6gg"},"content":{"rendered":"<h2><strong>KILLA Gl\u00f6gg<\/strong><\/h2>\n<p class=\"\" data-start=\"100\" data-end=\"587\">Nikot\u00ednov\u00e9 vrec\u00fa\u0161ka KILLA Gl\u00f6gg zachyt\u00e1vaj\u00fa \u00fatuln\u00fa, korenist\u00fa esenciu tradi\u010dn\u00e9ho \u0161kandin\u00e1vskeho varen\u00e9ho v\u00edna. T\u00e1to jedine\u010dn\u00e1 pr\u00edchu\u0165 s tepl\u00fdmi t\u00f3nmi lesn\u00fdch plodov, klin\u010dekov a n\u00e1znakom \u0161korice prin\u00e1\u0161a sl\u00e1vnostn\u00fd n\u00e1dych spolu so siln\u00fdm nikot\u00ednov\u00fdm z\u00e1\u017eitkom. Tieto tenk\u00e9 vrec\u00fa\u0161ka bez tabaku s\u00fa ide\u00e1lne na chladnej\u0161ie ro\u010dn\u00e9 obdobia - alebo kedyko\u013evek, ke\u010f chcete ochutna\u0165 sviato\u010dn\u00fa atmosf\u00e9ru - a pon\u00fakaj\u00fa diskr\u00e9tny a aromatick\u00fd sp\u00f4sob, ako si vychutna\u0165 nikot\u00edn bez dymu.<\/p>\n<table>\n<tbody>\n<tr>\n<td><b>Atrib\u00fat<\/b><\/td>\n<td><b>Podrobnosti<\/b><\/td>\n<\/tr>\n<tr>\n<td><b>Obsah na plechovku<\/b><\/td>\n<td><span style=\"font-weight: 400;\">16 g (20 vrec\u00fa\u0161ok)<\/span><\/td>\n<\/tr>\n<tr>\n<td><b>Obsah nikot\u00ednu<\/b><\/td>\n<td><span style=\"font-weight: 400;\">16 mg\/g (12,8 mg na vrecko)<\/span><\/td>\n<\/tr>\n<tr>\n<td><b>Form\u00e1t vrecka<\/b><\/td>\n<td><span style=\"font-weight: 400;\">Slim<\/span><\/td>\n<\/tr>\n<tr>\n<td><b>V\u00fdrobca<\/b><\/td>\n<td><span style=\"font-weight: 400;\">R\u00ed\u0161a NGP<\/span><\/td>\n<\/tr>\n<tr>\n<td><b>Pr\u00edchu\u0165<\/b><\/td>\n<td><span style=\"font-weight: 400;\">Gl\u00f6gg (Varen\u00e9 v\u00edna, korenia)<\/span><\/td>\n<\/tr>\n<tr>\n<td><b>Typ<\/b><\/td>\n<td><span style=\"font-weight: 400;\">Celobiele vrecko, bez tabaku<\/span><\/td>\n<\/tr>\n<\/tbody>\n<\/table>","protected":false},"excerpt":{"rendered":"<p>\u00datuln\u00e9, korenen\u00e9 <strong data-start=\"13\" data-end=\"22\">gl\u00f6gg<\/strong> s tepl\u00fdmi t\u00f3nmi lesn\u00e9ho ovocia, klin\u010dekov a n\u00e1znakom \u0161korice pre sl\u00e1vnostn\u00fd n\u00e1dych. <strong data-start=\"103\" data-end=\"111\">Slim<\/strong>, vrec\u00fa\u0161ka bez tabaku sa diskr\u00e9tne umiestnia pod pery a poskytuj\u00fa aromatick\u00fd, siln\u00fd nikot\u00ednov\u00fd z\u00e1\u017eitok bez dymu.<\/p>","protected":false},"featured_media":3381,"comment_status":"open","ping_status":"closed","template":"","format":[206],"meta":{"_acf_changed":false},"product_brand":[],"product_cat":[64],"product_tag":[16676],"flavours":[200],"nicotine":[213,232],"class_list":{"0":"post-10396","1":"product","2":"type-product","3":"status-publish","4":"has-post-thumbnail","6":"product_cat-killa","7":"product_tag-12-8-mg-pouch","8":"pa_quantity-1-pack","9":"pa_quantity-10-pack","10":"pa_quantity-3-pack","11":"pa_quantity-30-pack","12":"pa_quantity-5-pack","13":"pa_quantity-60-pack","14":"flavours-spices","15":"format-slim","16":"nicotine-16-mg-g","17":"nicotine-extra-strong","19":"first","20":"outofstock","21":"taxable","22":"shipping-taxable","23":"purchasable","24":"product-type-variable"},"acf":[],"_links":{"self":[{"href":"https:\/\/whitelip.com\/sk\/wp-json\/wp\/v2\/product\/10396","targetHints":{"allow":["GET"]}}],"collection":[{"href":"https:\/\/whitelip.com\/sk\/wp-json\/wp\/v2\/product"}],"about":[{"href":"https:\/\/whitelip.com\/sk\/wp-json\/wp\/v2\/types\/product"}],"replies":[{"embeddable":true,"href":"https:\/\/whitelip.com\/sk\/wp-json\/wp\/v2\/comments?post=10396"}],"wp:featuredmedia":[{"embeddable":true,"href":"https:\/\/whitelip.com\/sk\/wp-json\/wp\/v2\/media\/3381"}],"wp:attachment":[{"href":"https:\/\/whitelip.com\/sk\/wp-json\/wp\/v2\/media?parent=10396"}],"wp:term":[{"taxonomy":"product_brand","embeddable":true,"href":"https:\/\/whitelip.com\/sk\/wp-json\/wp\/v2\/product_brand?post=10396"},{"taxonomy":"product_cat","embeddable":true,"href":"https:\/\/whitelip.com\/sk\/wp-json\/wp\/v2\/product_cat?post=10396"},{"taxonomy":"product_tag","embeddable":true,"href":"https:\/\/whitelip.com\/sk\/wp-json\/wp\/v2\/product_tag?post=10396"},{"taxonomy":"flavours","embeddable":true,"href":"https:\/\/whitelip.com\/sk\/wp-json\/wp\/v2\/flavours?post=10396"},{"taxonomy":"format","embeddable":true,"href":"https:\/\/whitelip.com\/sk\/wp-json\/wp\/v2\/format?post=10396"},{"taxonomy":"nicotine","embeddable":true,"href":"https:\/\/whitelip.com\/sk\/wp-json\/wp\/v2\/nicotine?post=10396"}],"curies":[{"name":"wp","href":"https:\/\/api.w.org\/{rel}","templated":true}]}}