{"id":10371,"date":"2025-04-16T12:25:44","date_gmt":"2025-04-16T12:25:44","guid":{"rendered":"https:\/\/whitelip.com\/killa-cappuccino\/"},"modified":"2026-04-22T10:11:39","modified_gmt":"2026-04-22T10:11:39","slug":"killa-cappuccino","status":"publish","type":"product","link":"https:\/\/whitelip.com\/sk\/killa\/killa-cappuccino\/","title":{"rendered":"KILLA Cappuccino"},"content":{"rendered":"<h2><strong>KILLA Cappuccino<\/strong><\/h2>\n<p class=\"\" data-start=\"100\" data-end=\"587\">Nikot\u00ednov\u00e9 vrec\u00fa\u0161ka KILLA Cappuccino prin\u00e1\u0161aj\u00fa bohat\u00fd a jemn\u00fd z\u00e1\u017eitok z k\u00e1vy, v ktorej sa mie\u0161a kr\u00e9mov\u00e1 chu\u0165 cappuccina s poriadnym d\u00e1vkovan\u00edm nikot\u00ednu. Tieto vrec\u00fa\u0161ka bez tabaku s\u00fa ide\u00e1lne pre milovn\u00edkov k\u00e1vy, ktor\u00ed chc\u00fa svoju ob\u013e\u00faben\u00fa chu\u0165 na cest\u00e1ch, a pon\u00fakaj\u00fa diskr\u00e9tnu a uspokojuj\u00facu alternat\u00edvu k tradi\u010dn\u00fdm nikot\u00ednov\u00fdm v\u00fdrobkom. \u0160t\u00edhly form\u00e1t zaru\u010duje pohodln\u00e9 ulo\u017eenie pod perou a pri ka\u017edom pou\u017eit\u00ed uvo\u013e\u0148uje tepl\u00fa, p\u00f4\u017eitk\u00e1rsku chu\u0165 - bez dymu, bez rozruchu, len s odv\u00e1\u017enymi vibr\u00e1ciami k\u00e1vy.<\/p>\n<table>\n<tbody>\n<tr>\n<td><b>Atrib\u00fat<\/b><\/td>\n<td><b>Podrobnosti<\/b><\/td>\n<\/tr>\n<tr>\n<td><b>Obsah na plechovku<\/b><\/td>\n<td><span style=\"font-weight: 400;\">16 g (20 vrec\u00fa\u0161ok)<\/span><\/td>\n<\/tr>\n<tr>\n<td><b>Obsah nikot\u00ednu<\/b><\/td>\n<td><span style=\"font-weight: 400;\">16 mg\/g (12,8 mg na vrecko)<\/span><\/td>\n<\/tr>\n<tr>\n<td><b>Form\u00e1t vrecka<\/b><\/td>\n<td><span style=\"font-weight: 400;\">Slim<\/span><\/td>\n<\/tr>\n<tr>\n<td><b>V\u00fdrobca<\/b><\/td>\n<td><span style=\"font-weight: 400;\">R\u00ed\u0161a NGP<\/span><\/td>\n<\/tr>\n<tr>\n<td><b>Pr\u00edchu\u0165<\/b><\/td>\n<td><span style=\"font-weight: 400;\">Cappuccino<\/span><\/td>\n<\/tr>\n<tr>\n<td><b>Typ<\/b><\/td>\n<td><span style=\"font-weight: 400;\">Celobiele vrecko, bez tabaku<\/span><\/td>\n<\/tr>\n<\/tbody>\n<\/table>","protected":false},"excerpt":{"rendered":"<p>Bohat\u00fd, hladk\u00fd <strong data-start=\"13\" data-end=\"27\">cappuccino<\/strong> s kr\u00e9mov\u00fdmi t\u00f3nmi k\u00e1vy a siln\u00fdm kopancom. <strong data-start=\"71\" data-end=\"79\">Slim<\/strong>, beztabakov\u00e9 vrec\u00fa\u0161ka sa diskr\u00e9tne umiestnia pod pery, aby ste si na cest\u00e1ch mohli vychutna\u0165 hrejiv\u00fa, p\u00f4\u017eitk\u00e1rsku chu\u0165. Ka\u017ed\u00e9 vrec\u00fa\u0161ko obsahuje <strong data-start=\"189\" data-end=\"209\">12,8 mg nikot\u00ednu<\/strong> pre siln\u00fd a uspokojiv\u00fd z\u00e1\u017eitok.<\/p>","protected":false},"featured_media":10372,"comment_status":"open","ping_status":"closed","template":"","format":[206],"meta":{"_acf_changed":false},"product_brand":[],"product_cat":[64],"product_tag":[16676],"flavours":[192],"nicotine":[213,232],"class_list":{"0":"post-10371","1":"product","2":"type-product","3":"status-publish","4":"has-post-thumbnail","6":"product_cat-killa","7":"product_tag-12-8-mg-pouch","8":"pa_quantity-1-pack","9":"pa_quantity-10-pack","10":"pa_quantity-3-pack","11":"pa_quantity-30-pack","12":"pa_quantity-5-pack","13":"pa_quantity-60-pack","14":"flavours-coffee","15":"format-slim","16":"nicotine-16-mg-g","17":"nicotine-extra-strong","19":"first","20":"outofstock","21":"taxable","22":"shipping-taxable","23":"purchasable","24":"product-type-variable"},"acf":[],"_links":{"self":[{"href":"https:\/\/whitelip.com\/sk\/wp-json\/wp\/v2\/product\/10371","targetHints":{"allow":["GET"]}}],"collection":[{"href":"https:\/\/whitelip.com\/sk\/wp-json\/wp\/v2\/product"}],"about":[{"href":"https:\/\/whitelip.com\/sk\/wp-json\/wp\/v2\/types\/product"}],"replies":[{"embeddable":true,"href":"https:\/\/whitelip.com\/sk\/wp-json\/wp\/v2\/comments?post=10371"}],"wp:featuredmedia":[{"embeddable":true,"href":"https:\/\/whitelip.com\/sk\/wp-json\/wp\/v2\/media\/10372"}],"wp:attachment":[{"href":"https:\/\/whitelip.com\/sk\/wp-json\/wp\/v2\/media?parent=10371"}],"wp:term":[{"taxonomy":"product_brand","embeddable":true,"href":"https:\/\/whitelip.com\/sk\/wp-json\/wp\/v2\/product_brand?post=10371"},{"taxonomy":"product_cat","embeddable":true,"href":"https:\/\/whitelip.com\/sk\/wp-json\/wp\/v2\/product_cat?post=10371"},{"taxonomy":"product_tag","embeddable":true,"href":"https:\/\/whitelip.com\/sk\/wp-json\/wp\/v2\/product_tag?post=10371"},{"taxonomy":"flavours","embeddable":true,"href":"https:\/\/whitelip.com\/sk\/wp-json\/wp\/v2\/flavours?post=10371"},{"taxonomy":"format","embeddable":true,"href":"https:\/\/whitelip.com\/sk\/wp-json\/wp\/v2\/format?post=10371"},{"taxonomy":"nicotine","embeddable":true,"href":"https:\/\/whitelip.com\/sk\/wp-json\/wp\/v2\/nicotine?post=10371"}],"curies":[{"name":"wp","href":"https:\/\/api.w.org\/{rel}","templated":true}]}}