{"id":10366,"date":"2025-04-16T12:25:46","date_gmt":"2025-04-16T12:25:46","guid":{"rendered":"https:\/\/whitelip.com\/killa-gingerbread\/"},"modified":"2026-04-21T10:11:33","modified_gmt":"2026-04-21T10:11:33","slug":"killa-gingerbread","status":"publish","type":"product","link":"https:\/\/whitelip.com\/sk\/killa\/killa-gingerbread\/","title":{"rendered":"KILLA Gingerbread"},"content":{"rendered":"<h2><strong>KILLA Gingerbread<\/strong><\/h2>\n<p class=\"\" data-start=\"100\" data-end=\"587\">Nikot\u00ednov\u00e9 vrec\u00fa\u0161ka KILLA Gingerbread prin\u00e1\u0161aj\u00fa odv\u00e1\u017eny zvrat do va\u0161ej rutiny s teplou, korenistou pern\u00edkovou pr\u00edchu\u0165ou, ktor\u00e1 je v\u0161etko, len nie oby\u010dajn\u00e1. Tieto vrec\u00fa\u0161ka s\u00fa ide\u00e1lne pre t\u00fdch, ktor\u00ed t\u00fa\u017eia po nie\u010dom inom, a sp\u00e1jaj\u00fa v sebe pr\u00edjemn\u00fa sladkos\u0165 so siln\u00fdm nikot\u00ednov\u00fdm n\u00e1bojom. Neobsahuj\u00fa tabak a s\u00fa navrhnut\u00e9 v tenkom form\u00e1te, tak\u017ee pon\u00fakaj\u00fa diskr\u00e9tny a aromatick\u00fd sp\u00f4sob, ako si vychutna\u0165 nikot\u00ednov\u00e9 vrec\u00fa\u0161ka. \u010ci u\u017e je sviato\u010dn\u00e9 obdobie alebo len \u010fal\u0161\u00ed de\u0148, KILLA Gingerbread prin\u00e1\u0161a pohodlie a intenzitu v jednom jedine\u010dnom vrec\u00fa\u0161ku.<\/p>\n<table>\n<tbody>\n<tr>\n<td><b>Atrib\u00fat<\/b><\/td>\n<td><b>Podrobnosti<\/b><\/td>\n<\/tr>\n<tr>\n<td><b>Obsah na plechovku<\/b><\/td>\n<td><span style=\"font-weight: 400;\">16 g (20 vrec\u00fa\u0161ok)<\/span><\/td>\n<\/tr>\n<tr>\n<td><b>Obsah nikot\u00ednu<\/b><\/td>\n<td><span style=\"font-weight: 400;\">16 mg\/g (12,8 mg na vrecko)<\/span><\/td>\n<\/tr>\n<tr>\n<td><b>Form\u00e1t vrecka<\/b><\/td>\n<td><span style=\"font-weight: 400;\">Slim<\/span><\/td>\n<\/tr>\n<tr>\n<td><b>V\u00fdrobca<\/b><\/td>\n<td><span style=\"font-weight: 400;\">R\u00ed\u0161a NGP<\/span><\/td>\n<\/tr>\n<tr>\n<td><b>Pr\u00edchu\u0165<\/b><\/td>\n<td><span style=\"font-weight: 400;\">Pern\u00edk<\/span><\/td>\n<\/tr>\n<tr>\n<td><b>Typ<\/b><\/td>\n<td><span style=\"font-weight: 400;\">Celobiele vrecko, bez tabaku<\/span><\/td>\n<\/tr>\n<\/tbody>\n<\/table>","protected":false},"excerpt":{"rendered":"<p>Tepl\u00e9, korenen\u00e9 <strong data-start=\"13\" data-end=\"28\">pern\u00edk<\/strong> s \u00fatulnou sladkos\u0165ou a <strong data-start=\"55\" data-end=\"79\">siln\u00fd nikot\u00ednov\u00fd \u0161ok<\/strong>. <strong data-start=\"81\" data-end=\"89\">Slim<\/strong>, vrec\u00fa\u0161ka bez tabaku sa diskr\u00e9tne umiestnia pod peru, aby sa dali pou\u017e\u00edva\u0165 \u010disto a s chu\u0165ou. Ide\u00e1lne na v\u00fdrazn\u00e9 sez\u00f3nne spestrenie kedyko\u013evek.<\/p>","protected":false},"featured_media":10367,"comment_status":"open","ping_status":"closed","template":"","format":[206],"meta":{"_acf_changed":false},"product_brand":[],"product_cat":[64],"product_tag":[16676],"flavours":[197],"nicotine":[213,232],"class_list":{"0":"post-10366","1":"product","2":"type-product","3":"status-publish","4":"has-post-thumbnail","6":"product_cat-killa","7":"product_tag-12-8-mg-pouch","8":"pa_quantity-1-pack","9":"pa_quantity-10-pack","10":"pa_quantity-3-pack","11":"pa_quantity-30-pack","12":"pa_quantity-5-pack","13":"pa_quantity-60-pack","14":"flavours-ginger","15":"format-slim","16":"nicotine-16-mg-g","17":"nicotine-extra-strong","19":"first","20":"outofstock","21":"taxable","22":"shipping-taxable","23":"purchasable","24":"product-type-variable"},"acf":[],"_links":{"self":[{"href":"https:\/\/whitelip.com\/sk\/wp-json\/wp\/v2\/product\/10366","targetHints":{"allow":["GET"]}}],"collection":[{"href":"https:\/\/whitelip.com\/sk\/wp-json\/wp\/v2\/product"}],"about":[{"href":"https:\/\/whitelip.com\/sk\/wp-json\/wp\/v2\/types\/product"}],"replies":[{"embeddable":true,"href":"https:\/\/whitelip.com\/sk\/wp-json\/wp\/v2\/comments?post=10366"}],"wp:featuredmedia":[{"embeddable":true,"href":"https:\/\/whitelip.com\/sk\/wp-json\/wp\/v2\/media\/10367"}],"wp:attachment":[{"href":"https:\/\/whitelip.com\/sk\/wp-json\/wp\/v2\/media?parent=10366"}],"wp:term":[{"taxonomy":"product_brand","embeddable":true,"href":"https:\/\/whitelip.com\/sk\/wp-json\/wp\/v2\/product_brand?post=10366"},{"taxonomy":"product_cat","embeddable":true,"href":"https:\/\/whitelip.com\/sk\/wp-json\/wp\/v2\/product_cat?post=10366"},{"taxonomy":"product_tag","embeddable":true,"href":"https:\/\/whitelip.com\/sk\/wp-json\/wp\/v2\/product_tag?post=10366"},{"taxonomy":"flavours","embeddable":true,"href":"https:\/\/whitelip.com\/sk\/wp-json\/wp\/v2\/flavours?post=10366"},{"taxonomy":"format","embeddable":true,"href":"https:\/\/whitelip.com\/sk\/wp-json\/wp\/v2\/format?post=10366"},{"taxonomy":"nicotine","embeddable":true,"href":"https:\/\/whitelip.com\/sk\/wp-json\/wp\/v2\/nicotine?post=10366"}],"curies":[{"name":"wp","href":"https:\/\/api.w.org\/{rel}","templated":true}]}}