{"id":10361,"date":"2025-04-16T12:25:47","date_gmt":"2025-04-16T12:25:47","guid":{"rendered":"https:\/\/whitelip.com\/killa-freeze-gold-large-portion-xxl\/"},"modified":"2026-04-29T10:11:16","modified_gmt":"2026-04-29T10:11:16","slug":"killa-freeze-gold-large-portion-xxl","status":"publish","type":"product","link":"https:\/\/whitelip.com\/sk\/killa\/killa-freeze-gold-large-portion-xxl\/","title":{"rendered":"KILLA Freeze Gold Ve\u013ek\u00e1 porcia XXL"},"content":{"rendered":"<h2><strong>KILLA Freeze Gold Ve\u013ek\u00e1 porcia XXL<\/strong><\/h2>\n<p class=\"\" data-start=\"100\" data-end=\"587\">KILLA Freeze Gold Large Portion XXL je navrhnut\u00e1 pre t\u00fdch, ktor\u00ed chc\u00fa iba \u0161pi\u010dkov\u00fa intenzitu. Nabit\u00e1 extr\u00e9mnym mno\u017estvom 16,5 mg nikot\u00ednu na gram \u2013 a na vrecko \u2013 tieto vreck\u00e1 bez tab\u00e1ku s\u00fa budovan\u00e9 pre sk\u00fasen\u00fdch pou\u017e\u00edvate\u013eov, ktor\u00ed t\u00fa\u017eia po v\u00fdkonnom, plnokrvnom z\u00e1\u017eitku. Ka\u017ed\u00e1 ve\u013ek\u00e1 such\u00e1 porcia poskytuje odv\u00e1\u017eny kopanec bez kompromisov, pri\u010dom si zachov\u00e1va diskr\u00e9tnos\u0165 a pohodlnos\u0165. Ak ste pripraven\u00ed na maxim\u00e1lne podanie nikot\u00ednu, KILLA Freeze Gold XXL poskytuje presne to, bez dymu, bez tab\u00e1ku, iba \u010dist\u00fd v\u00fdkon.<\/p>\n<table>\n<tbody>\n<tr>\n<td><b>Atrib\u00fat<\/b><\/td>\n<td><b>Podrobnosti<\/b><\/td>\n<\/tr>\n<tr>\n<td><b>Obsah na plechovku<\/b><\/td>\n<td><span style=\"font-weight: 400;\">24g (30 vrec\u00fa\u0161ok)<\/span><\/td>\n<\/tr>\n<tr>\n<td><b>Obsah nikot\u00ednu<\/b><\/td>\n<td><span style=\"font-weight: 400;\">16,5 mg\/g (16,5 mg na vrecko)<\/span><\/td>\n<\/tr>\n<tr>\n<td><b>Form\u00e1t vrecka<\/b><\/td>\n<td><span style=\"font-weight: 400;\">Ve\u013ek\u00e1 such\u00e1 porcia<\/span><\/td>\n<\/tr>\n<tr>\n<td><b>V\u00fdrobca<\/b><\/td>\n<td><span style=\"font-weight: 400;\">N.G.P. Empire<\/span><\/td>\n<\/tr>\n<tr>\n<td><b>Pr\u00edchu\u0165<\/b><\/td>\n<td><span style=\"font-weight: 400;\">Freeze (Intenz\u00edvne chladenie)<\/span><\/td>\n<\/tr>\n<tr>\n<td><b>Typ<\/b><\/td>\n<td><span style=\"font-weight: 400;\">Celobiele vrecko, bez tabaku<\/span><\/td>\n<\/tr>\n<\/tbody>\n<\/table>","protected":false},"excerpt":{"rendered":"<p>Extr\u00e9mne <strong data-start=\"8\" data-end=\"23\">Zmrazi\u0165 zlato<\/strong> intenzita pre sk\u00fasen\u00fdch pou\u017e\u00edvate\u013eov. <strong data-start=\"57\" data-end=\"82\">Ve\u013ek\u00e1 such\u00e1 porcia XXL<\/strong> beztabakov\u00e9 vrec\u00fa\u0161ka poskytuj\u00fa v\u00fdrazn\u00fd \u00fa\u010dinok a z\u00e1rove\u0148 s\u00fa diskr\u00e9tne a pohodln\u00e9. Ka\u017ed\u00e9 vrec\u00fa\u0161ko obsahuje <strong data-start=\"183\" data-end=\"203\">16,5 mg nikot\u00ednu<\/strong> (<strong data-start=\"205\" data-end=\"218\">16,5 mg\/g<\/strong>) a poskytuje siln\u00fd z\u00e1\u017eitok v plnej sile.<\/p>","protected":false},"featured_media":10362,"comment_status":"open","ping_status":"closed","template":"","format":[204],"meta":{"_acf_changed":false},"product_brand":[],"product_cat":[64],"product_tag":[16701],"flavours":[199],"nicotine":[213,232],"class_list":{"0":"post-10361","1":"product","2":"type-product","3":"status-publish","4":"has-post-thumbnail","6":"product_cat-killa","7":"product_tag-16-5-mg-pouch","8":"pa_quantity-1-pack","9":"pa_quantity-10-pack","10":"pa_quantity-3-pack","11":"pa_quantity-30-pack","12":"pa_quantity-5-pack","13":"pa_quantity-60-pack","14":"flavours-mint","15":"format-large","16":"nicotine-16-mg-g","17":"nicotine-extra-strong","19":"first","20":"outofstock","21":"taxable","22":"shipping-taxable","23":"purchasable","24":"product-type-variable"},"acf":[],"_links":{"self":[{"href":"https:\/\/whitelip.com\/sk\/wp-json\/wp\/v2\/product\/10361","targetHints":{"allow":["GET"]}}],"collection":[{"href":"https:\/\/whitelip.com\/sk\/wp-json\/wp\/v2\/product"}],"about":[{"href":"https:\/\/whitelip.com\/sk\/wp-json\/wp\/v2\/types\/product"}],"replies":[{"embeddable":true,"href":"https:\/\/whitelip.com\/sk\/wp-json\/wp\/v2\/comments?post=10361"}],"wp:featuredmedia":[{"embeddable":true,"href":"https:\/\/whitelip.com\/sk\/wp-json\/wp\/v2\/media\/10362"}],"wp:attachment":[{"href":"https:\/\/whitelip.com\/sk\/wp-json\/wp\/v2\/media?parent=10361"}],"wp:term":[{"taxonomy":"product_brand","embeddable":true,"href":"https:\/\/whitelip.com\/sk\/wp-json\/wp\/v2\/product_brand?post=10361"},{"taxonomy":"product_cat","embeddable":true,"href":"https:\/\/whitelip.com\/sk\/wp-json\/wp\/v2\/product_cat?post=10361"},{"taxonomy":"product_tag","embeddable":true,"href":"https:\/\/whitelip.com\/sk\/wp-json\/wp\/v2\/product_tag?post=10361"},{"taxonomy":"flavours","embeddable":true,"href":"https:\/\/whitelip.com\/sk\/wp-json\/wp\/v2\/flavours?post=10361"},{"taxonomy":"format","embeddable":true,"href":"https:\/\/whitelip.com\/sk\/wp-json\/wp\/v2\/format?post=10361"},{"taxonomy":"nicotine","embeddable":true,"href":"https:\/\/whitelip.com\/sk\/wp-json\/wp\/v2\/nicotine?post=10361"}],"curies":[{"name":"wp","href":"https:\/\/api.w.org\/{rel}","templated":true}]}}