{"id":10351,"date":"2025-04-16T12:25:50","date_gmt":"2025-04-16T12:25:50","guid":{"rendered":"https:\/\/whitelip.com\/killa-cold-dry-large-portion-xxl\/"},"modified":"2026-04-28T10:11:25","modified_gmt":"2026-04-28T10:11:25","slug":"killa-cold-dry-large-portion-xxl","status":"publish","type":"product","link":"https:\/\/whitelip.com\/sk\/killa\/killa-cold-dry-large-portion-xxl\/","title":{"rendered":"KILLA Cold Dry Ve\u013ek\u00e1 porcia XXL"},"content":{"rendered":"<h2><strong>KILLA Cold Dry Ve\u013ek\u00e1 porcia XXL<\/strong><\/h2>\n<p class=\"\" data-start=\"100\" data-end=\"587\">KILLA Cold Dry Large Portion XXL prin\u00e1\u0161a ostr\u00fa, \u013eadov\u00fa chu\u0165 s v\u00fdraznou zmesou m\u00e4ty a mentolu. Tieto vrec\u00fa\u0161ka bez nikot\u00ednu, vytvoren\u00e9 pre sk\u00fasen\u00fdch u\u017e\u00edvate\u013eov, poskytuj\u00fa siln\u00fd z\u00e1\u017eitok v suchom form\u00e1te, ktor\u00fd zintenz\u00edv\u0148uje uvo\u013e\u0148ovanie chuti a predl\u017euje trvanlivos\u0165. V\u00e4\u010d\u0161ie porcie maj\u00fa poriadnu silu, tak\u017ee s\u00fa ide\u00e1lne pre t\u00fdch, ktor\u00ed t\u00fa\u017eia po silnom nikot\u00ednovom z\u00e1sahu bez toho, aby museli robi\u0165 kompromisy v oblasti diskr\u00e9tnosti. S 30 vrec\u00fa\u0161kami v plechovke pon\u00faka ve\u013ekos\u0165 XXL viac toho, \u010do m\u00e1te radi - dlhotrvaj\u00face, intenz\u00edvne osvie\u017eenie v ka\u017edom vrec\u00fa\u0161ku.<\/p>\n<table>\n<tbody>\n<tr>\n<td><b>Atrib\u00fat<\/b><\/td>\n<td><b>Podrobnosti<\/b><\/td>\n<\/tr>\n<tr>\n<td><b>Obsah na plechovku<\/b><\/td>\n<td><span style=\"font-weight: 400;\">24g (30 vrec\u00fa\u0161ok)<\/span><\/td>\n<\/tr>\n<tr>\n<td><b>Obsah nikot\u00ednu<\/b><\/td>\n<td><span style=\"font-weight: 400;\">16 mg\/g (12,8 mg na vrecko)<\/span><\/td>\n<\/tr>\n<tr>\n<td><b>Form\u00e1t vrecka<\/b><\/td>\n<td><span style=\"font-weight: 400;\">Ve\u013ek\u00e1 such\u00e1 porcia<\/span><\/td>\n<\/tr>\n<tr>\n<td><b>V\u00fdrobca<\/b><\/td>\n<td><span style=\"font-weight: 400;\">N.G.P. Empire<\/span><\/td>\n<\/tr>\n<tr>\n<td><b>Pr\u00edchu\u0165<\/b><\/td>\n<td><span style=\"font-weight: 400;\">\u013dadov\u00e1 m\u00e4ta, mentol<\/span><\/td>\n<\/tr>\n<tr>\n<td><b>Typ<\/b><\/td>\n<td><span style=\"font-weight: 400;\">Celobiele vrecko, bez tabaku<\/span><\/td>\n<\/tr>\n<\/tbody>\n<\/table>","protected":false},"excerpt":{"rendered":"<p>Ostr\u00fd, \u013eadov\u00fd <strong data-start=\"16\" data-end=\"34\">m\u00e4ta a mentol<\/strong> pre intenz\u00edvny a osvie\u017euj\u00faci \u00fa\u010dinok. Bez tabaku <strong data-start=\"81\" data-end=\"102\">Ve\u013ek\u00e1 porcia XXL<\/strong> vrec\u00fa\u0161ka v <strong data-start=\"114\" data-end=\"128\">such\u00fd form\u00e1t<\/strong> pre silnej\u0161ie uvo\u013e\u0148ovanie a dlh\u0161iu trvanlivos\u0165, pri\u010dom sa st\u00e1le diskr\u00e9tne zmest\u00ed pod okraj. Ka\u017ed\u00e1 plechovka obsahuje <strong data-start=\"237\" data-end=\"251\">30 vreciek<\/strong> pre dlhotrvaj\u00face a siln\u00e9 uspokojenie.<\/p>","protected":false},"featured_media":10352,"comment_status":"open","ping_status":"closed","template":"","format":[204],"meta":{"_acf_changed":false},"product_brand":[],"product_cat":[64],"product_tag":[16676],"flavours":[199],"nicotine":[213,232],"class_list":{"0":"post-10351","1":"product","2":"type-product","3":"status-publish","4":"has-post-thumbnail","6":"product_cat-killa","7":"product_tag-12-8-mg-pouch","8":"pa_quantity-1-pack","9":"pa_quantity-10-pack","10":"pa_quantity-3-pack","11":"pa_quantity-30-pack","12":"pa_quantity-5-pack","13":"pa_quantity-60-pack","14":"flavours-mint","15":"format-large","16":"nicotine-16-mg-g","17":"nicotine-extra-strong","19":"first","20":"outofstock","21":"taxable","22":"shipping-taxable","23":"purchasable","24":"product-type-variable","25":"has-default-attributes"},"acf":[],"_links":{"self":[{"href":"https:\/\/whitelip.com\/sk\/wp-json\/wp\/v2\/product\/10351","targetHints":{"allow":["GET"]}}],"collection":[{"href":"https:\/\/whitelip.com\/sk\/wp-json\/wp\/v2\/product"}],"about":[{"href":"https:\/\/whitelip.com\/sk\/wp-json\/wp\/v2\/types\/product"}],"replies":[{"embeddable":true,"href":"https:\/\/whitelip.com\/sk\/wp-json\/wp\/v2\/comments?post=10351"}],"wp:featuredmedia":[{"embeddable":true,"href":"https:\/\/whitelip.com\/sk\/wp-json\/wp\/v2\/media\/10352"}],"wp:attachment":[{"href":"https:\/\/whitelip.com\/sk\/wp-json\/wp\/v2\/media?parent=10351"}],"wp:term":[{"taxonomy":"product_brand","embeddable":true,"href":"https:\/\/whitelip.com\/sk\/wp-json\/wp\/v2\/product_brand?post=10351"},{"taxonomy":"product_cat","embeddable":true,"href":"https:\/\/whitelip.com\/sk\/wp-json\/wp\/v2\/product_cat?post=10351"},{"taxonomy":"product_tag","embeddable":true,"href":"https:\/\/whitelip.com\/sk\/wp-json\/wp\/v2\/product_tag?post=10351"},{"taxonomy":"flavours","embeddable":true,"href":"https:\/\/whitelip.com\/sk\/wp-json\/wp\/v2\/flavours?post=10351"},{"taxonomy":"format","embeddable":true,"href":"https:\/\/whitelip.com\/sk\/wp-json\/wp\/v2\/format?post=10351"},{"taxonomy":"nicotine","embeddable":true,"href":"https:\/\/whitelip.com\/sk\/wp-json\/wp\/v2\/nicotine?post=10351"}],"curies":[{"name":"wp","href":"https:\/\/api.w.org\/{rel}","templated":true}]}}