{"id":10335,"date":"2025-04-10T12:49:29","date_gmt":"2025-04-10T12:49:29","guid":{"rendered":"https:\/\/whitelip.com\/kelly-white-strawberry-lime-mini\/"},"modified":"2026-04-29T10:11:16","modified_gmt":"2026-04-29T10:11:16","slug":"kelly-white-strawberry-lime-mini","status":"publish","type":"product","link":"https:\/\/whitelip.com\/sk\/kelly-white\/kelly-white-strawberry-lime-mini\/","title":{"rendered":"KELLY WHITE Strawberry Lime Mini"},"content":{"rendered":"<h2><strong>KELLY WHITE Strawberry Lime Mini<\/strong><\/h2>\n<p>Nikot\u00ednov\u00e9 vrec\u00fa\u0161ka Kelly White Strawberry Lime Mini pon\u00fakaj\u00fa \u017eiv\u00fa kombin\u00e1ciu sladkej jahodovej a pikantnej limetkovej pr\u00edchute, vyv\u00e1\u017een\u00fa hladk\u00fdm nikot\u00ednov\u00fdm z\u00e1\u017eitkom. Ka\u017ed\u00e9 vrec\u00fa\u0161ko mini form\u00e1tu obsahuje 5 mg nikot\u00ednu, \u010do prin\u00e1\u0161a uspokojiv\u00fa a aromatick\u00fa mo\u017enos\u0165 vhodn\u00fa pre pravideln\u00fdch u\u017e\u00edvate\u013eov. Vrec\u00fa\u0161ka s\u00fa navrhnut\u00e9 na diskr\u00e9tne pou\u017e\u00edvanie bez zafarbenia zubov, tak\u017ee s\u00fa ide\u00e1lne na u\u017e\u00edvanie na cest\u00e1ch. Tieto vrec\u00fa\u0161ka vyr\u00e1ba \u0161v\u00e9dska spolo\u010dnos\u0165 White Industries AB, ktor\u00e1 je zn\u00e1ma spojen\u00edm modern\u00fdch postupov s tradi\u010dnou kvalitou, a predstavuj\u00fa tak prvotriedne remeseln\u00e9 spracovanie a odv\u00e1\u017enu chu\u0165ov\u00fa inov\u00e1ciu.<\/p>\n<table>\n<tbody>\n<tr>\n<th>Atrib\u00fat<\/th>\n<th>Podrobnosti<\/th>\n<\/tr>\n<tr>\n<td>Obsah na plechovku<\/td>\n<td>8 g (20 vrec\u00fa\u0161ok)<\/td>\n<\/tr>\n<tr>\n<td>Obsah nikot\u00ednu<\/td>\n<td>5 mg na vak<\/td>\n<\/tr>\n<tr>\n<td>Form\u00e1t vrecka<\/td>\n<td>Mini<\/td>\n<\/tr>\n<tr>\n<td>V\u00fdrobca<\/td>\n<td>White Industries AB<\/td>\n<\/tr>\n<tr>\n<td>Pr\u00edchu\u0165<\/td>\n<td>Jahoda a limetka<\/td>\n<\/tr>\n<tr>\n<td>Typ<\/td>\n<td>Celobiele vrecko<\/td>\n<\/tr>\n<\/tbody>\n<\/table>","protected":false},"excerpt":{"rendered":"<p>\u017div\u00e9, sladk\u00e9 <strong data-start=\"15\" data-end=\"34\">jahoda limetka<\/strong> s pikantnou pr\u00edchu\u0165ou. <strong data-start=\"54\" data-end=\"62\">Mini<\/strong> vrec\u00fa\u0161ka sa diskr\u00e9tne umiestnia pod pery a nezanech\u00e1vaj\u00fa \u0161kvrny na zuboch. Ka\u017ed\u00e9 vrecko obsahuje <strong data-start=\"143\" data-end=\"160\">5 mg nikot\u00ednu<\/strong>, a prin\u00e1\u0161a tak pravideln\u00fdm pou\u017e\u00edvate\u013eom uspokojiv\u00fd z\u00e1\u017eitok pln\u00fd chuti. V\u00fdrobca: White Industries AB (\u0160v\u00e9dsko).<\/p>","protected":false},"featured_media":92079,"comment_status":"open","ping_status":"closed","template":"","format":[205],"meta":{"_acf_changed":false},"product_brand":[],"product_cat":[83],"product_tag":[16565],"flavours":[196],"nicotine":[209,236],"class_list":{"0":"post-10335","1":"product","2":"type-product","3":"status-publish","4":"has-post-thumbnail","6":"product_cat-kelly-white","7":"product_tag-5-mg-pouch","8":"pa_quantity-1-pack","9":"pa_quantity-10-pack","10":"pa_quantity-3-pack","11":"pa_quantity-30-pack","12":"pa_quantity-5-pack","13":"pa_quantity-60-pack","14":"flavours-fruits-berries","15":"format-mini","16":"nicotine-12-mg-g","17":"nicotine-strong","19":"first","20":"instock","21":"taxable","22":"shipping-taxable","23":"purchasable","24":"product-type-variable","25":"has-default-attributes"},"acf":[],"_links":{"self":[{"href":"https:\/\/whitelip.com\/sk\/wp-json\/wp\/v2\/product\/10335","targetHints":{"allow":["GET"]}}],"collection":[{"href":"https:\/\/whitelip.com\/sk\/wp-json\/wp\/v2\/product"}],"about":[{"href":"https:\/\/whitelip.com\/sk\/wp-json\/wp\/v2\/types\/product"}],"replies":[{"embeddable":true,"href":"https:\/\/whitelip.com\/sk\/wp-json\/wp\/v2\/comments?post=10335"}],"wp:featuredmedia":[{"embeddable":true,"href":"https:\/\/whitelip.com\/sk\/wp-json\/wp\/v2\/media\/92079"}],"wp:attachment":[{"href":"https:\/\/whitelip.com\/sk\/wp-json\/wp\/v2\/media?parent=10335"}],"wp:term":[{"taxonomy":"product_brand","embeddable":true,"href":"https:\/\/whitelip.com\/sk\/wp-json\/wp\/v2\/product_brand?post=10335"},{"taxonomy":"product_cat","embeddable":true,"href":"https:\/\/whitelip.com\/sk\/wp-json\/wp\/v2\/product_cat?post=10335"},{"taxonomy":"product_tag","embeddable":true,"href":"https:\/\/whitelip.com\/sk\/wp-json\/wp\/v2\/product_tag?post=10335"},{"taxonomy":"flavours","embeddable":true,"href":"https:\/\/whitelip.com\/sk\/wp-json\/wp\/v2\/flavours?post=10335"},{"taxonomy":"format","embeddable":true,"href":"https:\/\/whitelip.com\/sk\/wp-json\/wp\/v2\/format?post=10335"},{"taxonomy":"nicotine","embeddable":true,"href":"https:\/\/whitelip.com\/sk\/wp-json\/wp\/v2\/nicotine?post=10335"}],"curies":[{"name":"wp","href":"https:\/\/api.w.org\/{rel}","templated":true}]}}