{"id":10320,"date":"2025-04-08T11:45:07","date_gmt":"2025-04-08T11:45:07","guid":{"rendered":"https:\/\/whitelip.com\/apres-tangerine-spritz-mini\/"},"modified":"2026-04-30T10:11:03","modified_gmt":"2026-04-30T10:11:03","slug":"apres-tangerine-spritz-mini","status":"publish","type":"product","link":"https:\/\/whitelip.com\/sk\/apres\/apres-tangerine-spritz-mini\/","title":{"rendered":"APR\u00c8S Tangerine Spritz Mini"},"content":{"rendered":"<h2><strong>APR\u00c8S Tangerine Spritz Mini<\/strong><\/h2>\n<p><span style=\"font-weight: 400;\">APR\u00c8S Tangerine Spritz Mini nikot\u00ednov\u00e9 vrec\u00fa\u0161ka zachyt\u00e1vaj\u00fa \u017eiariv\u00fa esenciu \u010derstvo vylisovanej mandar\u00ednkovej \u0161\u0165avy a prin\u00e1\u0161aj\u00fa prirodzen\u00fd a ovocn\u00fd chu\u0165ov\u00fd profil. Ka\u017ed\u00e9 mini vrec\u00fa\u0161ko v bielej farbe obsahuje 3,2<\/span><span style=\"font-weight: 400;\">\u00a0mg nikot\u00ednu, \u010do pon\u00faka mierny z\u00e1\u017eitok vhodn\u00fd pre t\u00fdch, ktor\u00ed h\u013eadaj\u00fa jemn\u00fd nikot\u00ednov\u00fd \u00fa\u010dinok. Diskr\u00e9tny dizajn zaru\u010duje pohodln\u00e9 umiestnenie pod perou, \u010do umo\u017e\u0148uje pou\u017eitie kedyko\u013evek bez zafarbenia zubov. Tieto vrec\u00fa\u0161ka bez tabaku, ktor\u00e9 vyr\u00e1ba spolo\u010dnos\u0165 APR\u00c8S Nicotine AB, s\u00fa pr\u00edkladom vysokokvalitn\u00fdch \u0161tandardov a inovat\u00edvnych kombin\u00e1ci\u00ed pr\u00edchut\u00ed.<\/span><\/p>\n<table>\n<tbody>\n<tr>\n<td><b>Atrib\u00fat<\/b><\/td>\n<td><b>Podrobnosti<\/b><\/td>\n<\/tr>\n<tr>\n<td><b>Obsah na plechovku<\/b><\/td>\n<td><span style=\"font-weight: 400;\">11 g (20 vrec\u00fa\u0161ok)<\/span><\/td>\n<\/tr>\n<tr>\n<td><b>Obsah nikot\u00ednu<\/b><\/td>\n<td><span style=\"font-weight: 400;\">8 mg\/g (3,2 mg na vrecko)<\/span><\/td>\n<\/tr>\n<tr>\n<td><b>Form\u00e1t vrecka<\/b><\/td>\n<td><span style=\"font-weight: 400;\">Mini<\/span><\/td>\n<\/tr>\n<tr>\n<td><b>V\u00fdrobca<\/b><\/td>\n<td><span style=\"font-weight: 400;\">APR\u00c8S Nicotine AB<\/span><\/td>\n<\/tr>\n<tr>\n<td><b>Pr\u00edchu\u0165<\/b><\/td>\n<td><span style=\"font-weight: 400;\">Mandar\u00ednska<\/span><\/td>\n<\/tr>\n<tr>\n<td><b>Typ<\/b><\/td>\n<td><span style=\"font-weight: 400;\">Celobiele vrecko<\/span><\/td>\n<\/tr>\n<\/tbody>\n<\/table>","protected":false},"excerpt":{"rendered":"<p>Jasn\u00e9, prirodzen\u00e9 <strong data-start=\"16\" data-end=\"38\">mandar\u00ednka\/mandar\u00ednka<\/strong> s \u010derstvo vylisovan\u00fdm ovocn\u00fdm n\u00e1dychom. Na <strong data-start=\"81\" data-end=\"100\">mini, <\/strong>Celobiele vrec\u00fa\u0161ka sa diskr\u00e9tne a pohodlne ukladaj\u00fa pod pery na \u010dist\u00e9 a kedyko\u013evek pou\u017eite\u013en\u00e9 pou\u017eitie. Ka\u017ed\u00e9 vrecko obsahuje <strong data-start=\"199\" data-end=\"218\">3,2 mg nikot\u00ednu<\/strong>, ktor\u00e1 prin\u00e1\u0161a jemn\u00fd a \u013eahk\u00fd z\u00e1\u017eitok od spolo\u010dnosti APR\u00c8S Nicotine AB.<\/p>","protected":false},"featured_media":10321,"comment_status":"open","ping_status":"closed","template":"","format":[205],"meta":{"_acf_changed":false},"product_brand":[],"product_cat":[41],"product_tag":[16555],"flavours":[190],"nicotine":[230,236],"class_list":{"0":"post-10320","1":"product","2":"type-product","3":"status-publish","4":"has-post-thumbnail","6":"product_cat-apres","7":"product_tag-3-2-mg-pouch","8":"pa_quantity-1-pack","9":"pa_quantity-10-pack","10":"pa_quantity-3-pack","11":"pa_quantity-30-pack","12":"pa_quantity-5-pack","13":"pa_quantity-60-pack","14":"flavours-citrus","15":"format-mini","16":"nicotine-8-mg-g","17":"nicotine-strong","19":"first","20":"instock","21":"taxable","22":"shipping-taxable","23":"purchasable","24":"product-type-variable"},"acf":[],"_links":{"self":[{"href":"https:\/\/whitelip.com\/sk\/wp-json\/wp\/v2\/product\/10320","targetHints":{"allow":["GET"]}}],"collection":[{"href":"https:\/\/whitelip.com\/sk\/wp-json\/wp\/v2\/product"}],"about":[{"href":"https:\/\/whitelip.com\/sk\/wp-json\/wp\/v2\/types\/product"}],"replies":[{"embeddable":true,"href":"https:\/\/whitelip.com\/sk\/wp-json\/wp\/v2\/comments?post=10320"}],"wp:featuredmedia":[{"embeddable":true,"href":"https:\/\/whitelip.com\/sk\/wp-json\/wp\/v2\/media\/10321"}],"wp:attachment":[{"href":"https:\/\/whitelip.com\/sk\/wp-json\/wp\/v2\/media?parent=10320"}],"wp:term":[{"taxonomy":"product_brand","embeddable":true,"href":"https:\/\/whitelip.com\/sk\/wp-json\/wp\/v2\/product_brand?post=10320"},{"taxonomy":"product_cat","embeddable":true,"href":"https:\/\/whitelip.com\/sk\/wp-json\/wp\/v2\/product_cat?post=10320"},{"taxonomy":"product_tag","embeddable":true,"href":"https:\/\/whitelip.com\/sk\/wp-json\/wp\/v2\/product_tag?post=10320"},{"taxonomy":"flavours","embeddable":true,"href":"https:\/\/whitelip.com\/sk\/wp-json\/wp\/v2\/flavours?post=10320"},{"taxonomy":"format","embeddable":true,"href":"https:\/\/whitelip.com\/sk\/wp-json\/wp\/v2\/format?post=10320"},{"taxonomy":"nicotine","embeddable":true,"href":"https:\/\/whitelip.com\/sk\/wp-json\/wp\/v2\/nicotine?post=10320"}],"curies":[{"name":"wp","href":"https:\/\/api.w.org\/{rel}","templated":true}]}}