{"id":10315,"date":"2025-04-08T11:40:28","date_gmt":"2025-04-08T11:40:28","guid":{"rendered":"https:\/\/whitelip.com\/apres-cactus-lime-hyper-strong\/"},"modified":"2026-05-07T10:11:32","modified_gmt":"2026-05-07T10:11:32","slug":"apres-cactus-lime-hyper-strong","status":"publish","type":"product","link":"https:\/\/whitelip.com\/sk\/apres\/apres-cactus-lime-hyper-strong\/","title":{"rendered":"APR\u00c8S Cactus Lime Hyp\u00e8r Strong"},"content":{"rendered":"<h2><strong>APR\u00c8S Cactus Lime Hyp\u00e8r Strong<\/strong><\/h2>\n<p><span style=\"font-weight: 400;\">APR\u00c8S Cactus Lime Hyp\u00e8r Strong nikot\u00ednov\u00e9 vrec\u00fa\u0161ka pon\u00fakaj\u00fa v\u00fdrazn\u00fa zmes pr\u00edchut\u00ed kaktusu a limetky, ktor\u00e1 prin\u00e1\u0161a jedine\u010dn\u00fd a osvie\u017euj\u00faci chu\u0165ov\u00fd z\u00e1\u017eitok. Ka\u017ed\u00e9 tenk\u00e9, celobiele vrec\u00fa\u0161ko obsahuje 11 mg nikot\u00ednu a poskytuje mierny \u00fa\u010dinok vhodn\u00fd pre t\u00fdch, ktor\u00ed h\u013eadaj\u00fa jemn\u00fd nikot\u00ednov\u00fd pocit. Diskr\u00e9tny dizajn zaru\u010duje pohodln\u00e9 umiestnenie pod perou, \u010do umo\u017e\u0148uje pou\u017eitie kedyko\u013evek bez zafarbenia zubov. Tieto vrec\u00fa\u0161ka bez tabaku, ktor\u00e9 vyr\u00e1ba spolo\u010dnos\u0165 APR\u00c8S Nicotine AB, s\u00fa pr\u00edkladom vysokokvalitn\u00fdch \u0161tandardov a inovat\u00edvnych kombin\u00e1ci\u00ed pr\u00edchut\u00ed.<\/span><\/p>\n<table>\n<tbody>\n<tr>\n<td><b>Atrib\u00fat<\/b><\/td>\n<td><b>Podrobnosti<\/b><\/td>\n<\/tr>\n<tr>\n<td><b>Obsah na plechovku<\/b><\/td>\n<td><span style=\"font-weight: 400;\">11 g (20 vrec\u00fa\u0161ok)<\/span><\/td>\n<\/tr>\n<tr>\n<td><b>Obsah nikot\u00ednu<\/b><\/td>\n<td><span style=\"font-weight: 400;\">20 mg\/g (11 mg na vrec\u00fa\u0161ko)<\/span><\/td>\n<\/tr>\n<tr>\n<td><b>Form\u00e1t vrecka<\/b><\/td>\n<td><span style=\"font-weight: 400;\">Slim<\/span><\/td>\n<\/tr>\n<tr>\n<td><b>V\u00fdrobca<\/b><\/td>\n<td><span style=\"font-weight: 400;\">APR\u00c8S Nicotine AB<\/span><\/td>\n<\/tr>\n<tr>\n<td><b>Pr\u00edchu\u0165<\/b><\/td>\n<td><span style=\"font-weight: 400;\">Kaktus a limetka<\/span><\/td>\n<\/tr>\n<tr>\n<td><b>Typ<\/b><\/td>\n<td><span style=\"font-weight: 400;\">Celobiele vrecko<\/span><\/td>\n<\/tr>\n<\/tbody>\n<\/table>\n<p>\u00a0<\/p>","protected":false},"excerpt":{"rendered":"<p>V\u00fdrazn\u00e9 <strong data-start=\"12\" data-end=\"31\">kaktus a limetka<\/strong> s chrumkav\u00fdm, osvie\u017euj\u00facim k\u00faskom. Na <strong data-start=\"67\" data-end=\"86\">\u0161t\u00edhly, <\/strong>Celobiele vrec\u00fa\u0161ka diskr\u00e9tne a pohodlne sedia pod perami a umo\u017e\u0148uj\u00fa \u010dist\u00e9 a kedyko\u013evek pou\u017eite\u013en\u00e9 pou\u017eitie. Ka\u017ed\u00e9 vrecko obsahuje <strong data-start=\"184\" data-end=\"202\">11 mg nikot\u00ednu<\/strong>, ktor\u00e1 prin\u00e1\u0161a mimoriadne siln\u00fd, povzbudzuj\u00faci z\u00e1\u017eitok od spolo\u010dnosti APR\u00c8S Nicotine AB.<\/p>","protected":false},"featured_media":10316,"comment_status":"open","ping_status":"closed","template":"","format":[206],"meta":{"_acf_changed":false},"product_brand":[],"product_cat":[41],"product_tag":[16551],"flavours":[190,196],"nicotine":[218,232],"class_list":{"0":"post-10315","1":"product","2":"type-product","3":"status-publish","4":"has-post-thumbnail","6":"product_cat-apres","7":"product_tag-11-mg-pouch","8":"pa_quantity-1-pack","9":"pa_quantity-10-pack","10":"pa_quantity-3-pack","11":"pa_quantity-30-pack","12":"pa_quantity-5-pack","13":"pa_quantity-60-pack","14":"flavours-citrus","15":"flavours-fruits-berries","16":"format-slim","17":"nicotine-20-mg-g","18":"nicotine-extra-strong","20":"first","21":"outofstock","22":"taxable","23":"shipping-taxable","24":"purchasable","25":"product-type-variable"},"acf":[],"_links":{"self":[{"href":"https:\/\/whitelip.com\/sk\/wp-json\/wp\/v2\/product\/10315","targetHints":{"allow":["GET"]}}],"collection":[{"href":"https:\/\/whitelip.com\/sk\/wp-json\/wp\/v2\/product"}],"about":[{"href":"https:\/\/whitelip.com\/sk\/wp-json\/wp\/v2\/types\/product"}],"replies":[{"embeddable":true,"href":"https:\/\/whitelip.com\/sk\/wp-json\/wp\/v2\/comments?post=10315"}],"wp:featuredmedia":[{"embeddable":true,"href":"https:\/\/whitelip.com\/sk\/wp-json\/wp\/v2\/media\/10316"}],"wp:attachment":[{"href":"https:\/\/whitelip.com\/sk\/wp-json\/wp\/v2\/media?parent=10315"}],"wp:term":[{"taxonomy":"product_brand","embeddable":true,"href":"https:\/\/whitelip.com\/sk\/wp-json\/wp\/v2\/product_brand?post=10315"},{"taxonomy":"product_cat","embeddable":true,"href":"https:\/\/whitelip.com\/sk\/wp-json\/wp\/v2\/product_cat?post=10315"},{"taxonomy":"product_tag","embeddable":true,"href":"https:\/\/whitelip.com\/sk\/wp-json\/wp\/v2\/product_tag?post=10315"},{"taxonomy":"flavours","embeddable":true,"href":"https:\/\/whitelip.com\/sk\/wp-json\/wp\/v2\/flavours?post=10315"},{"taxonomy":"format","embeddable":true,"href":"https:\/\/whitelip.com\/sk\/wp-json\/wp\/v2\/format?post=10315"},{"taxonomy":"nicotine","embeddable":true,"href":"https:\/\/whitelip.com\/sk\/wp-json\/wp\/v2\/nicotine?post=10315"}],"curies":[{"name":"wp","href":"https:\/\/api.w.org\/{rel}","templated":true}]}}