{"id":10310,"date":"2025-04-08T11:35:24","date_gmt":"2025-04-08T11:35:24","guid":{"rendered":"https:\/\/whitelip.com\/apres-ice-tea-peach-hyper-strong\/"},"modified":"2026-04-14T01:57:02","modified_gmt":"2026-04-14T01:57:02","slug":"apres-ice-tea-peach-hyper-strong","status":"publish","type":"product","link":"https:\/\/whitelip.com\/sk\/apres\/apres-ice-tea-peach-hyper-strong\/","title":{"rendered":"APR\u00c8S Ice Tea Peach Hyp\u00e8r Strong"},"content":{"rendered":"<h2><strong>APR\u00c8S Ice Tea Peach Hyp\u00e8r Strong<\/strong><\/h2>\n<p><span style=\"font-weight: 400;\">APR\u00c8S Ice Tea Peach Hyp\u00e8r Strong nikot\u00ednov\u00e9 vrec\u00fa\u0161ka pon\u00fakaj\u00fa sladk\u00fa brosky\u0148ov\u00fa pr\u00edchu\u0165 doplnen\u00fa t\u00f3nmi \u010dierneho \u010daju, ktor\u00e1 prin\u00e1\u0161a osvie\u017euj\u00faci chu\u0165ov\u00fd z\u00e1\u017eitok. Ka\u017ed\u00e9 tenk\u00e9, celobiele vrec\u00fa\u0161ko obsahuje 11 mg nikot\u00ednu a poskytuje siln\u00fd pocit vhodn\u00fd pre sk\u00fasen\u00fdch u\u017e\u00edvate\u013eov. Diskr\u00e9tny dizajn zais\u0165uje pohodln\u00e9 umiestnenie pod peru, \u010do umo\u017e\u0148uje pou\u017eitie kedyko\u013evek bez zafarbenia zubov. Tieto vrec\u00fa\u0161ka bez tabaku, ktor\u00e9 vyr\u00e1ba spolo\u010dnos\u0165 APR\u00c8S Nicotine AB, s\u00fa pr\u00edkladom vysokokvalitn\u00fdch \u0161tandardov a inovat\u00edvnych kombin\u00e1ci\u00ed chut\u00ed.<\/span><\/p>\n<table>\n<tbody>\n<tr>\n<td><b>Atrib\u00fat<\/b><\/td>\n<td><b>Podrobnosti<\/b><\/td>\n<\/tr>\n<tr>\n<td><b>Obsah na plechovku<\/b><\/td>\n<td><span style=\"font-weight: 400;\">11 g (20 vrec\u00fa\u0161ok)<\/span><\/td>\n<\/tr>\n<tr>\n<td><b>Obsah nikot\u00ednu<\/b><\/td>\n<td><span style=\"font-weight: 400;\">20 mg\/g (11 mg na vrec\u00fa\u0161ko)<\/span><\/td>\n<\/tr>\n<tr>\n<td><b>Form\u00e1t vrecka<\/b><\/td>\n<td><span style=\"font-weight: 400;\">Slim<\/span><\/td>\n<\/tr>\n<tr>\n<td><b>V\u00fdrobca<\/b><\/td>\n<td><span style=\"font-weight: 400;\">APR\u00c8S Nicotine AB<\/span><\/td>\n<\/tr>\n<tr>\n<td><b>Pr\u00edchu\u0165<\/b><\/td>\n<td><span style=\"font-weight: 400;\">Brosk\u0148a a \u010dierny \u010daj<\/span><\/td>\n<\/tr>\n<tr>\n<td><b>Typ<\/b><\/td>\n<td><span style=\"font-weight: 400;\">Celobiele vrecko<\/span><\/td>\n<\/tr>\n<\/tbody>\n<\/table>\n<p>\u00a0<\/p>","protected":false},"excerpt":{"rendered":"<p>Sladk\u00e9 <strong data-start=\"6\" data-end=\"30\">brosky\u0148a s \u010diernym \u010dajom<\/strong> pre svie\u017eu atmosf\u00e9ru \u013eadov\u00e9ho \u010daju. Na str\u00e1nke <strong data-start=\"62\" data-end=\"81\">\u0161t\u00edhly, <\/strong>Celobiele vrec\u00fa\u0161ka diskr\u00e9tne a pohodlne sedia pod perami a umo\u017e\u0148uj\u00fa \u010dist\u00e9 a kedyko\u013evek pou\u017eite\u013en\u00e9 pou\u017eitie. Ka\u017ed\u00e9 vrecko obsahuje <strong data-start=\"179\" data-end=\"197\">11 mg nikot\u00ednu<\/strong>, ktor\u00e1 prin\u00e1\u0161a robustn\u00fd z\u00e1\u017eitok Hyp\u00e8r Strong od spolo\u010dnosti APR\u00c8S Nicotine AB.<\/p>","protected":false},"featured_media":10311,"comment_status":"open","ping_status":"closed","template":"","format":[206],"meta":{"_acf_changed":false},"product_brand":[],"product_cat":[41],"product_tag":[16551],"flavours":[196],"nicotine":[218,232],"class_list":{"0":"post-10310","1":"product","2":"type-product","3":"status-publish","4":"has-post-thumbnail","6":"product_cat-apres","7":"product_tag-11-mg-pouch","8":"pa_quantity-1-pack","9":"pa_quantity-10-pack","10":"pa_quantity-3-pack","11":"pa_quantity-30-pack","12":"pa_quantity-5-pack","13":"pa_quantity-60-pack","14":"flavours-fruits-berries","15":"format-slim","16":"nicotine-20-mg-g","17":"nicotine-extra-strong","19":"first","20":"instock","21":"taxable","22":"shipping-taxable","23":"purchasable","24":"product-type-variable","25":"has-default-attributes"},"acf":[],"_links":{"self":[{"href":"https:\/\/whitelip.com\/sk\/wp-json\/wp\/v2\/product\/10310","targetHints":{"allow":["GET"]}}],"collection":[{"href":"https:\/\/whitelip.com\/sk\/wp-json\/wp\/v2\/product"}],"about":[{"href":"https:\/\/whitelip.com\/sk\/wp-json\/wp\/v2\/types\/product"}],"replies":[{"embeddable":true,"href":"https:\/\/whitelip.com\/sk\/wp-json\/wp\/v2\/comments?post=10310"}],"wp:featuredmedia":[{"embeddable":true,"href":"https:\/\/whitelip.com\/sk\/wp-json\/wp\/v2\/media\/10311"}],"wp:attachment":[{"href":"https:\/\/whitelip.com\/sk\/wp-json\/wp\/v2\/media?parent=10310"}],"wp:term":[{"taxonomy":"product_brand","embeddable":true,"href":"https:\/\/whitelip.com\/sk\/wp-json\/wp\/v2\/product_brand?post=10310"},{"taxonomy":"product_cat","embeddable":true,"href":"https:\/\/whitelip.com\/sk\/wp-json\/wp\/v2\/product_cat?post=10310"},{"taxonomy":"product_tag","embeddable":true,"href":"https:\/\/whitelip.com\/sk\/wp-json\/wp\/v2\/product_tag?post=10310"},{"taxonomy":"flavours","embeddable":true,"href":"https:\/\/whitelip.com\/sk\/wp-json\/wp\/v2\/flavours?post=10310"},{"taxonomy":"format","embeddable":true,"href":"https:\/\/whitelip.com\/sk\/wp-json\/wp\/v2\/format?post=10310"},{"taxonomy":"nicotine","embeddable":true,"href":"https:\/\/whitelip.com\/sk\/wp-json\/wp\/v2\/nicotine?post=10310"}],"curies":[{"name":"wp","href":"https:\/\/api.w.org\/{rel}","templated":true}]}}