{"id":10295,"date":"2025-04-08T11:20:42","date_gmt":"2025-04-08T11:20:42","guid":{"rendered":"https:\/\/whitelip.com\/apres-menthol-hyper-strong\/"},"modified":"2026-04-13T17:48:07","modified_gmt":"2026-04-13T17:48:07","slug":"apres-menthol-hyper-strong","status":"publish","type":"product","link":"https:\/\/whitelip.com\/sk\/apres\/apres-menthol-hyper-strong\/","title":{"rendered":"APR\u00c8S Menthol Hyp\u00e8r Strong"},"content":{"rendered":"<h2><strong>APR\u00c8S Menthol Hyp\u00e8r Strong<\/strong><\/h2>\n<p><span style=\"font-weight: 400;\">APR\u00c8S Menthol Hyp\u00e8r Strong nikot\u00ednov\u00e9 vrec\u00fa\u0161ka poskytuj\u00fa osvie\u017euj\u00facu mentolov\u00fa pr\u00edchu\u0165 s chladiv\u00fdm \u00fa\u010dinkom. Ka\u017ed\u00e9 tenk\u00e9, celobiele vrec\u00fa\u0161ko obsahuje 11 mg nikot\u00ednu a pon\u00faka siln\u00fd pocit vhodn\u00fd pre sk\u00fasen\u00fdch u\u017e\u00edvate\u013eov. Diskr\u00e9tny dizajn zais\u0165uje pohodln\u00e9 umiestnenie pod peru, \u010do umo\u017e\u0148uje pou\u017eitie kedyko\u013evek bez zafarbenia zubov. Tieto vrec\u00fa\u0161ka bez tabaku, ktor\u00e9 vyr\u00e1ba spolo\u010dnos\u0165 APR\u00c8S Nicotine AB v \u0160tokholme vo \u0160v\u00e9dsku, s\u00fa pr\u00edkladom vysokokvalitn\u00fdch \u0161tandardov a inovat\u00edvnych kombin\u00e1ci\u00ed chut\u00ed.<\/span><\/p>\n<table>\n<tbody>\n<tr>\n<td><b>Atrib\u00fat<\/b><\/td>\n<td><b>Podrobnosti<\/b><\/td>\n<\/tr>\n<tr>\n<td><b>Obsah na plechovku<\/b><\/td>\n<td><span style=\"font-weight: 400;\">11 g (20 vrec\u00fa\u0161ok)<\/span><\/td>\n<\/tr>\n<tr>\n<td><b>Obsah nikot\u00ednu<\/b><\/td>\n<td><span style=\"font-weight: 400;\">20 mg\/g (11 mg na vrec\u00fa\u0161ko)<\/span><\/td>\n<\/tr>\n<tr>\n<td><b>Form\u00e1t vrecka<\/b><\/td>\n<td><span style=\"font-weight: 400;\">Slim<\/span><\/td>\n<\/tr>\n<tr>\n<td><b>V\u00fdrobca<\/b><\/td>\n<td><span style=\"font-weight: 400;\">APR\u00c8S Nicotine AB<\/span><\/td>\n<\/tr>\n<tr>\n<td><b>Pr\u00edchu\u0165<\/b><\/td>\n<td><span style=\"font-weight: 400;\">Mentol<\/span><\/td>\n<\/tr>\n<tr>\n<td><b>Typ<\/b><\/td>\n<td><span style=\"font-weight: 400;\">Celobiele vrecko<\/span><\/td>\n<\/tr>\n<\/tbody>\n<\/table>\n<p>\u00a0<\/p>","protected":false},"excerpt":{"rendered":"<p>Chrumkav\u00e9, chladiv\u00e9 <strong data-start=\"15\" data-end=\"26\">mentol<\/strong> s \u010dist\u00fdm, osvie\u017euj\u00facim z\u00e1verom. Na <strong data-start=\"64\" data-end=\"83\">\u0161t\u00edhly, <\/strong>Celobiele vrec\u00fa\u0161ka sa diskr\u00e9tne a pohodlne umiestnia pod pery, aby sa dali kedyko\u013evek pou\u017ei\u0165 bez \u0161kv\u0155n. Ka\u017ed\u00e9 vrecko obsahuje <strong data-start=\"186\" data-end=\"204\">11 mg nikot\u00ednu<\/strong>, ktor\u00e1 prin\u00e1\u0161a siln\u00fd pocit Hyp\u00e8r Strong vhodn\u00fd pre sk\u00fasen\u00fdch u\u017e\u00edvate\u013eov od spolo\u010dnosti APR\u00c8S Nicotine AB v \u0160tokholme, \u0160v\u00e9dsko.<\/p>","protected":false},"featured_media":10296,"comment_status":"open","ping_status":"closed","template":"","format":[206],"meta":{"_acf_changed":false},"product_brand":[],"product_cat":[41],"product_tag":[16551],"flavours":[199],"nicotine":[218,232],"class_list":{"0":"post-10295","1":"product","2":"type-product","3":"status-publish","4":"has-post-thumbnail","6":"product_cat-apres","7":"product_tag-11-mg-pouch","8":"pa_quantity-1-pack","9":"pa_quantity-10-pack","10":"pa_quantity-3-pack","11":"pa_quantity-30-pack","12":"pa_quantity-5-pack","13":"pa_quantity-60-pack","14":"flavours-mint","15":"format-slim","16":"nicotine-20-mg-g","17":"nicotine-extra-strong","19":"first","20":"instock","21":"taxable","22":"shipping-taxable","23":"purchasable","24":"product-type-variable","25":"has-default-attributes"},"acf":[],"_links":{"self":[{"href":"https:\/\/whitelip.com\/sk\/wp-json\/wp\/v2\/product\/10295","targetHints":{"allow":["GET"]}}],"collection":[{"href":"https:\/\/whitelip.com\/sk\/wp-json\/wp\/v2\/product"}],"about":[{"href":"https:\/\/whitelip.com\/sk\/wp-json\/wp\/v2\/types\/product"}],"replies":[{"embeddable":true,"href":"https:\/\/whitelip.com\/sk\/wp-json\/wp\/v2\/comments?post=10295"}],"wp:featuredmedia":[{"embeddable":true,"href":"https:\/\/whitelip.com\/sk\/wp-json\/wp\/v2\/media\/10296"}],"wp:attachment":[{"href":"https:\/\/whitelip.com\/sk\/wp-json\/wp\/v2\/media?parent=10295"}],"wp:term":[{"taxonomy":"product_brand","embeddable":true,"href":"https:\/\/whitelip.com\/sk\/wp-json\/wp\/v2\/product_brand?post=10295"},{"taxonomy":"product_cat","embeddable":true,"href":"https:\/\/whitelip.com\/sk\/wp-json\/wp\/v2\/product_cat?post=10295"},{"taxonomy":"product_tag","embeddable":true,"href":"https:\/\/whitelip.com\/sk\/wp-json\/wp\/v2\/product_tag?post=10295"},{"taxonomy":"flavours","embeddable":true,"href":"https:\/\/whitelip.com\/sk\/wp-json\/wp\/v2\/flavours?post=10295"},{"taxonomy":"format","embeddable":true,"href":"https:\/\/whitelip.com\/sk\/wp-json\/wp\/v2\/format?post=10295"},{"taxonomy":"nicotine","embeddable":true,"href":"https:\/\/whitelip.com\/sk\/wp-json\/wp\/v2\/nicotine?post=10295"}],"curies":[{"name":"wp","href":"https:\/\/api.w.org\/{rel}","templated":true}]}}