{"id":10280,"date":"2025-04-08T10:12:14","date_gmt":"2025-04-08T10:12:14","guid":{"rendered":"https:\/\/whitelip.com\/chainpop-peppermint-ice\/"},"modified":"2026-03-09T17:49:00","modified_gmt":"2026-03-09T17:49:00","slug":"chainpop-peppermint-ice","status":"publish","type":"product","link":"https:\/\/whitelip.com\/sk\/chainpop\/chainpop-peppermint-ice\/","title":{"rendered":"CHAINPOP Peppermint &amp; Ice"},"content":{"rendered":"<h2><strong>CH<\/strong><strong>AINPOP M\u00e4ta pieporn\u00e1 a \u013ead<\/strong><\/h2>\n<p><span style=\"font-size: 16px;\">Za\u017eite \u010dist\u00fa, \u013eadov\u00fa mintov\u00fa chu\u0165 v mierne v\u00e4\u010d\u0161om vrec\u00fa\u0161ku navrhnutom pre silnej\u0161\u00ed a dlh\u0161ie trvaj\u00faci z\u00e1\u017eitok s nikot\u00ednom. T\u00e1to \u010dist\u00e1 a osvie\u017euj\u00faca minta je chladn\u00e1 a neutr\u00e1lna \u2013 dokonal\u00e1 na ka\u017edodenn\u00fa potrebu. M\u00e4kk\u00e9 a pohodln\u00e9 pod perou, vrec\u00fa\u0161ko poskytuje hladk\u00e9 uvo\u013e\u0148ovanie bez kvapkan\u00ed. \u010ci u\u017e h\u013ead\u00e1te svie\u017eos\u0165 alebo stabiln\u00fa nikot\u00ednov\u00fa silnostu, toto \u0161v\u00e9dske vrec\u00fa\u0161ko poskytuje oboje s pr\u00e9miovom kvalitou a presnos\u0165ou. Chladn\u00fd klasik, vytvoren\u00fd pre rovnov\u00e1hu, pohodlie a dlhovekos\u0165.<\/span><\/p>\n<table>\n<tbody>\n<tr>\n<td><b>Atrib\u00fat<\/b><\/td>\n<td><b>Podrobnosti<\/b><\/td>\n<\/tr>\n<tr>\n<td><b>Obsah na plechovku<\/b><\/td>\n<td><span style=\"font-weight: 400;\">10 g (20 vrec\u00fa\u0161ok)<\/span><\/td>\n<\/tr>\n<tr>\n<td><b>Obsah nikot\u00ednu<\/b><\/td>\n<td><span style=\"font-weight: 400;\">17 mg\/g (12 mg na vrec\u00fa\u0161ko)<\/span><\/td>\n<\/tr>\n<tr>\n<td><b>Form\u00e1t vrecka<\/b><\/td>\n<td><span style=\"font-weight: 400;\">Slim<\/span><\/td>\n<\/tr>\n<tr>\n<td><b>V\u00fdrobca<\/b><\/td>\n<td><span style=\"font-weight: 400;\">Chainpop AB<\/span><\/td>\n<\/tr>\n<tr>\n<td><b>Pr\u00edchu\u0165<\/b><\/td>\n<td><span style=\"font-weight: 400;\">M\u00e4ta pieporn\u00e1<\/span><\/td>\n<\/tr>\n<tr>\n<td><b>Typ<\/b><\/td>\n<td><span style=\"font-weight: 400;\">Celobiele vrecko<\/span><\/td>\n<\/tr>\n<\/tbody>\n<\/table>","protected":false},"excerpt":{"rendered":"<p>\u010cist\u00fd, \u013eadov\u00fd <strong data-start=\"11\" data-end=\"19\">m\u00e4ta<\/strong> so svie\u017eim, neutr\u00e1lnym profilom. Mierne v\u00e4\u010d\u0161ie vrecko m\u00e4kko sed\u00ed pod perou a plynule sa uvo\u013e\u0148uje bez kvapkania. Ka\u017ed\u00e9 vrecko obsahuje <strong data-start=\"163\" data-end=\"191\">12 mg nikot\u00ednu na vrecko<\/strong>, \u010do prin\u00e1\u0161a silnej\u0161\u00ed a dlh\u0161ie trvaj\u00faci z\u00e1\u017eitok. Vyroben\u00e9 vo \u0160v\u00e9dsku pre rovnov\u00e1hu, pohodlie a dlh\u00fa \u017eivotnos\u0165.<\/p>","protected":false},"featured_media":3357,"comment_status":"open","ping_status":"closed","template":"","format":[206],"meta":{"_acf_changed":false},"product_brand":[],"product_cat":[106],"product_tag":[16561],"flavours":[199],"nicotine":[214,232],"class_list":{"0":"post-10280","1":"product","2":"type-product","3":"status-publish","4":"has-post-thumbnail","6":"product_cat-chainpop","7":"product_tag-12-mg-pouch","8":"pa_quantity-1-pack","9":"pa_quantity-10-pack","10":"pa_quantity-3-pack","11":"pa_quantity-30-pack","12":"pa_quantity-5-pack","13":"pa_quantity-60-pack","14":"flavours-mint","15":"format-slim","16":"nicotine-17-mg-g","17":"nicotine-extra-strong","19":"first","20":"outofstock","21":"taxable","22":"shipping-taxable","23":"purchasable","24":"product-type-variable"},"acf":[],"_links":{"self":[{"href":"https:\/\/whitelip.com\/sk\/wp-json\/wp\/v2\/product\/10280","targetHints":{"allow":["GET"]}}],"collection":[{"href":"https:\/\/whitelip.com\/sk\/wp-json\/wp\/v2\/product"}],"about":[{"href":"https:\/\/whitelip.com\/sk\/wp-json\/wp\/v2\/types\/product"}],"replies":[{"embeddable":true,"href":"https:\/\/whitelip.com\/sk\/wp-json\/wp\/v2\/comments?post=10280"}],"wp:featuredmedia":[{"embeddable":true,"href":"https:\/\/whitelip.com\/sk\/wp-json\/wp\/v2\/media\/3357"}],"wp:attachment":[{"href":"https:\/\/whitelip.com\/sk\/wp-json\/wp\/v2\/media?parent=10280"}],"wp:term":[{"taxonomy":"product_brand","embeddable":true,"href":"https:\/\/whitelip.com\/sk\/wp-json\/wp\/v2\/product_brand?post=10280"},{"taxonomy":"product_cat","embeddable":true,"href":"https:\/\/whitelip.com\/sk\/wp-json\/wp\/v2\/product_cat?post=10280"},{"taxonomy":"product_tag","embeddable":true,"href":"https:\/\/whitelip.com\/sk\/wp-json\/wp\/v2\/product_tag?post=10280"},{"taxonomy":"flavours","embeddable":true,"href":"https:\/\/whitelip.com\/sk\/wp-json\/wp\/v2\/flavours?post=10280"},{"taxonomy":"format","embeddable":true,"href":"https:\/\/whitelip.com\/sk\/wp-json\/wp\/v2\/format?post=10280"},{"taxonomy":"nicotine","embeddable":true,"href":"https:\/\/whitelip.com\/sk\/wp-json\/wp\/v2\/nicotine?post=10280"}],"curies":[{"name":"wp","href":"https:\/\/api.w.org\/{rel}","templated":true}]}}