{"id":10250,"date":"2025-04-08T09:38:51","date_gmt":"2025-04-08T09:38:51","guid":{"rendered":"https:\/\/whitelip.com\/chainpop-lychee-coconut\/"},"modified":"2026-03-09T17:52:58","modified_gmt":"2026-03-09T17:52:58","slug":"chainpop-lychee-coconut","status":"publish","type":"product","link":"https:\/\/whitelip.com\/sk\/chainpop\/chainpop-lychee-coconut\/","title":{"rendered":"CHAINPOP li\u010di a kokos"},"content":{"rendered":"<h2><strong>CHAINPOP li\u010di a kokos<\/strong><\/h2>\n<p class=\"\" data-start=\"142\" data-end=\"635\">Za\u017eite jedine\u010dn\u00fa tropick\u00fa zmes, v ktorej sa sladk\u00e9 juho\u00e1zijsk\u00e9 li\u010di stret\u00e1va s jemn\u00fdm kr\u00e9mov\u00fdm kokosom. Toto nikot\u00ednov\u00e9 vrec\u00fa\u0161ko \u0161v\u00e9dskej v\u00fdroby je vytvoren\u00e9 pre pohodlie, jemn\u00e9 pod perami bez \u0161t\u00edpania a prin\u00e1\u0161a dlhotrvaj\u00facu chu\u0165, ktor\u00e1 v\u00e1s osvie\u017ei po\u010das cel\u00e9ho d\u0148a. Ide\u00e1lne pre t\u00fdch, ktor\u00ed h\u013eadaj\u00fa ovocn\u00fd, exotick\u00fd zvrat vo svojej nikot\u00ednovej rutine. V\u010faka vysokokvalitnej v\u00fdrobe vo \u0160v\u00e9dsku z\u00edskate pr\u00e9miov\u00e9 vrec\u00fa\u0161ko pln\u00e9 tropickej chuti v ka\u017edom vrec\u00fa\u0161ku. Hladk\u00e9, aromatick\u00e9 a v\u00fdrazne odli\u0161n\u00e9.<\/p>\n<table>\n<tbody>\n<tr>\n<td><b>Atrib\u00fat<\/b><\/td>\n<td><b>Podrobnosti<\/b><\/td>\n<\/tr>\n<tr>\n<td><b>Obsah na plechovku<\/b><\/td>\n<td><span style=\"font-weight: 400;\">10 g (20 vrec\u00fa\u0161ok)<\/span><\/td>\n<\/tr>\n<tr>\n<td><b>Obsah nikot\u00ednu<\/b><\/td>\n<td><span style=\"font-weight: 400;\">8,6 mg\/g (5 mg na vrec\u00fa\u0161ko)<\/span><\/td>\n<\/tr>\n<tr>\n<td><b>Form\u00e1t vrecka<\/b><\/td>\n<td><span style=\"font-weight: 400;\">Slim<\/span><\/td>\n<\/tr>\n<tr>\n<td><b>V\u00fdrobca<\/b><\/td>\n<td><span style=\"font-weight: 400;\">Chainpop AB<\/span><\/td>\n<\/tr>\n<tr>\n<td><b>Pr\u00edchu\u0165<\/b><\/td>\n<td><span style=\"font-weight: 400;\">Lychee a kokos<\/span><\/td>\n<\/tr>\n<tr>\n<td><b>Typ<\/b><\/td>\n<td><span style=\"font-weight: 400;\">Celobiele vrecko<\/span><\/td>\n<\/tr>\n<\/tbody>\n<\/table>","protected":false},"excerpt":{"rendered":"<p>Exotick\u00e9 <strong data-start=\"7\" data-end=\"27\">li\u010di a kokos<\/strong> s jemn\u00fdm, kr\u00e9mov\u00fdm tropick\u00fdm charakterom. M\u00e4kk\u00e9 vrec\u00fa\u0161ko s n\u00edzkym odkvapk\u00e1van\u00edm pohodlne sed\u00ed pod perou, ne\u0161t\u00edpe a poskytuje dlhotrvaj\u00facu chu\u0165. Ka\u017ed\u00e9 vrecko obsahuje <strong data-start=\"198\" data-end=\"225\">5 mg nikot\u00ednu na vrec\u00fa\u0161ko<\/strong>, vyroben\u00fd vo \u0160v\u00e9dsku z prvotriednych surov\u00edn, ktor\u00fd poskytuje osvie\u017euj\u00faci a v\u00fdrazne odli\u0161n\u00fd z\u00e1\u017eitok.<\/p>","protected":false},"featured_media":3351,"comment_status":"open","ping_status":"closed","template":"","format":[206],"meta":{"_acf_changed":false},"product_brand":[],"product_cat":[106],"product_tag":[16565],"flavours":[196],"nicotine":[231,236],"class_list":{"0":"post-10250","1":"product","2":"type-product","3":"status-publish","4":"has-post-thumbnail","6":"product_cat-chainpop","7":"product_tag-5-mg-pouch","8":"pa_quantity-1-pack","9":"pa_quantity-10-pack","10":"pa_quantity-3-pack","11":"pa_quantity-30-pack","12":"pa_quantity-5-pack","13":"pa_quantity-60-pack","14":"flavours-fruits-berries","15":"format-slim","16":"nicotine-9-mg-g","17":"nicotine-strong","19":"first","20":"outofstock","21":"taxable","22":"shipping-taxable","23":"purchasable","24":"product-type-variable","25":"has-default-attributes"},"acf":[],"_links":{"self":[{"href":"https:\/\/whitelip.com\/sk\/wp-json\/wp\/v2\/product\/10250","targetHints":{"allow":["GET"]}}],"collection":[{"href":"https:\/\/whitelip.com\/sk\/wp-json\/wp\/v2\/product"}],"about":[{"href":"https:\/\/whitelip.com\/sk\/wp-json\/wp\/v2\/types\/product"}],"replies":[{"embeddable":true,"href":"https:\/\/whitelip.com\/sk\/wp-json\/wp\/v2\/comments?post=10250"}],"wp:featuredmedia":[{"embeddable":true,"href":"https:\/\/whitelip.com\/sk\/wp-json\/wp\/v2\/media\/3351"}],"wp:attachment":[{"href":"https:\/\/whitelip.com\/sk\/wp-json\/wp\/v2\/media?parent=10250"}],"wp:term":[{"taxonomy":"product_brand","embeddable":true,"href":"https:\/\/whitelip.com\/sk\/wp-json\/wp\/v2\/product_brand?post=10250"},{"taxonomy":"product_cat","embeddable":true,"href":"https:\/\/whitelip.com\/sk\/wp-json\/wp\/v2\/product_cat?post=10250"},{"taxonomy":"product_tag","embeddable":true,"href":"https:\/\/whitelip.com\/sk\/wp-json\/wp\/v2\/product_tag?post=10250"},{"taxonomy":"flavours","embeddable":true,"href":"https:\/\/whitelip.com\/sk\/wp-json\/wp\/v2\/flavours?post=10250"},{"taxonomy":"format","embeddable":true,"href":"https:\/\/whitelip.com\/sk\/wp-json\/wp\/v2\/format?post=10250"},{"taxonomy":"nicotine","embeddable":true,"href":"https:\/\/whitelip.com\/sk\/wp-json\/wp\/v2\/nicotine?post=10250"}],"curies":[{"name":"wp","href":"https:\/\/api.w.org\/{rel}","templated":true}]}}