{"id":10225,"date":"2025-03-31T11:42:22","date_gmt":"2025-03-31T11:42:22","guid":{"rendered":"https:\/\/whitelip.com\/iceberg-arasaka-medium\/"},"modified":"2026-04-18T17:42:35","modified_gmt":"2026-04-18T17:42:35","slug":"iceberg-arasaka-medium","status":"publish","type":"product","link":"https:\/\/whitelip.com\/sk\/iceberg\/iceberg-arasaka-medium\/","title":{"rendered":"ICEBERG Arasaka Medium"},"content":{"rendered":"<h2><strong>ICEBERG Arasaka Medium<\/strong><\/h2>\n<p class=\"\" data-start=\"82\" data-end=\"774\">Nikot\u00ednov\u00e9 vrec\u00fa\u0161ka ICEBERG Arasaka Medium pon\u00fakaj\u00fa jedine\u010dn\u00fd a tajomn\u00fd chu\u0165ov\u00fd z\u00e1\u017eitok, ktor\u00fd kombinuje jemn\u00e9 ovocn\u00e9 t\u00f3ny s osvie\u017euj\u00facou chladivos\u0165ou pre odv\u00e1\u017eny, ale vyv\u00e1\u017een\u00fd profil. So silou nikot\u00ednu 20 mg na gram - pribli\u017ene 12 mg na vrec\u00fa\u0161ko - s\u00fa tieto vrec\u00fa\u0161ka tenk\u00e9ho form\u00e1tu ur\u010den\u00e9 pre sk\u00fasen\u00fdch u\u017e\u00edvate\u013eov, ktor\u00ed maj\u00fa radi stredne siln\u00e9 nakopnutie s v\u00fdraznou chu\u0165ou. S\u00fa navrhnut\u00e9 na diskr\u00e9tne pou\u017eitie pod perou bez zafarbenia zubov a s\u00fa ide\u00e1lne na ka\u017edodenn\u00e9 uspokojenie na cest\u00e1ch. Tieto beztabakov\u00e9 vrec\u00fa\u0161ka, ktor\u00e9 vyr\u00e1ba po\u013esk\u00fd v\u00fdrobca Neoptolem, zn\u00e1my sp\u00e1jan\u00edm modern\u00fdch inov\u00e1ci\u00ed s tradi\u010dnou kvalitou, vynikaj\u00fa hladk\u00fdm podan\u00edm a futuristick\u00fdm konceptom chuti.<\/p>\n<table>\n<tbody>\n<tr>\n<td><b>Atrib\u00fat<\/b><\/td>\n<td><b>Podrobnosti<\/b><\/td>\n<\/tr>\n<tr>\n<td><b>Obsah na plechovku<\/b><\/td>\n<td><span style=\"font-weight: 400;\">12 g (20 vrec\u00fa\u0161ok)<\/span><\/td>\n<\/tr>\n<tr>\n<td><b>Obsah nikot\u00ednu<\/b><\/td>\n<td><span style=\"font-weight: 400;\">20 mg\/g (12 mg na vrecko)<\/span><\/td>\n<\/tr>\n<tr>\n<td><b>Form\u00e1t vrecka<\/b><\/td>\n<td><span style=\"font-weight: 400;\">Slim<\/span><\/td>\n<\/tr>\n<tr>\n<td><b>V\u00fdrobca<\/b><\/td>\n<td><span style=\"font-weight: 400;\">Neoptolem<\/span><\/td>\n<\/tr>\n<tr>\n<td><b>Pr\u00edchu\u0165<\/b><\/td>\n<td>Ovocie<\/td>\n<\/tr>\n<tr>\n<td><b>Typ<\/b><\/td>\n<td><span style=\"font-weight: 400;\">Celobiele vrecko<\/span><\/td>\n<\/tr>\n<\/tbody>\n<\/table>\n<p>\u00a0<\/p>","protected":false},"excerpt":{"rendered":"<p>ICEBERG Arasaka: <strong data-start=\"17\" data-end=\"59\">jemne ovocn\u00fd s osvie\u017euj\u00facim chladom<\/strong> pre odv\u00e1\u017eny a vyv\u00e1\u017een\u00fd profil. <strong data-start=\"90\" data-end=\"98\">Slim<\/strong>, \u00faplne biele vrec\u00fa\u0161ka sa diskr\u00e9tne umiestnia pod pery bez zafarbenia. <strong data-start=\"165\" data-end=\"175\">Stredn\u00e9<\/strong> sila 20 mg\/g; ka\u017ed\u00e9 vrecko obsahuje ~12 mg nikot\u00ednu. Neobsahuje tabak a je ur\u010den\u00fd na ka\u017edodenn\u00e9 pou\u017e\u00edvanie na cest\u00e1ch. Vyr\u00e1ba spolo\u010dnos\u0165 Neoptolem v Po\u013esku.<\/p>","protected":false},"featured_media":10226,"comment_status":"open","ping_status":"closed","template":"","format":[206],"meta":{"_acf_changed":false},"product_brand":[],"product_cat":[50],"product_tag":[16561],"flavours":[196,199],"nicotine":[218,232],"class_list":{"0":"post-10225","1":"product","2":"type-product","3":"status-publish","4":"has-post-thumbnail","6":"product_cat-iceberg","7":"product_tag-12-mg-pouch","8":"pa_quantity-1-pack","9":"pa_quantity-10-pack","10":"pa_quantity-3-pack","11":"pa_quantity-30-pack","12":"pa_quantity-5-pack","13":"pa_quantity-60-pack","14":"flavours-fruits-berries","15":"flavours-mint","16":"format-slim","17":"nicotine-20-mg-g","18":"nicotine-extra-strong","20":"first","21":"instock","22":"taxable","23":"shipping-taxable","24":"purchasable","25":"product-type-variable","26":"has-default-attributes"},"acf":[],"_links":{"self":[{"href":"https:\/\/whitelip.com\/sk\/wp-json\/wp\/v2\/product\/10225","targetHints":{"allow":["GET"]}}],"collection":[{"href":"https:\/\/whitelip.com\/sk\/wp-json\/wp\/v2\/product"}],"about":[{"href":"https:\/\/whitelip.com\/sk\/wp-json\/wp\/v2\/types\/product"}],"replies":[{"embeddable":true,"href":"https:\/\/whitelip.com\/sk\/wp-json\/wp\/v2\/comments?post=10225"}],"wp:featuredmedia":[{"embeddable":true,"href":"https:\/\/whitelip.com\/sk\/wp-json\/wp\/v2\/media\/10226"}],"wp:attachment":[{"href":"https:\/\/whitelip.com\/sk\/wp-json\/wp\/v2\/media?parent=10225"}],"wp:term":[{"taxonomy":"product_brand","embeddable":true,"href":"https:\/\/whitelip.com\/sk\/wp-json\/wp\/v2\/product_brand?post=10225"},{"taxonomy":"product_cat","embeddable":true,"href":"https:\/\/whitelip.com\/sk\/wp-json\/wp\/v2\/product_cat?post=10225"},{"taxonomy":"product_tag","embeddable":true,"href":"https:\/\/whitelip.com\/sk\/wp-json\/wp\/v2\/product_tag?post=10225"},{"taxonomy":"flavours","embeddable":true,"href":"https:\/\/whitelip.com\/sk\/wp-json\/wp\/v2\/flavours?post=10225"},{"taxonomy":"format","embeddable":true,"href":"https:\/\/whitelip.com\/sk\/wp-json\/wp\/v2\/format?post=10225"},{"taxonomy":"nicotine","embeddable":true,"href":"https:\/\/whitelip.com\/sk\/wp-json\/wp\/v2\/nicotine?post=10225"}],"curies":[{"name":"wp","href":"https:\/\/api.w.org\/{rel}","templated":true}]}}