{"id":10220,"date":"2025-03-31T11:40:11","date_gmt":"2025-03-31T11:40:11","guid":{"rendered":"https:\/\/whitelip.com\/iceberg-watermelon-mint-gum-medium\/"},"modified":"2026-04-15T03:02:23","modified_gmt":"2026-04-15T03:02:23","slug":"iceberg-watermelon-mint-gum-medium","status":"publish","type":"product","link":"https:\/\/whitelip.com\/sk\/iceberg\/iceberg-watermelon-mint-gum-medium\/","title":{"rendered":"ICEBERG Watermelon Mint Gum Medium"},"content":{"rendered":"<h2><strong>ICEBERG Watermelon Mint Gum Medium<\/strong><\/h2>\n<p class=\"\" data-start=\"94\" data-end=\"749\">ICEBERG Watermelon Mint Gum Medium nikot\u00ednov\u00e9 vrec\u00fa\u0161ka kombinuj\u00fa \u0161\u0165avnat\u00fa sladkos\u0165 vodn\u00e9ho mel\u00f3na s chladivou m\u00e4tou a bublinkovou pr\u00edchu\u0165ou, \u010d\u00edm vytv\u00e1raj\u00fa osvie\u017euj\u00faci a hrav\u00fd chu\u0165ov\u00fd profil. So silou nikot\u00ednu 20 mg na gram - pribli\u017ene 12 mg na vrec\u00fa\u0161ko - s\u00fa tieto tenk\u00e9 vrec\u00fa\u0161ka ide\u00e1lne pre sk\u00fasen\u00fdch u\u017e\u00edvate\u013eov, ktor\u00ed h\u013eadaj\u00fa chu\u0165ovo v\u00fdrazn\u00fd, ale vyv\u00e1\u017een\u00fd nikot\u00ednov\u00fd z\u00e1\u017eitok. S\u00fa navrhnut\u00e9 na diskr\u00e9tne pou\u017eitie pod perou bez zafarbenia zubov a s\u00fa ide\u00e1lne na vychutn\u00e1vanie na cest\u00e1ch. Tieto vrec\u00fa\u0161ka bez tabaku, ktor\u00e9 vyr\u00e1ba po\u013esk\u00fd v\u00fdrobca Neoptolem, zn\u00e1my kombin\u00e1ciou modern\u00fdch techn\u00edk s tradi\u010dnou kvalitou, pon\u00fakaj\u00fa jemn\u00e9 nakopnutie so z\u00e1bavn\u00fdm ovocn\u00fdm n\u00e1dychom.<\/p>\n<table>\n<tbody>\n<tr>\n<td><b>Atrib\u00fat<\/b><\/td>\n<td><b>Podrobnosti<\/b><\/td>\n<\/tr>\n<tr>\n<td><b>Obsah na plechovku<\/b><\/td>\n<td><span style=\"font-weight: 400;\">12 g (20 vrec\u00fa\u0161ok)<\/span><\/td>\n<\/tr>\n<tr>\n<td><b>Obsah nikot\u00ednu<\/b><\/td>\n<td><span style=\"font-weight: 400;\">20 mg\/g (12 mg na vrecko)<\/span><\/td>\n<\/tr>\n<tr>\n<td><b>Form\u00e1t vrecka<\/b><\/td>\n<td><span style=\"font-weight: 400;\">Slim<\/span><\/td>\n<\/tr>\n<tr>\n<td><b>V\u00fdrobca<\/b><\/td>\n<td><span style=\"font-weight: 400;\">Neoptolem<\/span><\/td>\n<\/tr>\n<tr>\n<td><b>Pr\u00edchu\u0165<\/b><\/td>\n<td>Mel\u00f3n, M\u00e4ta<\/td>\n<\/tr>\n<tr>\n<td><b>Typ<\/b><\/td>\n<td><span style=\"font-weight: 400;\">Celobiele vrecko<\/span><\/td>\n<\/tr>\n<\/tbody>\n<\/table>\n<p>\u00a0<\/p>","protected":false},"excerpt":{"rendered":"<p>ICEBERG Watermelon Mint Gum: <strong data-start=\"29\" data-end=\"77\">\u0161\u0165avnat\u00fd mel\u00f3n, chladiv\u00e1 m\u00e4ta, bublinkov\u00fd twist<\/strong> pre osvie\u017euj\u00faci a hrav\u00fd profil. <strong data-start=\"113\" data-end=\"121\">Slim<\/strong> Celobiele vrec\u00fa\u0161ka sa diskr\u00e9tne umiestnia pod pery bez zafarbenia. <strong data-start=\"187\" data-end=\"197\">Stredn\u00e9<\/strong> sila 20 mg\/g; ka\u017ed\u00e9 vrecko obsahuje ~12 mg nikot\u00ednu. Neobsahuje tabak a je ide\u00e1lny na pou\u017eitie na cest\u00e1ch. Vyr\u00e1ba spolo\u010dnos\u0165 Neoptolem v Po\u013esku.<\/p>","protected":false},"featured_media":10221,"comment_status":"open","ping_status":"closed","template":"","format":[206],"meta":{"_acf_changed":false},"product_brand":[],"product_cat":[50],"product_tag":[16561],"flavours":[196,199],"nicotine":[218,232],"class_list":{"0":"post-10220","1":"product","2":"type-product","3":"status-publish","4":"has-post-thumbnail","6":"product_cat-iceberg","7":"product_tag-12-mg-pouch","8":"pa_quantity-1-pack","9":"pa_quantity-10-pack","10":"pa_quantity-3-pack","11":"pa_quantity-30-pack","12":"pa_quantity-5-pack","13":"pa_quantity-60-pack","14":"flavours-fruits-berries","15":"flavours-mint","16":"format-slim","17":"nicotine-20-mg-g","18":"nicotine-extra-strong","20":"first","21":"instock","22":"taxable","23":"shipping-taxable","24":"purchasable","25":"product-type-variable","26":"has-default-attributes"},"acf":[],"_links":{"self":[{"href":"https:\/\/whitelip.com\/sk\/wp-json\/wp\/v2\/product\/10220","targetHints":{"allow":["GET"]}}],"collection":[{"href":"https:\/\/whitelip.com\/sk\/wp-json\/wp\/v2\/product"}],"about":[{"href":"https:\/\/whitelip.com\/sk\/wp-json\/wp\/v2\/types\/product"}],"replies":[{"embeddable":true,"href":"https:\/\/whitelip.com\/sk\/wp-json\/wp\/v2\/comments?post=10220"}],"wp:featuredmedia":[{"embeddable":true,"href":"https:\/\/whitelip.com\/sk\/wp-json\/wp\/v2\/media\/10221"}],"wp:attachment":[{"href":"https:\/\/whitelip.com\/sk\/wp-json\/wp\/v2\/media?parent=10220"}],"wp:term":[{"taxonomy":"product_brand","embeddable":true,"href":"https:\/\/whitelip.com\/sk\/wp-json\/wp\/v2\/product_brand?post=10220"},{"taxonomy":"product_cat","embeddable":true,"href":"https:\/\/whitelip.com\/sk\/wp-json\/wp\/v2\/product_cat?post=10220"},{"taxonomy":"product_tag","embeddable":true,"href":"https:\/\/whitelip.com\/sk\/wp-json\/wp\/v2\/product_tag?post=10220"},{"taxonomy":"flavours","embeddable":true,"href":"https:\/\/whitelip.com\/sk\/wp-json\/wp\/v2\/flavours?post=10220"},{"taxonomy":"format","embeddable":true,"href":"https:\/\/whitelip.com\/sk\/wp-json\/wp\/v2\/format?post=10220"},{"taxonomy":"nicotine","embeddable":true,"href":"https:\/\/whitelip.com\/sk\/wp-json\/wp\/v2\/nicotine?post=10220"}],"curies":[{"name":"wp","href":"https:\/\/api.w.org\/{rel}","templated":true}]}}