{"id":10210,"date":"2025-03-31T11:29:42","date_gmt":"2025-03-31T11:29:42","guid":{"rendered":"https:\/\/whitelip.com\/iceberg-sour-berries-extreme\/"},"modified":"2026-04-29T10:11:15","modified_gmt":"2026-04-29T10:11:15","slug":"iceberg-sour-berries-extreme","status":"publish","type":"product","link":"https:\/\/whitelip.com\/sk\/iceberg\/iceberg-sour-berries-extreme\/","title":{"rendered":"ICEBERG Sour Berries Extreme"},"content":{"rendered":"<h2><strong>ICEBERG Sour Berries Extreme<\/strong><\/h2>\n<p class=\"\" data-start=\"88\" data-end=\"732\">Nikot\u00ednov\u00e9 vrec\u00fa\u0161ka ICEBERG Sour Berries Extreme exploduj\u00fa \u0161tip\u013eavou zmesou lesn\u00fdch plodov a ostr\u00e9ho kysl\u00e9ho n\u00e1dychu, \u010d\u00edm prin\u00e1\u0161aj\u00fa odv\u00e1\u017eny, lahodn\u00fd chu\u0165ov\u00fd z\u00e1\u017eitok. Ka\u017ed\u00e9 vrec\u00fa\u0161ko tenk\u00e9ho form\u00e1tu obsahuje 50 mg nikot\u00ednu na gram - pribli\u017ene 35 mg na vrec\u00fa\u0161ko - a je ur\u010den\u00e9 pre sk\u00fasen\u00fdch u\u017e\u00edvate\u013eov, ktor\u00ed h\u013eadaj\u00fa siln\u00fd a intenz\u00edvny ovocn\u00fd nikot\u00ednov\u00fd hit. Tieto vrec\u00fa\u0161ka s\u00fa navrhnut\u00e9 na diskr\u00e9tne pou\u017eitie pod perou bez zafarbenia zubov a s\u00fa ide\u00e1lne na u\u017e\u00edvanie si na cest\u00e1ch. Tieto vrec\u00fa\u0161ka bez tabaku, ktor\u00e9 vyr\u00e1ba po\u013esk\u00fd v\u00fdrobca Neoptolem, zn\u00e1my spojen\u00edm modern\u00fdch inov\u00e1ci\u00ed s tradi\u010dnou kvalitou, s\u00fa extr\u00e9mne siln\u00e9 a poriadne kysl\u00e9.<\/p>\n<table>\n<tbody>\n<tr>\n<td><b>Atrib\u00fat<\/b><\/td>\n<td><b>Podrobnosti<\/b><\/td>\n<\/tr>\n<tr>\n<td><b>Obsah na plechovku<\/b><\/td>\n<td><span style=\"font-weight: 400;\">13 g (20 vrec\u00fa\u0161ok)<\/span><\/td>\n<\/tr>\n<tr>\n<td><b>Obsah nikot\u00ednu<\/b><\/td>\n<td><span style=\"font-weight: 400;\">50 mg\/g (35 mg na vrecko)<\/span><\/td>\n<\/tr>\n<tr>\n<td><b>Form\u00e1t vrecka<\/b><\/td>\n<td><span style=\"font-weight: 400;\">Slim<\/span><\/td>\n<\/tr>\n<tr>\n<td><b>V\u00fdrobca<\/b><\/td>\n<td><span style=\"font-weight: 400;\">Neoptolem<\/span><\/td>\n<\/tr>\n<tr>\n<td><b>Pr\u00edchu\u0165<\/b><\/td>\n<td>Kysl\u00e9 bobule<\/td>\n<\/tr>\n<tr>\n<td><b>Typ<\/b><\/td>\n<td><span style=\"font-weight: 400;\">Celobiele vrecko<\/span><\/td>\n<\/tr>\n<\/tbody>\n<\/table>\n<p>\u00a0<\/p>","protected":false},"excerpt":{"rendered":"<p>ICEBERG Sour Berries: <strong data-start=\"22\" data-end=\"68\">\u0161tip\u013eav\u00e9 lesn\u00e9 plody s ostrou kyslos\u0165ou<\/strong> pre odv\u00e1\u017eny, lahodn\u00fd z\u00e1sah. <strong data-start=\"101\" data-end=\"109\">Slim<\/strong> Celobiele vrec\u00fa\u0161ka sa diskr\u00e9tne umiestnia pod pery bez zafarbenia. <strong data-start=\"175\" data-end=\"186\">Extr\u00e9mne<\/strong> sila 50 mg\/g; ka\u017ed\u00e9 vrecko obsahuje ~35 mg nikot\u00ednu. Neobsahuje tabak a je ide\u00e1lny na pou\u017eitie na cest\u00e1ch. Vyr\u00e1ba spolo\u010dnos\u0165 Neoptolem v Po\u013esku.<\/p>","protected":false},"featured_media":10211,"comment_status":"open","ping_status":"closed","template":"","format":[206],"meta":{"_acf_changed":false},"product_brand":[],"product_cat":[50],"product_tag":[16603],"flavours":[196],"nicotine":[226,233],"class_list":{"0":"post-10210","1":"product","2":"type-product","3":"status-publish","4":"has-post-thumbnail","6":"product_cat-iceberg","7":"product_tag-35-mg-pouch","8":"pa_quantity-1-pack","9":"pa_quantity-10-pack","10":"pa_quantity-3-pack","11":"pa_quantity-30-pack","12":"pa_quantity-5-pack","13":"pa_quantity-60-pack","14":"flavours-fruits-berries","15":"format-slim","16":"nicotine-50-mg-g","17":"nicotine-extreme","19":"first","20":"instock","21":"taxable","22":"shipping-taxable","23":"purchasable","24":"product-type-variable","25":"has-default-attributes"},"acf":[],"_links":{"self":[{"href":"https:\/\/whitelip.com\/sk\/wp-json\/wp\/v2\/product\/10210","targetHints":{"allow":["GET"]}}],"collection":[{"href":"https:\/\/whitelip.com\/sk\/wp-json\/wp\/v2\/product"}],"about":[{"href":"https:\/\/whitelip.com\/sk\/wp-json\/wp\/v2\/types\/product"}],"replies":[{"embeddable":true,"href":"https:\/\/whitelip.com\/sk\/wp-json\/wp\/v2\/comments?post=10210"}],"wp:featuredmedia":[{"embeddable":true,"href":"https:\/\/whitelip.com\/sk\/wp-json\/wp\/v2\/media\/10211"}],"wp:attachment":[{"href":"https:\/\/whitelip.com\/sk\/wp-json\/wp\/v2\/media?parent=10210"}],"wp:term":[{"taxonomy":"product_brand","embeddable":true,"href":"https:\/\/whitelip.com\/sk\/wp-json\/wp\/v2\/product_brand?post=10210"},{"taxonomy":"product_cat","embeddable":true,"href":"https:\/\/whitelip.com\/sk\/wp-json\/wp\/v2\/product_cat?post=10210"},{"taxonomy":"product_tag","embeddable":true,"href":"https:\/\/whitelip.com\/sk\/wp-json\/wp\/v2\/product_tag?post=10210"},{"taxonomy":"flavours","embeddable":true,"href":"https:\/\/whitelip.com\/sk\/wp-json\/wp\/v2\/flavours?post=10210"},{"taxonomy":"format","embeddable":true,"href":"https:\/\/whitelip.com\/sk\/wp-json\/wp\/v2\/format?post=10210"},{"taxonomy":"nicotine","embeddable":true,"href":"https:\/\/whitelip.com\/sk\/wp-json\/wp\/v2\/nicotine?post=10210"}],"curies":[{"name":"wp","href":"https:\/\/api.w.org\/{rel}","templated":true}]}}