{"id":10195,"date":"2025-03-31T11:23:02","date_gmt":"2025-03-31T11:23:02","guid":{"rendered":"https:\/\/whitelip.com\/iceberg-dragonfire-extreme\/"},"modified":"2026-04-29T10:11:15","modified_gmt":"2026-04-29T10:11:15","slug":"iceberg-dragonfire-extreme","status":"publish","type":"product","link":"https:\/\/whitelip.com\/sk\/iceberg\/iceberg-dragonfire-extreme\/","title":{"rendered":"ICEBERG Dragonfire Extreme"},"content":{"rendered":"<h2><strong>ICEBERG Dragonfire Extreme<\/strong><\/h2>\n<p class=\"\" data-start=\"85\" data-end=\"754\">Nikot\u00ednov\u00e9 vrec\u00fa\u0161ka ICEBERG Dragonfire Extreme rozpa\u013euj\u00fa zmysly ohnivou a exotickou zmesou chut\u00ed s t\u00f3nmi tropick\u00e9ho ovocia a jemn\u00fdm pikantn\u00fdm n\u00e1dychom pre odv\u00e1\u017eny a nezabudnute\u013en\u00fd z\u00e1\u017eitok. Ka\u017ed\u00e9 vrec\u00fa\u0161ko tenk\u00e9ho form\u00e1tu obsahuje 50 mg nikot\u00ednu na gram - pribli\u017ene 35 mg na vrec\u00fa\u0161ko - prisp\u00f4soben\u00e9 sk\u00fasen\u00fdm u\u017e\u00edvate\u013eom, ktor\u00ed h\u013eadaj\u00fa intenz\u00edvny a dobrodru\u017en\u00fd nikot\u00ednov\u00fd n\u00e1boj. S\u00fa navrhnut\u00e9 na diskr\u00e9tne pou\u017eitie pod perou bez zafarbenia zubov a s\u00fa ide\u00e1lne na siln\u00fd p\u00f4\u017eitok na cest\u00e1ch. Tieto vrec\u00fa\u0161ka bez tabaku, ktor\u00e9 vyr\u00e1ba po\u013esk\u00fd v\u00fdrobca Neoptolem, zn\u00e1my spojen\u00edm najmodernej\u0161\u00edch inov\u00e1ci\u00ed s tradi\u010dnou kvalitou, prin\u00e1\u0161aj\u00fa v\u00fdbu\u0161n\u00fa chu\u0165 a extr\u00e9mnu silu.<\/p>\n<table>\n<tbody>\n<tr>\n<td><b>Atrib\u00fat<\/b><\/td>\n<td><b>Podrobnosti<\/b><\/td>\n<\/tr>\n<tr>\n<td><b>Obsah na plechovku<\/b><\/td>\n<td><span style=\"font-weight: 400;\">13 g (20 vrec\u00fa\u0161ok)<\/span><\/td>\n<\/tr>\n<tr>\n<td><b>Obsah nikot\u00ednu<\/b><\/td>\n<td><span style=\"font-weight: 400;\">50 mg\/g (35 mg na vrecko)<\/span><\/td>\n<\/tr>\n<tr>\n<td><b>Form\u00e1t vrecka<\/b><\/td>\n<td><span style=\"font-weight: 400;\">Slim<\/span><\/td>\n<\/tr>\n<tr>\n<td><b>V\u00fdrobca<\/b><\/td>\n<td><span style=\"font-weight: 400;\">Neoptolem<\/span><\/td>\n<\/tr>\n<tr>\n<td><b>Pr\u00edchu\u0165<\/b><\/td>\n<td>Ovocie<\/td>\n<\/tr>\n<tr>\n<td><b>Typ<\/b><\/td>\n<td><span style=\"font-weight: 400;\">Celobiele vrecko<\/span><\/td>\n<\/tr>\n<\/tbody>\n<\/table>\n<p>\u00a0<\/p>","protected":false},"excerpt":{"rendered":"<p>ICEBERG Dragonfire fiery <strong>tropick\u00e9 ovocie<\/strong> s jemn\u00fdm pikantn\u00fdm n\u00e1dychom pre v\u00fdrazn\u00fa, nezabudnute\u013en\u00fa chu\u0165. <strong>Slim<\/strong> Celobiele vrec\u00fa\u0161ka sa diskr\u00e9tne umiestnia pod pery bez zafarbenia. Extr\u00e9mna sila 50 mg\/g; ka\u017ed\u00e9 vrecko obsahuje <strong data-start=\"212\" data-end=\"231\">~35 mg nikot\u00ednu<\/strong>. Neobsahuje tabak a je ide\u00e1lna na v\u00fdkonn\u00e9 u\u017e\u00edvanie si na cest\u00e1ch. Vyr\u00e1ba Neoptolem v Po\u013esku.<\/p>","protected":false},"featured_media":10196,"comment_status":"open","ping_status":"closed","template":"","format":[206],"meta":{"_acf_changed":false},"product_brand":[],"product_cat":[50],"product_tag":[16603],"flavours":[196],"nicotine":[226,233],"class_list":{"0":"post-10195","1":"product","2":"type-product","3":"status-publish","4":"has-post-thumbnail","6":"product_cat-iceberg","7":"product_tag-35-mg-pouch","8":"pa_quantity-1-pack","9":"pa_quantity-10-pack","10":"pa_quantity-3-pack","11":"pa_quantity-30-pack","12":"pa_quantity-5-pack","13":"pa_quantity-60-pack","14":"flavours-fruits-berries","15":"format-slim","16":"nicotine-50-mg-g","17":"nicotine-extreme","19":"first","20":"instock","21":"taxable","22":"shipping-taxable","23":"purchasable","24":"product-type-variable","25":"has-default-attributes"},"acf":[],"_links":{"self":[{"href":"https:\/\/whitelip.com\/sk\/wp-json\/wp\/v2\/product\/10195","targetHints":{"allow":["GET"]}}],"collection":[{"href":"https:\/\/whitelip.com\/sk\/wp-json\/wp\/v2\/product"}],"about":[{"href":"https:\/\/whitelip.com\/sk\/wp-json\/wp\/v2\/types\/product"}],"replies":[{"embeddable":true,"href":"https:\/\/whitelip.com\/sk\/wp-json\/wp\/v2\/comments?post=10195"}],"wp:featuredmedia":[{"embeddable":true,"href":"https:\/\/whitelip.com\/sk\/wp-json\/wp\/v2\/media\/10196"}],"wp:attachment":[{"href":"https:\/\/whitelip.com\/sk\/wp-json\/wp\/v2\/media?parent=10195"}],"wp:term":[{"taxonomy":"product_brand","embeddable":true,"href":"https:\/\/whitelip.com\/sk\/wp-json\/wp\/v2\/product_brand?post=10195"},{"taxonomy":"product_cat","embeddable":true,"href":"https:\/\/whitelip.com\/sk\/wp-json\/wp\/v2\/product_cat?post=10195"},{"taxonomy":"product_tag","embeddable":true,"href":"https:\/\/whitelip.com\/sk\/wp-json\/wp\/v2\/product_tag?post=10195"},{"taxonomy":"flavours","embeddable":true,"href":"https:\/\/whitelip.com\/sk\/wp-json\/wp\/v2\/flavours?post=10195"},{"taxonomy":"format","embeddable":true,"href":"https:\/\/whitelip.com\/sk\/wp-json\/wp\/v2\/format?post=10195"},{"taxonomy":"nicotine","embeddable":true,"href":"https:\/\/whitelip.com\/sk\/wp-json\/wp\/v2\/nicotine?post=10195"}],"curies":[{"name":"wp","href":"https:\/\/api.w.org\/{rel}","templated":true}]}}