{"id":10185,"date":"2025-03-31T11:15:45","date_gmt":"2025-03-31T11:15:45","guid":{"rendered":"https:\/\/whitelip.com\/iceberg-cola-medium\/"},"modified":"2026-04-13T17:32:59","modified_gmt":"2026-04-13T17:32:59","slug":"iceberg-cola-medium","status":"publish","type":"product","link":"https:\/\/whitelip.com\/sk\/iceberg\/iceberg-cola-medium\/","title":{"rendered":"ICEBERG Cola Medium"},"content":{"rendered":"<h2><strong>ICEBERG Cola Medium<\/strong><\/h2>\n<p class=\"\" data-start=\"78\" data-end=\"697\">Nikot\u00ednov\u00e9 vrec\u00fa\u0161ka ICEBERG Cola Medium pon\u00fakaj\u00fa jemn\u00fa a klasick\u00fa kolov\u00fa pr\u00edchu\u0165 so sladk\u00fdmi, \u0161umiv\u00fdmi t\u00f3nmi, ktor\u00e9 prin\u00e1\u0161aj\u00fa osvie\u017euj\u00faci a nostalgick\u00fd chu\u0165ov\u00fd z\u00e1\u017eitok. So strednou silou nikot\u00ednu 20 mg na gram - pribli\u017ene 12 mg na vrec\u00fa\u0161ko - s\u00fa tieto vrec\u00fa\u0161ka tenk\u00e9ho form\u00e1tu vhodn\u00e9 pre sk\u00fasen\u00fdch u\u017e\u00edvate\u013eov, ktor\u00ed h\u013eadaj\u00fa vyv\u00e1\u017een\u00fd, ale z\u00e1rove\u0148 aromatick\u00fd n\u00e1boj. S\u00fa navrhnut\u00e9 na diskr\u00e9tne pou\u017e\u00edvanie bez zafarbenia zubov a s\u00fa ide\u00e1lne na pohodln\u00e9 u\u017e\u00edvanie na cest\u00e1ch. Tieto vrec\u00fa\u0161ka bez tabaku, ktor\u00e9 vyr\u00e1ba po\u013esk\u00fd v\u00fdrobca Neoptolem, zn\u00e1my spojen\u00edm modern\u00fdch postupov s tradi\u010dnou kvalitou, poskytuj\u00fa spo\u013eahliv\u00fa silu a nad\u010dasov\u00fa chu\u0165.<\/p>\n<table>\n<tbody>\n<tr>\n<td><b>Atrib\u00fat<\/b><\/td>\n<td><b>Podrobnosti<\/b><\/td>\n<\/tr>\n<tr>\n<td><b>Obsah na plechovku<\/b><\/td>\n<td><span style=\"font-weight: 400;\">12 g (20 vrec\u00fa\u0161ok)<\/span><\/td>\n<\/tr>\n<tr>\n<td><b>Obsah nikot\u00ednu<\/b><\/td>\n<td><span style=\"font-weight: 400;\">20 mg\/g (12 mg na vrecko)<\/span><\/td>\n<\/tr>\n<tr>\n<td><b>Form\u00e1t vrecka<\/b><\/td>\n<td><span style=\"font-weight: 400;\">Slim<\/span><\/td>\n<\/tr>\n<tr>\n<td><b>V\u00fdrobca<\/b><\/td>\n<td><span style=\"font-weight: 400;\">Neoptolem<\/span><\/td>\n<\/tr>\n<tr>\n<td><b>Pr\u00edchu\u0165<\/b><\/td>\n<td>Cola<\/td>\n<\/tr>\n<tr>\n<td><b>Typ<\/b><\/td>\n<td><span style=\"font-weight: 400;\">Celobiele vrecko<\/span><\/td>\n<\/tr>\n<\/tbody>\n<\/table>\n<p>\u00a0<\/p>","protected":false},"excerpt":{"rendered":"<p>ICEBERG Cola pon\u00faka hladk\u00fa klasiku <strong data-start=\"135\" data-end=\"143\">cola<\/strong> so sladk\u00fdmi, \u0161umiv\u00fdmi t\u00f3nmi pre osvie\u017euj\u00faci, nostalgick\u00fd profil. <strong data-start=\"211\" data-end=\"219\">Slim<\/strong> Celobiele vrec\u00fa\u0161ka sa diskr\u00e9tne umiestnia pod pery bez zafarbenia. Ka\u017ed\u00e9 vrecko obsahuje <strong data-start=\"305\" data-end=\"323\">12 mg nikot\u00ednu<\/strong>, \u010d\u00edm sa dosiahne vyv\u00e1\u017een\u00fd kop. Bez tabaku. Vyr\u00e1ba Neoptolem v Po\u013esku.<\/p>","protected":false},"featured_media":10186,"comment_status":"open","ping_status":"closed","template":"","format":[206],"meta":{"_acf_changed":false},"product_brand":[],"product_cat":[50],"product_tag":[16561],"flavours":[193],"nicotine":[218,232],"class_list":{"0":"post-10185","1":"product","2":"type-product","3":"status-publish","4":"has-post-thumbnail","6":"product_cat-iceberg","7":"product_tag-12-mg-pouch","8":"pa_quantity-1-pack","9":"pa_quantity-10-pack","10":"pa_quantity-3-pack","11":"pa_quantity-30-pack","12":"pa_quantity-5-pack","13":"pa_quantity-60-pack","14":"flavours-cola","15":"format-slim","16":"nicotine-20-mg-g","17":"nicotine-extra-strong","19":"first","20":"outofstock","21":"taxable","22":"shipping-taxable","23":"purchasable","24":"product-type-variable","25":"has-default-attributes"},"acf":[],"_links":{"self":[{"href":"https:\/\/whitelip.com\/sk\/wp-json\/wp\/v2\/product\/10185","targetHints":{"allow":["GET"]}}],"collection":[{"href":"https:\/\/whitelip.com\/sk\/wp-json\/wp\/v2\/product"}],"about":[{"href":"https:\/\/whitelip.com\/sk\/wp-json\/wp\/v2\/types\/product"}],"replies":[{"embeddable":true,"href":"https:\/\/whitelip.com\/sk\/wp-json\/wp\/v2\/comments?post=10185"}],"wp:featuredmedia":[{"embeddable":true,"href":"https:\/\/whitelip.com\/sk\/wp-json\/wp\/v2\/media\/10186"}],"wp:attachment":[{"href":"https:\/\/whitelip.com\/sk\/wp-json\/wp\/v2\/media?parent=10185"}],"wp:term":[{"taxonomy":"product_brand","embeddable":true,"href":"https:\/\/whitelip.com\/sk\/wp-json\/wp\/v2\/product_brand?post=10185"},{"taxonomy":"product_cat","embeddable":true,"href":"https:\/\/whitelip.com\/sk\/wp-json\/wp\/v2\/product_cat?post=10185"},{"taxonomy":"product_tag","embeddable":true,"href":"https:\/\/whitelip.com\/sk\/wp-json\/wp\/v2\/product_tag?post=10185"},{"taxonomy":"flavours","embeddable":true,"href":"https:\/\/whitelip.com\/sk\/wp-json\/wp\/v2\/flavours?post=10185"},{"taxonomy":"format","embeddable":true,"href":"https:\/\/whitelip.com\/sk\/wp-json\/wp\/v2\/format?post=10185"},{"taxonomy":"nicotine","embeddable":true,"href":"https:\/\/whitelip.com\/sk\/wp-json\/wp\/v2\/nicotine?post=10185"}],"curies":[{"name":"wp","href":"https:\/\/api.w.org\/{rel}","templated":true}]}}