{"id":10160,"date":"2025-03-31T11:00:22","date_gmt":"2025-03-31T11:00:22","guid":{"rendered":"https:\/\/whitelip.com\/iceberg-grape-gum-extreme\/"},"modified":"2026-04-18T17:42:34","modified_gmt":"2026-04-18T17:42:34","slug":"iceberg-grape-gum-extreme","status":"publish","type":"product","link":"https:\/\/whitelip.com\/sk\/iceberg\/iceberg-grape-gum-extreme\/","title":{"rendered":"ICEBERG Grape Gum Extreme"},"content":{"rendered":"<h2><strong>ICEBERG Grape Gum Extreme<\/strong><\/h2>\n<p class=\"\" data-start=\"82\" data-end=\"741\">Nikot\u00ednov\u00e9 vrec\u00fa\u0161ka ICEBERG Grape Gum Extreme prin\u00e1\u0161aj\u00fa sladk\u00fa a nostalgick\u00fa pr\u00edchu\u0165 hroznovej \u017euva\u010dky s v\u00fdrazn\u00fdm cukr\u00edkov\u00fdm n\u00e1dychom, ktor\u00e1 pretrv\u00e1va pri ka\u017edom pou\u017eit\u00ed. Ka\u017ed\u00e9 vrec\u00fa\u0161ko tenk\u00e9ho form\u00e1tu obsahuje 50 mg nikot\u00ednu na gram - pribli\u017ene 35 mg na vrec\u00fa\u0161ko, \u010do z nich rob\u00ed siln\u00fa vo\u013ebu pre sk\u00fasen\u00fdch u\u017e\u00edvate\u013eov, ktor\u00ed h\u013eadaj\u00fa siln\u00fd a aromatick\u00fd nikot\u00ednov\u00fd z\u00e1\u017eitok. S\u00fa navrhnut\u00e9 na diskr\u00e9tne pou\u017eitie pod perou bez zafarbenia zubov a s\u00fa ide\u00e1lne na pohodln\u00e9 u\u017e\u00edvanie na cest\u00e1ch. Tieto vrec\u00fa\u0161ka bez tabaku, ktor\u00e9 vyr\u00e1ba po\u013esk\u00fd v\u00fdrobca Neoptolem, zn\u00e1my spojen\u00edm modern\u00fdch inov\u00e1ci\u00ed s tradi\u010dnou kvalitou, vynikaj\u00fa jedine\u010dnou chu\u0165ou a intenz\u00edvnou silou.<\/p>\n<table>\n<tbody>\n<tr>\n<td><b>Atrib\u00fat<\/b><\/td>\n<td><b>Podrobnosti<\/b><\/td>\n<\/tr>\n<tr>\n<td><b>Obsah na plechovku<\/b><\/td>\n<td><span style=\"font-weight: 400;\">13 g (20 vrec\u00fa\u0161ok)<\/span><\/td>\n<\/tr>\n<tr>\n<td><b>Obsah nikot\u00ednu<\/b><\/td>\n<td><span style=\"font-weight: 400;\">50 mg\/g (35 mg na vrecko)<\/span><\/td>\n<\/tr>\n<tr>\n<td><b>Form\u00e1t vrecka<\/b><\/td>\n<td><span style=\"font-weight: 400;\">Slim<\/span><\/td>\n<\/tr>\n<tr>\n<td><b>V\u00fdrobca<\/b><\/td>\n<td><span style=\"font-weight: 400;\">Neoptolem<\/span><\/td>\n<\/tr>\n<tr>\n<td><b>Pr\u00edchu\u0165<\/b><\/td>\n<td>Hrozno \u017duva\u010dka<\/td>\n<\/tr>\n<tr>\n<td><b>Typ<\/b><\/td>\n<td><span style=\"font-weight: 400;\">Celobiele vrecko<\/span><\/td>\n<\/tr>\n<\/tbody>\n<\/table>\n<p>\u00a0<\/p>","protected":false},"excerpt":{"rendered":"<p>ICEBERG Grape Gum prin\u00e1\u0161a sladk\u00fa, nostalgick\u00fa chu\u0165 <strong data-start=\"46\" data-end=\"59\">hroznov\u00e1 \u017euva\u010dka<\/strong> chu\u0165 s v\u00fdrazn\u00fdm cukr\u00edkov\u00fdm n\u00e1dychom. <strong data-start=\"98\" data-end=\"106\">Slim<\/strong> Celobiele vrec\u00fa\u0161ka sa diskr\u00e9tne umiestnia pod pery bez zafarbenia. Ka\u017ed\u00e9 vrecko obsahuje <strong data-start=\"192\" data-end=\"210\">35 mg nikot\u00ednu<\/strong>, a pon\u00faka siln\u00fd a aromatick\u00fd z\u00e1sah. Neobsahuje tabak. Vyr\u00e1ba Neoptolem v Po\u013esku.<\/p>","protected":false},"featured_media":10161,"comment_status":"open","ping_status":"closed","template":"","format":[206],"meta":{"_acf_changed":false},"product_brand":[],"product_cat":[50],"product_tag":[16603],"flavours":[196],"nicotine":[226,233],"class_list":{"0":"post-10160","1":"product","2":"type-product","3":"status-publish","4":"has-post-thumbnail","6":"product_cat-iceberg","7":"product_tag-35-mg-pouch","8":"pa_quantity-1-pack","9":"pa_quantity-10-pack","10":"pa_quantity-3-pack","11":"pa_quantity-30-pack","12":"pa_quantity-5-pack","13":"pa_quantity-60-pack","14":"flavours-fruits-berries","15":"format-slim","16":"nicotine-50-mg-g","17":"nicotine-extreme","19":"first","20":"instock","21":"taxable","22":"shipping-taxable","23":"purchasable","24":"product-type-variable","25":"has-default-attributes"},"acf":[],"_links":{"self":[{"href":"https:\/\/whitelip.com\/sk\/wp-json\/wp\/v2\/product\/10160","targetHints":{"allow":["GET"]}}],"collection":[{"href":"https:\/\/whitelip.com\/sk\/wp-json\/wp\/v2\/product"}],"about":[{"href":"https:\/\/whitelip.com\/sk\/wp-json\/wp\/v2\/types\/product"}],"replies":[{"embeddable":true,"href":"https:\/\/whitelip.com\/sk\/wp-json\/wp\/v2\/comments?post=10160"}],"wp:featuredmedia":[{"embeddable":true,"href":"https:\/\/whitelip.com\/sk\/wp-json\/wp\/v2\/media\/10161"}],"wp:attachment":[{"href":"https:\/\/whitelip.com\/sk\/wp-json\/wp\/v2\/media?parent=10160"}],"wp:term":[{"taxonomy":"product_brand","embeddable":true,"href":"https:\/\/whitelip.com\/sk\/wp-json\/wp\/v2\/product_brand?post=10160"},{"taxonomy":"product_cat","embeddable":true,"href":"https:\/\/whitelip.com\/sk\/wp-json\/wp\/v2\/product_cat?post=10160"},{"taxonomy":"product_tag","embeddable":true,"href":"https:\/\/whitelip.com\/sk\/wp-json\/wp\/v2\/product_tag?post=10160"},{"taxonomy":"flavours","embeddable":true,"href":"https:\/\/whitelip.com\/sk\/wp-json\/wp\/v2\/flavours?post=10160"},{"taxonomy":"format","embeddable":true,"href":"https:\/\/whitelip.com\/sk\/wp-json\/wp\/v2\/format?post=10160"},{"taxonomy":"nicotine","embeddable":true,"href":"https:\/\/whitelip.com\/sk\/wp-json\/wp\/v2\/nicotine?post=10160"}],"curies":[{"name":"wp","href":"https:\/\/api.w.org\/{rel}","templated":true}]}}