{"id":10155,"date":"2025-03-31T10:55:23","date_gmt":"2025-03-31T10:55:23","guid":{"rendered":"https:\/\/whitelip.com\/iceberg-cherry-extreme\/"},"modified":"2026-04-30T10:11:02","modified_gmt":"2026-04-30T10:11:02","slug":"iceberg-cherry-extreme","status":"publish","type":"product","link":"https:\/\/whitelip.com\/sk\/iceberg\/iceberg-cherry-extreme\/","title":{"rendered":"ICEBERG Cherry Extreme"},"content":{"rendered":"<h2><strong>ICEBERG Cherry Extreme<\/strong><\/h2>\n<p class=\"\" data-start=\"80\" data-end=\"707\">Nikot\u00ednov\u00e9 vrec\u00fa\u0161ka ICEBERG Cherry Extreme prin\u00e1\u0161aj\u00fa v\u00fdrazn\u00fa a \u0161\u0165avnat\u00fa \u010dere\u0161\u0148ov\u00fa pr\u00edchu\u0165 so sladk\u00fdm, ale mierne trpk\u00fdm profilom, ktor\u00e1 pon\u00faka bohat\u00fd a ovocn\u00fd z\u00e1\u017eitok. Ka\u017ed\u00e9 vrec\u00fa\u0161ko tenk\u00e9ho form\u00e1tu obsahuje 50 mg nikot\u00ednu na gram - pribli\u017ene 35 mg na vrec\u00fa\u0161ko, tak\u017ee s\u00fa ide\u00e1lne pre sk\u00fasen\u00fdch u\u017e\u00edvate\u013eov, ktor\u00ed h\u013eadaj\u00fa siln\u00fd a aromatick\u00fd nikot\u00ednov\u00fd hit. S\u00fa navrhnut\u00e9 na diskr\u00e9tne pou\u017eitie pod perou bez zafarbenia zubov a s\u00fa ide\u00e1lne na cesty. Tieto vrec\u00fa\u0161ka bez tabaku, ktor\u00e9 vyr\u00e1ba po\u013esk\u00fd v\u00fdrobca Neoptolem, zn\u00e1my spojen\u00edm modern\u00fdch inov\u00e1ci\u00ed s tradi\u010dn\u00fdm remeseln\u00fdm spracovan\u00edm, sa vyzna\u010duj\u00fa intenz\u00edvnou chu\u0165ou a prvotriednou kvalitou.<\/p>\n<table>\n<tbody>\n<tr>\n<td><b>Atrib\u00fat<\/b><\/td>\n<td><b>Podrobnosti<\/b><\/td>\n<\/tr>\n<tr>\n<td><b>Obsah na plechovku<\/b><\/td>\n<td><span style=\"font-weight: 400;\">13 g (20 vrec\u00fa\u0161ok)<\/span><\/td>\n<\/tr>\n<tr>\n<td><b>Obsah nikot\u00ednu<\/b><\/td>\n<td><span style=\"font-weight: 400;\">50 mg\/g (35 mg na vrecko)<\/span><\/td>\n<\/tr>\n<tr>\n<td><b>Form\u00e1t vrecka<\/b><\/td>\n<td><span style=\"font-weight: 400;\">Slim<\/span><\/td>\n<\/tr>\n<tr>\n<td><b>V\u00fdrobca<\/b><\/td>\n<td><span style=\"font-weight: 400;\">Neoptolem<\/span><\/td>\n<\/tr>\n<tr>\n<td><b>Pr\u00edchu\u0165<\/b><\/td>\n<td>Cherry<\/td>\n<\/tr>\n<tr>\n<td><b>Typ<\/b><\/td>\n<td><span style=\"font-weight: 400;\">Celobiele vrecko<\/span><\/td>\n<\/tr>\n<\/tbody>\n<\/table>\n<p>\u00a0<\/p>","protected":false},"excerpt":{"rendered":"<p>ICEBERG Cherry prin\u00e1\u0161a v\u00fdrazn\u00fa, \u0161\u0165avnat\u00fa chu\u0165 <strong data-start=\"38\" data-end=\"48\">\u010dere\u0161\u0148a<\/strong> so sladk\u00fdm, mierne trpk\u00fdm profilom pre bohat\u00fd ovocn\u00fd z\u00e1\u017eitok. <strong data-start=\"123\" data-end=\"131\">Slim<\/strong> Celobiele vrec\u00fa\u0161ka sa diskr\u00e9tne umiestnia pod pery bez zafarbenia. Ka\u017ed\u00e9 vrecko obsahuje <strong data-start=\"217\" data-end=\"235\">35 mg nikot\u00ednu<\/strong>, ide\u00e1lny pre sk\u00fasen\u00fdch pou\u017e\u00edvate\u013eov, ktor\u00ed h\u013eadaj\u00fa siln\u00fd, aromatick\u00fd z\u00e1sah. Bez tabaku. Vyr\u00e1ba spolo\u010dnos\u0165 Neoptolem v Po\u013esku.<\/p>","protected":false},"featured_media":10156,"comment_status":"open","ping_status":"closed","template":"","format":[206],"meta":{"_acf_changed":false},"product_brand":[],"product_cat":[50],"product_tag":[16603],"flavours":[196],"nicotine":[226,233],"class_list":{"0":"post-10155","1":"product","2":"type-product","3":"status-publish","4":"has-post-thumbnail","6":"product_cat-iceberg","7":"product_tag-35-mg-pouch","8":"pa_quantity-1-pack","9":"pa_quantity-10-pack","10":"pa_quantity-3-pack","11":"pa_quantity-30-pack","12":"pa_quantity-5-pack","13":"pa_quantity-60-pack","14":"flavours-fruits-berries","15":"format-slim","16":"nicotine-50-mg-g","17":"nicotine-extreme","19":"first","20":"instock","21":"taxable","22":"shipping-taxable","23":"purchasable","24":"product-type-variable","25":"has-default-attributes"},"acf":[],"_links":{"self":[{"href":"https:\/\/whitelip.com\/sk\/wp-json\/wp\/v2\/product\/10155","targetHints":{"allow":["GET"]}}],"collection":[{"href":"https:\/\/whitelip.com\/sk\/wp-json\/wp\/v2\/product"}],"about":[{"href":"https:\/\/whitelip.com\/sk\/wp-json\/wp\/v2\/types\/product"}],"replies":[{"embeddable":true,"href":"https:\/\/whitelip.com\/sk\/wp-json\/wp\/v2\/comments?post=10155"}],"wp:featuredmedia":[{"embeddable":true,"href":"https:\/\/whitelip.com\/sk\/wp-json\/wp\/v2\/media\/10156"}],"wp:attachment":[{"href":"https:\/\/whitelip.com\/sk\/wp-json\/wp\/v2\/media?parent=10155"}],"wp:term":[{"taxonomy":"product_brand","embeddable":true,"href":"https:\/\/whitelip.com\/sk\/wp-json\/wp\/v2\/product_brand?post=10155"},{"taxonomy":"product_cat","embeddable":true,"href":"https:\/\/whitelip.com\/sk\/wp-json\/wp\/v2\/product_cat?post=10155"},{"taxonomy":"product_tag","embeddable":true,"href":"https:\/\/whitelip.com\/sk\/wp-json\/wp\/v2\/product_tag?post=10155"},{"taxonomy":"flavours","embeddable":true,"href":"https:\/\/whitelip.com\/sk\/wp-json\/wp\/v2\/flavours?post=10155"},{"taxonomy":"format","embeddable":true,"href":"https:\/\/whitelip.com\/sk\/wp-json\/wp\/v2\/format?post=10155"},{"taxonomy":"nicotine","embeddable":true,"href":"https:\/\/whitelip.com\/sk\/wp-json\/wp\/v2\/nicotine?post=10155"}],"curies":[{"name":"wp","href":"https:\/\/api.w.org\/{rel}","templated":true}]}}