{"id":10135,"date":"2025-03-31T09:36:00","date_gmt":"2025-03-31T09:36:00","guid":{"rendered":"https:\/\/whitelip.com\/iceberg-apple-lemon-pineapple-extreme\/"},"modified":"2026-04-29T10:11:14","modified_gmt":"2026-04-29T10:11:14","slug":"iceberg-apple-lemon-pineapple-extreme","status":"publish","type":"product","link":"https:\/\/whitelip.com\/sk\/iceberg\/iceberg-apple-lemon-pineapple-extreme\/","title":{"rendered":"ICEBERG Apple Lemon Pineapple Extreme"},"content":{"rendered":"<h2><strong>ICEBERG Apple Lemon Pineapple Extreme<\/strong><\/h2>\n<p class=\"\" data-start=\"89\" data-end=\"754\">Nikot\u00ednov\u00e9 vrec\u00fa\u0161ka ICEBERG Apple Lemon Pineapple Extreme prin\u00e1\u0161aj\u00fa odv\u00e1\u017enu a exotick\u00fa kombin\u00e1ciu ovocia, ktor\u00e1 v sebe sp\u00e1ja svie\u017eos\u0165 zelen\u00e9ho jablka, pikantn\u00fd citr\u00f3n a tropick\u00fa sladkos\u0165 anan\u00e1su. S vysok\u00fdm obsahom nikot\u00ednu 50 mg na gram - pribli\u017ene 35 mg na vrec\u00fa\u0161ko - s\u00fa tieto vrec\u00fa\u0161ka tenk\u00e9ho form\u00e1tu ur\u010den\u00e9 pre sk\u00fasen\u00fdch u\u017e\u00edvate\u013eov, ktor\u00ed h\u013eadaj\u00fa siln\u00fd a aromatick\u00fd z\u00e1\u017eitok. S\u00fa diskr\u00e9tne a pohodln\u00e9 pod perou, navrhnut\u00e9 tak, aby sa zabr\u00e1nilo zafarbeniu zubov, a s\u00fa ide\u00e1lne na pou\u017eitie kedyko\u013evek a kdeko\u013evek. Tieto vrec\u00fa\u0161ka bez tabaku, ktor\u00e9 vyr\u00e1ba po\u013esk\u00fd v\u00fdrobca Neoptolem, zn\u00e1my inov\u00e1ciami a kvalitou, pos\u00favaj\u00fa hranice odv\u00e1\u017enej chuti a sily.<\/p>\n<table>\n<tbody>\n<tr>\n<td><b>Atrib\u00fat<\/b><\/td>\n<td><b>Podrobnosti<\/b><\/td>\n<\/tr>\n<tr>\n<td><b>Obsah na plechovku<\/b><\/td>\n<td><span style=\"font-weight: 400;\">13 g (20 vrec\u00fa\u0161ok)<\/span><\/td>\n<\/tr>\n<tr>\n<td><b>Obsah nikot\u00ednu<\/b><\/td>\n<td><span style=\"font-weight: 400;\">50 mg\/g (35 mg na vrecko)<\/span><\/td>\n<\/tr>\n<tr>\n<td><b>Form\u00e1t vrecka<\/b><\/td>\n<td><span style=\"font-weight: 400;\">Slim<\/span><\/td>\n<\/tr>\n<tr>\n<td><b>V\u00fdrobca<\/b><\/td>\n<td><span style=\"font-weight: 400;\">Neoptolem<\/span><\/td>\n<\/tr>\n<tr>\n<td><b>Pr\u00edchu\u0165<\/b><\/td>\n<td><span style=\"font-weight: 400;\">Jablko, Citr\u00f3ny, Ananas<\/span><\/td>\n<\/tr>\n<tr>\n<td><b>Typ<\/b><\/td>\n<td><span style=\"font-weight: 400;\">Celobiele vrecko<\/span><\/td>\n<\/tr>\n<\/tbody>\n<\/table>\n<p>\u00a0<\/p>","protected":false},"excerpt":{"rendered":"<p>ICEBERG Apple Lemon Pineapple prin\u00e1\u0161a odv\u00e1\u017enu, exotick\u00fa chu\u0165 <strong data-start=\"54\" data-end=\"79\">jablko citr\u00f3n anan\u00e1s<\/strong> zmes s chrumkav\u00fdm jablkom, pikantn\u00fdm citr\u00f3nom a tropick\u00fdm anan\u00e1som. <strong data-start=\"141\" data-end=\"149\">Slim<\/strong> Celobiele vrec\u00fa\u0161ka sa diskr\u00e9tne umiestnia pod pery bez zafarbenia. Ka\u017ed\u00e9 vrecko obsahuje <strong data-start=\"235\" data-end=\"253\">35 mg nikot\u00ednu<\/strong>, a poskytuje siln\u00fd a aromatick\u00fd z\u00e1sah. Bez tabaku. Vyr\u00e1ba Neoptolem v Po\u013esku.<\/p>","protected":false},"featured_media":10136,"comment_status":"open","ping_status":"closed","template":"","format":[206],"meta":{"_acf_changed":false},"product_brand":[],"product_cat":[50],"product_tag":[16603],"flavours":[196],"nicotine":[226,233],"class_list":{"0":"post-10135","1":"product","2":"type-product","3":"status-publish","4":"has-post-thumbnail","6":"product_cat-iceberg","7":"product_tag-35-mg-pouch","8":"pa_quantity-1-pack","9":"pa_quantity-10-pack","10":"pa_quantity-3-pack","11":"pa_quantity-30-pack","12":"pa_quantity-5-pack","13":"pa_quantity-60-pack","14":"flavours-fruits-berries","15":"format-slim","16":"nicotine-50-mg-g","17":"nicotine-extreme","19":"first","20":"instock","21":"taxable","22":"shipping-taxable","23":"purchasable","24":"product-type-variable","25":"has-default-attributes"},"acf":[],"_links":{"self":[{"href":"https:\/\/whitelip.com\/sk\/wp-json\/wp\/v2\/product\/10135","targetHints":{"allow":["GET"]}}],"collection":[{"href":"https:\/\/whitelip.com\/sk\/wp-json\/wp\/v2\/product"}],"about":[{"href":"https:\/\/whitelip.com\/sk\/wp-json\/wp\/v2\/types\/product"}],"replies":[{"embeddable":true,"href":"https:\/\/whitelip.com\/sk\/wp-json\/wp\/v2\/comments?post=10135"}],"wp:featuredmedia":[{"embeddable":true,"href":"https:\/\/whitelip.com\/sk\/wp-json\/wp\/v2\/media\/10136"}],"wp:attachment":[{"href":"https:\/\/whitelip.com\/sk\/wp-json\/wp\/v2\/media?parent=10135"}],"wp:term":[{"taxonomy":"product_brand","embeddable":true,"href":"https:\/\/whitelip.com\/sk\/wp-json\/wp\/v2\/product_brand?post=10135"},{"taxonomy":"product_cat","embeddable":true,"href":"https:\/\/whitelip.com\/sk\/wp-json\/wp\/v2\/product_cat?post=10135"},{"taxonomy":"product_tag","embeddable":true,"href":"https:\/\/whitelip.com\/sk\/wp-json\/wp\/v2\/product_tag?post=10135"},{"taxonomy":"flavours","embeddable":true,"href":"https:\/\/whitelip.com\/sk\/wp-json\/wp\/v2\/flavours?post=10135"},{"taxonomy":"format","embeddable":true,"href":"https:\/\/whitelip.com\/sk\/wp-json\/wp\/v2\/format?post=10135"},{"taxonomy":"nicotine","embeddable":true,"href":"https:\/\/whitelip.com\/sk\/wp-json\/wp\/v2\/nicotine?post=10135"}],"curies":[{"name":"wp","href":"https:\/\/api.w.org\/{rel}","templated":true}]}}