{"id":10130,"date":"2025-03-31T09:14:02","date_gmt":"2025-03-31T09:14:02","guid":{"rendered":"https:\/\/whitelip.com\/cuba-white-ice-spearmint\/"},"modified":"2026-04-22T10:11:53","modified_gmt":"2026-04-22T10:11:53","slug":"cuba-white-ice-spearmint","status":"publish","type":"product","link":"https:\/\/whitelip.com\/sk\/cuba\/cuba-white-ice-spearmint\/","title":{"rendered":"CUBA White Ice Spearmint"},"content":{"rendered":"<h2><strong>CUBA White Ice Spearmint<\/strong><\/h2>\n<p class=\"\" data-start=\"82\" data-end=\"712\">Nikot\u00ednov\u00e9 vrec\u00fa\u0161ka CUBA White Ice Spearmint prin\u00e1\u0161aj\u00fa svie\u017eu a povzbudzuj\u00facu m\u00e4tov\u00fa pr\u00edchu\u0165 s chladiv\u00fdm \u013eadov\u00fdm zakon\u010den\u00edm, ktor\u00e9 pon\u00faka svie\u017ei a dlhotrvaj\u00faci chu\u0165ov\u00fd z\u00e1\u017eitok. Ka\u017ed\u00e9 tenk\u00e9, celobiele vrec\u00fa\u0161ko obsahuje 16 mg nikot\u00ednu, \u010do poskytuje siln\u00fd a uspokojiv\u00fd \u00fa\u010dinok vhodn\u00fd pre sk\u00fasen\u00fdch pou\u017e\u00edvate\u013eov. Tieto vreck\u00fa\u0161ka, navrhnut\u00e9 na diskr\u00e9tne a pohodln\u00e9 pou\u017eitie pod perou, nezafarbuj\u00fa zuby a s\u00fa ide\u00e1lne na pou\u017eitie na cest\u00e1ch. Tieto vreck\u00fa\u0161ka bez tabaku vynikaj\u00fa pr\u00e9miovou kvalitou a osvie\u017euj\u00facim chu\u0165ov\u00fdm profilom.<\/p>\n<table>\n<tbody>\n<tr>\n<td><b>Atrib\u00fat<\/b><\/td>\n<td><b>Podrobnosti<\/b><\/td>\n<\/tr>\n<tr>\n<td><b>Obsah na plechovku<\/b><\/td>\n<td><span style=\"font-weight: 400;\">13 g (20 vrec\u00fa\u0161ok)<\/span><\/td>\n<\/tr>\n<tr>\n<td><b>Obsah nikot\u00ednu<\/b><\/td>\n<td><span style=\"font-weight: 400;\">16 mg\/g (16 mg na vrecko)<\/span><\/td>\n<\/tr>\n<tr>\n<td><b>Form\u00e1t vrecka<\/b><\/td>\n<td><span style=\"font-weight: 400;\">Slim<\/span><\/td>\n<\/tr>\n<tr>\n<td><b>V\u00fdrobca<\/b><\/td>\n<td><span style=\"font-weight: 400;\">KUBA<\/span><\/td>\n<\/tr>\n<tr>\n<td><b>Pr\u00edchu\u0165<\/b><\/td>\n<td><span style=\"font-weight: 400;\">M\u00e4ta pieporn\u00e1<\/span><\/td>\n<\/tr>\n<tr>\n<td><b>Typ<\/b><\/td>\n<td><span style=\"font-weight: 400;\">Celobiele vrecko<\/span><\/td>\n<\/tr>\n<\/tbody>\n<\/table>","protected":false},"excerpt":{"rendered":"<p>Svie\u017ee, povzbudiv\u00e9 <strong data-start=\"20\" data-end=\"52\">m\u00e4ta pieporn\u00e1 <\/strong>s osvie\u017euj\u00facim, dlhotrvaj\u00facim z\u00e1 soledkom. <strong data-start=\"90\" data-end=\"109\">\u0161t\u00edhly, <\/strong>biele vreck\u00e1 sedia diskr\u00e9tne a pohodlne pod perou pre \u010dist\u00e9 pou\u017eitie na cest\u00e1ch. Ka\u017ed\u00e9 vrecko obsahuje <strong data-start=\"209\" data-end=\"237\">16 mg nikot\u00ednu na vrec\u00fa\u0161ko<\/strong>, prin\u00e1\u0161aj\u00faci siln\u00fd, uspokojiv\u00fd \u00fader z pr\u00e9miov\u00e9ho radu bez tabaku od CUBA.<\/p>","protected":false},"featured_media":10131,"comment_status":"open","ping_status":"closed","template":"","format":[206],"meta":{"_acf_changed":false},"product_brand":[],"product_cat":[46],"product_tag":[16569],"flavours":[199],"nicotine":[213,232],"class_list":{"0":"post-10130","1":"product","2":"type-product","3":"status-publish","4":"has-post-thumbnail","6":"product_cat-cuba","7":"product_tag-16-mg-pouch","8":"pa_quantity-1-pack","9":"pa_quantity-10-pack","10":"pa_quantity-3-pack","11":"pa_quantity-30-pack","12":"pa_quantity-5-pack","13":"pa_quantity-60-pack","14":"flavours-mint","15":"format-slim","16":"nicotine-16-mg-g","17":"nicotine-extra-strong","19":"first","20":"outofstock","21":"taxable","22":"shipping-taxable","23":"purchasable","24":"product-type-variable","25":"has-default-attributes"},"acf":[],"_links":{"self":[{"href":"https:\/\/whitelip.com\/sk\/wp-json\/wp\/v2\/product\/10130","targetHints":{"allow":["GET"]}}],"collection":[{"href":"https:\/\/whitelip.com\/sk\/wp-json\/wp\/v2\/product"}],"about":[{"href":"https:\/\/whitelip.com\/sk\/wp-json\/wp\/v2\/types\/product"}],"replies":[{"embeddable":true,"href":"https:\/\/whitelip.com\/sk\/wp-json\/wp\/v2\/comments?post=10130"}],"wp:featuredmedia":[{"embeddable":true,"href":"https:\/\/whitelip.com\/sk\/wp-json\/wp\/v2\/media\/10131"}],"wp:attachment":[{"href":"https:\/\/whitelip.com\/sk\/wp-json\/wp\/v2\/media?parent=10130"}],"wp:term":[{"taxonomy":"product_brand","embeddable":true,"href":"https:\/\/whitelip.com\/sk\/wp-json\/wp\/v2\/product_brand?post=10130"},{"taxonomy":"product_cat","embeddable":true,"href":"https:\/\/whitelip.com\/sk\/wp-json\/wp\/v2\/product_cat?post=10130"},{"taxonomy":"product_tag","embeddable":true,"href":"https:\/\/whitelip.com\/sk\/wp-json\/wp\/v2\/product_tag?post=10130"},{"taxonomy":"flavours","embeddable":true,"href":"https:\/\/whitelip.com\/sk\/wp-json\/wp\/v2\/flavours?post=10130"},{"taxonomy":"format","embeddable":true,"href":"https:\/\/whitelip.com\/sk\/wp-json\/wp\/v2\/format?post=10130"},{"taxonomy":"nicotine","embeddable":true,"href":"https:\/\/whitelip.com\/sk\/wp-json\/wp\/v2\/nicotine?post=10130"}],"curies":[{"name":"wp","href":"https:\/\/api.w.org\/{rel}","templated":true}]}}