{"id":10115,"date":"2025-03-31T09:02:17","date_gmt":"2025-03-31T09:02:17","guid":{"rendered":"https:\/\/whitelip.com\/77-ghost-cola-ice-mini\/"},"modified":"2026-04-22T16:09:02","modified_gmt":"2026-04-22T16:09:02","slug":"77-ghost-cola-ice-mini","status":"publish","type":"product","link":"https:\/\/whitelip.com\/sk\/77\/77-ghost-cola-ice-mini\/","title":{"rendered":"77 Ghost Cola Ice Mini"},"content":{"rendered":"<h2><strong>77 Ghost Cola Ice Mini<\/strong><\/h2>\n<p class=\"\" data-start=\"89\" data-end=\"694\">77 Nikot\u00ednov\u00e9 vrec\u00fa\u0161ka Ghost Cola Ice Mini kombinuj\u00fa v\u00fdrazn\u00fa, nostalgick\u00fa chu\u0165 klasickej koly s \u013eadov\u00fdm mentolov\u00fdm n\u00e1dychom pre osvie\u017euj\u00faci a povzbudzuj\u00faci z\u00e1\u017eitok. Ka\u017ed\u00e9 mini vrec\u00fa\u0161ko, cel\u00e9 biele, dod\u00e1va siln\u00fdch 20 mg nikot\u00ednu, \u010do z neho rob\u00ed v\u00fdkonn\u00fa mo\u017enos\u0165 prisp\u00f4soben\u00fa pre ve\u013emi sk\u00fasen\u00fdch u\u017e\u00edvate\u013eov. Vrec\u00fa\u0161ka s\u00fa navrhnut\u00e9 na diskr\u00e9tne pou\u017e\u00edvanie a pohodlne sa zmestia pod pery bez zafarbenia zubov, \u010do zaru\u010duje \u010dist\u00fd a pohodln\u00fd z\u00e1\u017eitok kedyko\u013evek. Tieto vrec\u00fa\u0161ka bez tabaku, ktor\u00e9 vyr\u00e1ba spolo\u010dnos\u0165 77 Group, vynikaj\u00fa intenz\u00edvnou chu\u0165ou a mimoriadne siln\u00fdm n\u00e1bojom a s\u00fa uk\u00e1\u017ekou inov\u00e1ci\u00ed a vysokokvalitn\u00e9ho spracovania.<\/p>\n<table>\n<tbody>\n<tr>\n<td><b>Atrib\u00fat<\/b><\/td>\n<td><b>Podrobnosti<\/b><\/td>\n<\/tr>\n<tr>\n<td><b>Obsah na plechovku<\/b><\/td>\n<td><span style=\"font-weight: 400;\">13 g (20 vrec\u00fa\u0161ok)<\/span><\/td>\n<\/tr>\n<tr>\n<td><b>Obsah nikot\u00ednu<\/b><\/td>\n<td><span style=\"font-weight: 400;\">40 mg\/g (20 mg na vrecko)<\/span><\/td>\n<\/tr>\n<tr>\n<td><b>Form\u00e1t vrecka<\/b><\/td>\n<td><span style=\"font-weight: 400;\">Mini<\/span><\/td>\n<\/tr>\n<tr>\n<td><b>V\u00fdrobca<\/b><\/td>\n<td><span style=\"font-weight: 400;\">77 Skupina<\/span><\/td>\n<\/tr>\n<tr>\n<td><b>Pr\u00edchu\u0165<\/b><\/td>\n<td><span style=\"font-weight: 400;\">Cola<\/span><\/td>\n<\/tr>\n<tr>\n<td><b>Typ<\/b><\/td>\n<td><span style=\"font-weight: 400;\">Celobiele vrecko<\/span><\/td>\n<\/tr>\n<\/tbody>\n<\/table>","protected":false},"excerpt":{"rendered":"<p>Odv\u00e1\u017eny, nostalgick\u00fd <strong data-start=\"16\" data-end=\"41\">kola s \u013eadov\u00fdm mentolom<\/strong> pre svie\u017ei, osvie\u017euj\u00faci z\u00e1\u017eitok. Na str\u00e1nke . <strong data-start=\"75\" data-end=\"94\">mini,<\/strong> Celobiele vrec\u00fa\u0161ka sa diskr\u00e9tne umiestnia pod pery, aby ste ich mohli pou\u017e\u00edva\u0165 kedyko\u013evek a \u010disto. Ka\u017ed\u00e9 vrecko obsahuje <strong data-start=\"176\" data-end=\"194\">20 mg nikot\u00ednu<\/strong>, ktor\u00fd sk\u00fasen\u00fdm pou\u017e\u00edvate\u013eom poskytuje mimoriadne siln\u00fd, povzbudzuj\u00faci kopanec.<\/p>","protected":false},"featured_media":10116,"comment_status":"open","ping_status":"closed","template":"","format":[205],"meta":{"_acf_changed":false},"product_brand":[],"product_cat":[23],"product_tag":[16545],"flavours":[193,199],"nicotine":[225,233],"class_list":{"0":"post-10115","1":"product","2":"type-product","3":"status-publish","4":"has-post-thumbnail","6":"product_cat-23","7":"product_tag-20-mg-pouch","8":"pa_quantity-1-pack","9":"pa_quantity-10-pack","10":"pa_quantity-3-pack","11":"pa_quantity-30-pack","12":"pa_quantity-5-pack","13":"pa_quantity-60-pack","14":"flavours-cola","15":"flavours-mint","16":"format-mini","17":"nicotine-40-mg-g","18":"nicotine-extreme","20":"first","21":"instock","22":"taxable","23":"shipping-taxable","24":"purchasable","25":"product-type-variable","26":"has-default-attributes"},"acf":[],"_links":{"self":[{"href":"https:\/\/whitelip.com\/sk\/wp-json\/wp\/v2\/product\/10115","targetHints":{"allow":["GET"]}}],"collection":[{"href":"https:\/\/whitelip.com\/sk\/wp-json\/wp\/v2\/product"}],"about":[{"href":"https:\/\/whitelip.com\/sk\/wp-json\/wp\/v2\/types\/product"}],"replies":[{"embeddable":true,"href":"https:\/\/whitelip.com\/sk\/wp-json\/wp\/v2\/comments?post=10115"}],"wp:featuredmedia":[{"embeddable":true,"href":"https:\/\/whitelip.com\/sk\/wp-json\/wp\/v2\/media\/10116"}],"wp:attachment":[{"href":"https:\/\/whitelip.com\/sk\/wp-json\/wp\/v2\/media?parent=10115"}],"wp:term":[{"taxonomy":"product_brand","embeddable":true,"href":"https:\/\/whitelip.com\/sk\/wp-json\/wp\/v2\/product_brand?post=10115"},{"taxonomy":"product_cat","embeddable":true,"href":"https:\/\/whitelip.com\/sk\/wp-json\/wp\/v2\/product_cat?post=10115"},{"taxonomy":"product_tag","embeddable":true,"href":"https:\/\/whitelip.com\/sk\/wp-json\/wp\/v2\/product_tag?post=10115"},{"taxonomy":"flavours","embeddable":true,"href":"https:\/\/whitelip.com\/sk\/wp-json\/wp\/v2\/flavours?post=10115"},{"taxonomy":"format","embeddable":true,"href":"https:\/\/whitelip.com\/sk\/wp-json\/wp\/v2\/format?post=10115"},{"taxonomy":"nicotine","embeddable":true,"href":"https:\/\/whitelip.com\/sk\/wp-json\/wp\/v2\/nicotine?post=10115"}],"curies":[{"name":"wp","href":"https:\/\/api.w.org\/{rel}","templated":true}]}}