{"id":10105,"date":"2025-03-31T08:42:57","date_gmt":"2025-03-31T08:42:57","guid":{"rendered":"https:\/\/whitelip.com\/77-cola-ice-medium\/"},"modified":"2026-05-09T10:11:20","modified_gmt":"2026-05-09T10:11:20","slug":"77-cola-ice-medium","status":"publish","type":"product","link":"https:\/\/whitelip.com\/sk\/77\/77-cola-ice-medium\/","title":{"rendered":"77 Cola Ice Medium"},"content":{"rendered":"<h2><strong>77 Cola Ice Medium<\/strong><\/h2>\n<p class=\"\" data-start=\"91\" data-end=\"587\">Vrecia nikot\u00ednu 77 Cola Ice Medium pon\u00fakaj\u00fa nostalgick\u00fa a peniv\u00fa chu\u0165 coly so st\u00f4pcom sladosti, pripom\u00ednaj\u00facu klasick\u00e9 nealkoholick\u00e9 n\u00e1poje. Ka\u017ed\u00e9 \u0161tihle, \u00faplne biele vrecko dod\u00e1va 10,4 mg nikot\u00ednu, \u010do poskytuje siln\u00fd a uspokojuj\u00faci kopanec prisp\u00f4soben\u00fd sk\u00fasen\u00fdm pou\u017e\u00edvate\u013eom. Vrecia s\u00fa navrhnut\u00e1 na diskr\u00e9tne pou\u017eitie, pohodlne sa hodia pod pery bez farbenia zubov, \u010do ich rob\u00ed ide\u00e1lnymi na cest\u00e1ch. Vyr\u00e1ban\u00e9 spolo\u010dnos\u0165ou 77 Group, tieto vrecia bez tab\u00e1ku vykazuj\u00fa pr\u00e9miumn\u00fa kvalitu a odv\u00e1\u017enu, osvie\u017euj\u00facu chu\u0165.<\/p>\n<table>\n<tbody>\n<tr>\n<td><b>Atrib\u00fat<\/b><\/td>\n<td><b>Podrobnosti<\/b><\/td>\n<\/tr>\n<tr>\n<td><b>Obsah na plechovku<\/b><\/td>\n<td><span style=\"font-weight: 400;\">13 g (20 vrec\u00fa\u0161ok)<\/span><\/td>\n<\/tr>\n<tr>\n<td><b>Obsah nikot\u00ednu<\/b><\/td>\n<td><span style=\"font-weight: 400;\">16 mg\/g (10,4 mg na vrecko)<\/span><\/td>\n<\/tr>\n<tr>\n<td><b>Form\u00e1t vrecka<\/b><\/td>\n<td><span style=\"font-weight: 400;\">Slim<\/span><\/td>\n<\/tr>\n<tr>\n<td><b>V\u00fdrobca<\/b><\/td>\n<td><span style=\"font-weight: 400;\">77 Skupina<\/span><\/td>\n<\/tr>\n<tr>\n<td><b>Pr\u00edchu\u0165<\/b><\/td>\n<td><span style=\"font-weight: 400;\">Cola<\/span><\/td>\n<\/tr>\n<tr>\n<td><b>Typ<\/b><\/td>\n<td><span style=\"font-weight: 400;\">Celobiele vrecko<\/span><\/td>\n<\/tr>\n<\/tbody>\n<\/table>","protected":false},"excerpt":{"rendered":"<p>Nostalgick\u00e9 <strong data-start=\"10\" data-end=\"18\">cola<\/strong> s \u013eahkou fizzy slados\u0165ou pre \u010dist\u00fa, osvie\u017euj\u00facu chu\u0165. Vrecia <strong data-start=\"83\" data-end=\"102\">\u0161t\u00edhly, <\/strong>v\u0161etky biele vrecia s\u00fa diskr\u00e9tne a pohodlne umiestnen\u00e9 pod pery bez \u0161kv\u0155n na cest\u00e1ch. Ka\u017ed\u00e9 vrecko obsahuje <strong data-start=\"207\" data-end=\"227\">10,4 mg nikot\u00ednu<\/strong>, ktor\u00e1 poskytuje stabiln\u00fd stredne siln\u00fd kopanec s \u010distotou bez tabaku.<\/p>","protected":false},"featured_media":10106,"comment_status":"open","ping_status":"closed","template":"","format":[206],"meta":{"_acf_changed":false},"product_brand":[],"product_cat":[23],"product_tag":[16543],"flavours":[193],"nicotine":[213,232],"class_list":{"0":"post-10105","1":"product","2":"type-product","3":"status-publish","4":"has-post-thumbnail","6":"product_cat-23","7":"product_tag-10-4-mg-pouch","8":"pa_quantity-1-pack","9":"pa_quantity-10-pack","10":"pa_quantity-3-pack","11":"pa_quantity-30-pack","12":"pa_quantity-5-pack","13":"pa_quantity-60-pack","14":"flavours-cola","15":"format-slim","16":"nicotine-16-mg-g","17":"nicotine-extra-strong","19":"first","20":"instock","21":"taxable","22":"shipping-taxable","23":"purchasable","24":"product-type-variable","25":"has-default-attributes"},"acf":[],"_links":{"self":[{"href":"https:\/\/whitelip.com\/sk\/wp-json\/wp\/v2\/product\/10105","targetHints":{"allow":["GET"]}}],"collection":[{"href":"https:\/\/whitelip.com\/sk\/wp-json\/wp\/v2\/product"}],"about":[{"href":"https:\/\/whitelip.com\/sk\/wp-json\/wp\/v2\/types\/product"}],"replies":[{"embeddable":true,"href":"https:\/\/whitelip.com\/sk\/wp-json\/wp\/v2\/comments?post=10105"}],"wp:featuredmedia":[{"embeddable":true,"href":"https:\/\/whitelip.com\/sk\/wp-json\/wp\/v2\/media\/10106"}],"wp:attachment":[{"href":"https:\/\/whitelip.com\/sk\/wp-json\/wp\/v2\/media?parent=10105"}],"wp:term":[{"taxonomy":"product_brand","embeddable":true,"href":"https:\/\/whitelip.com\/sk\/wp-json\/wp\/v2\/product_brand?post=10105"},{"taxonomy":"product_cat","embeddable":true,"href":"https:\/\/whitelip.com\/sk\/wp-json\/wp\/v2\/product_cat?post=10105"},{"taxonomy":"product_tag","embeddable":true,"href":"https:\/\/whitelip.com\/sk\/wp-json\/wp\/v2\/product_tag?post=10105"},{"taxonomy":"flavours","embeddable":true,"href":"https:\/\/whitelip.com\/sk\/wp-json\/wp\/v2\/flavours?post=10105"},{"taxonomy":"format","embeddable":true,"href":"https:\/\/whitelip.com\/sk\/wp-json\/wp\/v2\/format?post=10105"},{"taxonomy":"nicotine","embeddable":true,"href":"https:\/\/whitelip.com\/sk\/wp-json\/wp\/v2\/nicotine?post=10105"}],"curies":[{"name":"wp","href":"https:\/\/api.w.org\/{rel}","templated":true}]}}