{"id":10072,"date":"2025-03-25T13:43:07","date_gmt":"2025-03-25T13:43:07","guid":{"rendered":"https:\/\/whitelip.com\/garant-mint-18mg\/"},"modified":"2026-04-26T10:10:54","modified_gmt":"2026-04-26T10:10:54","slug":"garant-mint-18mg","status":"publish","type":"product","link":"https:\/\/whitelip.com\/sk\/garant\/garant-mint-18mg\/","title":{"rendered":"Garant Mint 18 mg"},"content":{"rendered":"<h2><strong>Garant Mint 18 mg<\/strong><\/h2>\n<p>Nikot\u00ednov\u00e9 vrec\u00fa\u0161ka Garant Mint pon\u00fakaj\u00fa osvie\u017euj\u00facu, bohat\u00fa m\u00e4tov\u00fa pr\u00edchu\u0165 dokonale vyv\u00e1\u017een\u00fa s jemnou sladkos\u0165ou m\u00e4ty piepornej. Chladiv\u00e1, svie\u017ea chu\u0165 m\u00e4ty piepornej preva\u017euje, zatia\u013e \u010do m\u00e4ta pieporn\u00e1 dod\u00e1va jemn\u00fa sladkos\u0165, ktor\u00e1 pretrv\u00e1va, \u010d\u00edm vytv\u00e1ra hladk\u00fd, povzbudzuj\u00faci z\u00e1\u017eitok od za\u010diatku a\u017e do konca. Ka\u017ed\u00e9 tenk\u00e9, celobiele vrec\u00fa\u0161ko obsahuje 8 mg nikot\u00ednu s celkov\u00fdm obsahom 18 mg nikot\u00ednu na gram, \u010do poskytuje siln\u00fd a dlhotrvaj\u00faci \u00fa\u010dinok. Tieto vrec\u00fa\u0161ka bez tabaku sa pohodlne vkladaj\u00fa pod pery a pri ka\u017edom pou\u017eit\u00ed poskytuj\u00fa \u010dist\u00fa, osvie\u017euj\u00facu d\u00e1vku nikot\u00ednu. Ide\u00e1lne pre t\u00fdch, ktor\u00ed maj\u00fa radi chladiv\u00fd, m\u00e4tov\u00fd pocit s uspokojiv\u00fdm nikot\u00ednov\u00fdm n\u00e1bojom.<\/p>\n<table>\n<tbody>\n<tr>\n<td><b>Atrib\u00fat<\/b><\/td>\n<td><b>Podrobnosti<\/b><\/td>\n<\/tr>\n<tr>\n<td><span style=\"font-weight: 400;\">Obsah na plechovku<\/span><\/td>\n<td>27 vreciek<\/td>\n<\/tr>\n<tr>\n<td><span style=\"font-weight: 400;\">Obsah nikot\u00ednu<\/span><\/td>\n<td><span style=\"font-weight: 400;\">18 mg\/g (8 mg na vak)<\/span><\/td>\n<\/tr>\n<tr>\n<td><span style=\"font-weight: 400;\">Form\u00e1t vrecka<\/span><\/td>\n<td><span style=\"font-weight: 400;\">Slim<\/span><\/td>\n<\/tr>\n<tr>\n<td><span style=\"font-weight: 400;\">V\u00fdrobca<\/span><\/td>\n<td><span style=\"font-weight: 400;\">Garant<\/span><\/td>\n<\/tr>\n<tr>\n<td><span style=\"font-weight: 400;\">Pr\u00edchu\u0165<\/span><\/td>\n<td>M\u00e4ta<\/td>\n<\/tr>\n<tr>\n<td><span style=\"font-weight: 400;\">Typ<\/span><\/td>\n<td><span style=\"font-weight: 400;\">Celobiele vrecko, bez tabaku<\/span><\/td>\n<\/tr>\n<\/tbody>\n<\/table>","protected":false},"excerpt":{"rendered":"<p>Osvie\u017euj\u00faci, bohat\u00fd <strong data-start=\"17\" data-end=\"25\">m\u00e4ta<\/strong> mie\u0161a chladiv\u00fa m\u00e4tu pieporn\u00fa s jemnou sladkos\u0165ou m\u00e4ty piepornej a dod\u00e1va svie\u017ei, povzbudzuj\u00faci z\u00e1ver. <strong data-start=\"117\" data-end=\"125\">Slim<\/strong>, \u00faplne biele vrec\u00fa\u0161ka bez tabaku sa diskr\u00e9tne umiestnia pod pery, aby sa dali \u010disto a pohodlne pou\u017e\u00edva\u0165. Ka\u017ed\u00e9 vrecko obsahuje <strong data-start=\"236\" data-end=\"253\">8 mg nikot\u00ednu<\/strong> (18 mg\/g), \u010do prin\u00e1\u0161a siln\u00fd a dlhotrvaj\u00faci \u00fa\u010dinok.<\/p>","protected":false},"featured_media":10073,"comment_status":"open","ping_status":"closed","template":"","format":[206],"meta":{"_acf_changed":false},"product_brand":[],"product_cat":[102],"product_tag":[16510,16583],"flavours":[199],"nicotine":[215,232],"class_list":{"0":"post-10072","1":"product","2":"type-product","3":"status-publish","4":"has-post-thumbnail","6":"product_cat-garant","7":"product_tag-12-off","8":"product_tag-8-mg-pouch","9":"pa_quantity-1-pack","10":"pa_quantity-10-pack","11":"pa_quantity-3-pack","12":"pa_quantity-30-pack","13":"pa_quantity-5-pack","14":"pa_quantity-60-pack","15":"flavours-mint","16":"format-slim","17":"nicotine-18-mg-g","18":"nicotine-extra-strong","20":"first","21":"instock","22":"sale","23":"taxable","24":"shipping-taxable","25":"purchasable","26":"product-type-variable","27":"has-default-attributes"},"acf":[],"_links":{"self":[{"href":"https:\/\/whitelip.com\/sk\/wp-json\/wp\/v2\/product\/10072","targetHints":{"allow":["GET"]}}],"collection":[{"href":"https:\/\/whitelip.com\/sk\/wp-json\/wp\/v2\/product"}],"about":[{"href":"https:\/\/whitelip.com\/sk\/wp-json\/wp\/v2\/types\/product"}],"replies":[{"embeddable":true,"href":"https:\/\/whitelip.com\/sk\/wp-json\/wp\/v2\/comments?post=10072"}],"wp:featuredmedia":[{"embeddable":true,"href":"https:\/\/whitelip.com\/sk\/wp-json\/wp\/v2\/media\/10073"}],"wp:attachment":[{"href":"https:\/\/whitelip.com\/sk\/wp-json\/wp\/v2\/media?parent=10072"}],"wp:term":[{"taxonomy":"product_brand","embeddable":true,"href":"https:\/\/whitelip.com\/sk\/wp-json\/wp\/v2\/product_brand?post=10072"},{"taxonomy":"product_cat","embeddable":true,"href":"https:\/\/whitelip.com\/sk\/wp-json\/wp\/v2\/product_cat?post=10072"},{"taxonomy":"product_tag","embeddable":true,"href":"https:\/\/whitelip.com\/sk\/wp-json\/wp\/v2\/product_tag?post=10072"},{"taxonomy":"flavours","embeddable":true,"href":"https:\/\/whitelip.com\/sk\/wp-json\/wp\/v2\/flavours?post=10072"},{"taxonomy":"format","embeddable":true,"href":"https:\/\/whitelip.com\/sk\/wp-json\/wp\/v2\/format?post=10072"},{"taxonomy":"nicotine","embeddable":true,"href":"https:\/\/whitelip.com\/sk\/wp-json\/wp\/v2\/nicotine?post=10072"}],"curies":[{"name":"wp","href":"https:\/\/api.w.org\/{rel}","templated":true}]}}