{"id":10057,"date":"2025-03-25T13:43:07","date_gmt":"2025-03-25T13:43:07","guid":{"rendered":"https:\/\/whitelip.com\/garant-cola-20mg\/"},"modified":"2026-04-29T10:11:14","modified_gmt":"2026-04-29T10:11:14","slug":"garant-cola-20mg","status":"publish","type":"product","link":"https:\/\/whitelip.com\/sk\/garant\/garant-cola-20mg\/","title":{"rendered":"Garant Cola 20 mg"},"content":{"rendered":"<h2><strong>Garant Cola 20 mg<\/strong><\/h2>\n<p>Nikot\u00ednov\u00e9 vrec\u00fa\u0161ka Garant Cola prin\u00e1\u0161aj\u00fa v\u00fdrazn\u00fd chu\u0165ov\u00fd z\u00e1\u017eitok, ktor\u00fd zachyt\u00e1va podstatu va\u0161ej ob\u013e\u00fabenej koly. Bohat\u00e1, komplexn\u00e1 zmes kombinuje sladk\u00e9, korenist\u00e9 a jemne hork\u00e9 t\u00f3ny, \u010d\u00edm vytv\u00e1ra vyv\u00e1\u017een\u00fd, \u0161umiv\u00fd pocit, ktor\u00fd presne napodob\u0148uje klasick\u00fa limon\u00e1du. Ka\u017ed\u00e9 tenk\u00e9, celobiele vrec\u00fa\u0161ko obsahuje 10 mg nikot\u00ednu, celkovo 20 mg nikot\u00ednu na gram, \u010do poskytuje siln\u00fd a dlhotrvaj\u00faci \u00fa\u010dinok. V\u010faka svojmu elegantn\u00e9mu dizajnu sa tieto vrec\u00fa\u0161ka bez tabaku pohodlne vkladaj\u00fa pod pery a prin\u00e1\u0161aj\u00fa osvie\u017euj\u00faci nikot\u00ednov\u00fd z\u00e1\u017eitok.<\/p>\n<table>\n<tbody>\n<tr>\n<td><b>Atrib\u00fat<\/b><\/td>\n<td><b>Podrobnosti<\/b><\/td>\n<\/tr>\n<tr>\n<td><span style=\"font-weight: 400;\">Obsah na plechovku<\/span><\/td>\n<td>27 vreciek<\/td>\n<\/tr>\n<tr>\n<td><span style=\"font-weight: 400;\">Obsah nikot\u00ednu<\/span><\/td>\n<td><span style=\"font-weight: 400;\">20 mg\/g (10 mg na vrecko)<\/span><\/td>\n<\/tr>\n<tr>\n<td><span style=\"font-weight: 400;\">Form\u00e1t vrecka<\/span><\/td>\n<td><span style=\"font-weight: 400;\">Slim<\/span><\/td>\n<\/tr>\n<tr>\n<td><span style=\"font-weight: 400;\">V\u00fdrobca<\/span><\/td>\n<td><span style=\"font-weight: 400;\">Garant<\/span><\/td>\n<\/tr>\n<tr>\n<td><span style=\"font-weight: 400;\">Pr\u00edchu\u0165<\/span><\/td>\n<td>Cola<\/td>\n<\/tr>\n<tr>\n<td><span style=\"font-weight: 400;\">Typ<\/span><\/td>\n<td><span style=\"font-weight: 400;\">Celobiele vrecko, bez tabaku<\/span><\/td>\n<\/tr>\n<\/tbody>\n<\/table>","protected":false},"excerpt":{"rendered":"<p>Odv\u00e1\u017eny, aromatick\u00fd <strong data-start=\"16\" data-end=\"24\">cola<\/strong> mie\u0161a sladk\u00e9, korenist\u00e9 a jemne hork\u00e9 t\u00f3ny pre vyv\u00e1\u017een\u00fd, \u0161umiv\u00fd pocit. <strong data-start=\"107\" data-end=\"115\">Slim<\/strong>, \u00faplne biele vrec\u00fa\u0161ka bez tabaku sa diskr\u00e9tne zmestia pod pery, aby sa pohodlne pou\u017e\u00edvali. Ka\u017ed\u00e9 vrecko obsahuje <strong data-start=\"219\" data-end=\"237\">10 mg nikot\u00ednu<\/strong> (20 mg\/g), \u010do prin\u00e1\u0161a siln\u00fd a dlhotrvaj\u00faci \u00fa\u010dinok.<\/p>","protected":false},"featured_media":10058,"comment_status":"open","ping_status":"closed","template":"","format":[206],"meta":{"_acf_changed":false},"product_brand":[],"product_cat":[102],"product_tag":[16587,16510],"flavours":[193],"nicotine":[218,232],"class_list":{"0":"post-10057","1":"product","2":"type-product","3":"status-publish","4":"has-post-thumbnail","6":"product_cat-garant","7":"product_tag-10-mg-pouch","8":"product_tag-12-off","9":"pa_quantity-1-pack","10":"pa_quantity-10-pack","11":"pa_quantity-3-pack","12":"pa_quantity-30-pack","13":"pa_quantity-5-pack","14":"pa_quantity-60-pack","15":"flavours-cola","16":"format-slim","17":"nicotine-20-mg-g","18":"nicotine-extra-strong","20":"first","21":"outofstock","22":"sale","23":"taxable","24":"shipping-taxable","25":"purchasable","26":"product-type-variable","27":"has-default-attributes"},"acf":[],"_links":{"self":[{"href":"https:\/\/whitelip.com\/sk\/wp-json\/wp\/v2\/product\/10057","targetHints":{"allow":["GET"]}}],"collection":[{"href":"https:\/\/whitelip.com\/sk\/wp-json\/wp\/v2\/product"}],"about":[{"href":"https:\/\/whitelip.com\/sk\/wp-json\/wp\/v2\/types\/product"}],"replies":[{"embeddable":true,"href":"https:\/\/whitelip.com\/sk\/wp-json\/wp\/v2\/comments?post=10057"}],"wp:featuredmedia":[{"embeddable":true,"href":"https:\/\/whitelip.com\/sk\/wp-json\/wp\/v2\/media\/10058"}],"wp:attachment":[{"href":"https:\/\/whitelip.com\/sk\/wp-json\/wp\/v2\/media?parent=10057"}],"wp:term":[{"taxonomy":"product_brand","embeddable":true,"href":"https:\/\/whitelip.com\/sk\/wp-json\/wp\/v2\/product_brand?post=10057"},{"taxonomy":"product_cat","embeddable":true,"href":"https:\/\/whitelip.com\/sk\/wp-json\/wp\/v2\/product_cat?post=10057"},{"taxonomy":"product_tag","embeddable":true,"href":"https:\/\/whitelip.com\/sk\/wp-json\/wp\/v2\/product_tag?post=10057"},{"taxonomy":"flavours","embeddable":true,"href":"https:\/\/whitelip.com\/sk\/wp-json\/wp\/v2\/flavours?post=10057"},{"taxonomy":"format","embeddable":true,"href":"https:\/\/whitelip.com\/sk\/wp-json\/wp\/v2\/format?post=10057"},{"taxonomy":"nicotine","embeddable":true,"href":"https:\/\/whitelip.com\/sk\/wp-json\/wp\/v2\/nicotine?post=10057"}],"curies":[{"name":"wp","href":"https:\/\/api.w.org\/{rel}","templated":true}]}}