{"id":10007,"date":"2025-03-25T13:43:08","date_gmt":"2025-03-25T13:43:08","guid":{"rendered":"https:\/\/whitelip.com\/garant-extreme-edition-mango-lime-50-mg\/"},"modified":"2026-04-28T10:11:24","modified_gmt":"2026-04-28T10:11:24","slug":"garant-extreme-edition-mango-lime-50-mg","status":"publish","type":"product","link":"https:\/\/whitelip.com\/sk\/garant\/garant-extreme-edition-mango-lime-50-mg\/","title":{"rendered":"Garant Extreme Edition Mango Lime 50 mg"},"content":{"rendered":"<h2><strong>Garant Extreme Edition Mango Lime 50 mg<\/strong><\/h2>\n<p>Nikot\u00ednov\u00e9 vrec\u00fa\u0161ka Garant Extreme Mango Lime pon\u00fakaj\u00fa jedine\u010dn\u00fd tropick\u00fd z\u00e1\u017eitok, v ktorom sa mie\u0161a sladk\u00e1, \u0161\u0165avnat\u00e1 chu\u0165 zrel\u00e9ho manga s pikantn\u00fdm, trpk\u00fdm n\u00e1dychom limetky. Jemn\u00e1 sladkos\u0165 je dokonale vyv\u00e1\u017een\u00e1 citrusovou kyslos\u0165ou, zatia\u013e \u010do jemn\u00fd n\u00e1znak horkosti dod\u00e1va chu\u0165ov\u00e9mu profilu h\u013abku. Ka\u017ed\u00e9 tenk\u00e9, \u00faplne biele vrec\u00fa\u0161ko obsahuje 25 mg nikot\u00ednu s celkov\u00fdm obsahom 50 mg nikot\u00ednu na gram, \u010do poskytuje siln\u00fd a dlhotrvaj\u00faci \u00fa\u010dinok. Tieto vrec\u00fa\u0161ka bez tabaku sa pohodlne vkladaj\u00fa pod pery a pri ka\u017edom pou\u017eit\u00ed poskytuj\u00fa v\u00fdrazn\u00fa a osvie\u017euj\u00facu d\u00e1vku nikot\u00ednu. Ide\u00e1lne pre t\u00fdch, ktor\u00ed t\u00fa\u017eia po \u017eivej, vyv\u00e1\u017eenej chuti s uspokojiv\u00fdm nikot\u00ednov\u00fdm hitom.<\/p>\n<table>\n<tbody>\n<tr>\n<td><b>Atrib\u00fat<\/b><\/td>\n<td><b>Podrobnosti<\/b><\/td>\n<\/tr>\n<tr>\n<td><span style=\"font-weight: 400;\">Obsah na plechovku<\/span><\/td>\n<td>27 vreciek<\/td>\n<\/tr>\n<tr>\n<td><span style=\"font-weight: 400;\">Obsah nikot\u00ednu<\/span><\/td>\n<td><span style=\"font-weight: 400;\">50 mg\/g (25 mg na vrecko)<\/span><\/td>\n<\/tr>\n<tr>\n<td><span style=\"font-weight: 400;\">Form\u00e1t vrecka<\/span><\/td>\n<td><span style=\"font-weight: 400;\">Slim<\/span><\/td>\n<\/tr>\n<tr>\n<td><span style=\"font-weight: 400;\">V\u00fdrobca<\/span><\/td>\n<td><span style=\"font-weight: 400;\">Garant<\/span><\/td>\n<\/tr>\n<tr>\n<td><span style=\"font-weight: 400;\">Pr\u00edchu\u0165<\/span><\/td>\n<td>Mango<\/td>\n<\/tr>\n<tr>\n<td><span style=\"font-weight: 400;\">Typ<\/span><\/td>\n<td><span style=\"font-weight: 400;\">Celobiele vrecko, bez tabaku<\/span><\/td>\n<\/tr>\n<\/tbody>\n<\/table>","protected":false},"excerpt":{"rendered":"<p>Sladk\u00e9, \u0161\u0165avnat\u00e9 <strong data-start=\"17\" data-end=\"31\">mango limetka<\/strong> s pikantn\u00fdm citrusov\u00fdm jasom a jemn\u00fdm hork\u00fdm n\u00e1dychom pre h\u013abku. <strong data-start=\"97\" data-end=\"105\">Slim<\/strong>, \u00faplne biele vrec\u00fa\u0161ka bez tabaku sa diskr\u00e9tne umiestnia pod pery, aby sa pohodlne pou\u017e\u00edvali. Ka\u017ed\u00e9 vrecko obsahuje <strong data-start=\"209\" data-end=\"227\">25 mg nikot\u00ednu<\/strong> (50 mg\/g), \u010do prin\u00e1\u0161a siln\u00fd a dlhotrvaj\u00faci \u00fa\u010dinok.<\/p>","protected":false},"featured_media":10008,"comment_status":"open","ping_status":"closed","template":"","format":[206],"meta":{"_acf_changed":false},"product_brand":[],"product_cat":[102],"product_tag":[16589],"flavours":[196],"nicotine":[226,233],"class_list":{"0":"post-10007","1":"product","2":"type-product","3":"status-publish","4":"has-post-thumbnail","6":"product_cat-garant","7":"product_tag-25-mg-pouch","8":"pa_quantity-1-pack","9":"pa_quantity-10-pack","10":"pa_quantity-3-pack","11":"pa_quantity-30-pack","12":"pa_quantity-5-pack","13":"pa_quantity-60-pack","14":"flavours-fruits-berries","15":"format-slim","16":"nicotine-50-mg-g","17":"nicotine-extreme","19":"first","20":"outofstock","21":"taxable","22":"shipping-taxable","23":"purchasable","24":"product-type-variable"},"acf":[],"_links":{"self":[{"href":"https:\/\/whitelip.com\/sk\/wp-json\/wp\/v2\/product\/10007","targetHints":{"allow":["GET"]}}],"collection":[{"href":"https:\/\/whitelip.com\/sk\/wp-json\/wp\/v2\/product"}],"about":[{"href":"https:\/\/whitelip.com\/sk\/wp-json\/wp\/v2\/types\/product"}],"replies":[{"embeddable":true,"href":"https:\/\/whitelip.com\/sk\/wp-json\/wp\/v2\/comments?post=10007"}],"wp:featuredmedia":[{"embeddable":true,"href":"https:\/\/whitelip.com\/sk\/wp-json\/wp\/v2\/media\/10008"}],"wp:attachment":[{"href":"https:\/\/whitelip.com\/sk\/wp-json\/wp\/v2\/media?parent=10007"}],"wp:term":[{"taxonomy":"product_brand","embeddable":true,"href":"https:\/\/whitelip.com\/sk\/wp-json\/wp\/v2\/product_brand?post=10007"},{"taxonomy":"product_cat","embeddable":true,"href":"https:\/\/whitelip.com\/sk\/wp-json\/wp\/v2\/product_cat?post=10007"},{"taxonomy":"product_tag","embeddable":true,"href":"https:\/\/whitelip.com\/sk\/wp-json\/wp\/v2\/product_tag?post=10007"},{"taxonomy":"flavours","embeddable":true,"href":"https:\/\/whitelip.com\/sk\/wp-json\/wp\/v2\/flavours?post=10007"},{"taxonomy":"format","embeddable":true,"href":"https:\/\/whitelip.com\/sk\/wp-json\/wp\/v2\/format?post=10007"},{"taxonomy":"nicotine","embeddable":true,"href":"https:\/\/whitelip.com\/sk\/wp-json\/wp\/v2\/nicotine?post=10007"}],"curies":[{"name":"wp","href":"https:\/\/api.w.org\/{rel}","templated":true}]}}