{"id":10002,"date":"2025-03-25T13:43:09","date_gmt":"2025-03-25T13:43:09","guid":{"rendered":"https:\/\/whitelip.com\/garant-extreme-edition-ice-blueberry-50-mg\/"},"modified":"2026-04-30T10:11:02","modified_gmt":"2026-04-30T10:11:02","slug":"garant-extreme-edition-ice-blueberry-50-mg","status":"publish","type":"product","link":"https:\/\/whitelip.com\/sk\/garant\/garant-extreme-edition-ice-blueberry-50-mg\/","title":{"rendered":"Garant Extreme Edition Ice Blueberry 50 mg"},"content":{"rendered":"<h2><strong>Garant Extreme Edition Ice Blueberry 50 mg<\/strong><\/h2>\n<p>Nikot\u00ednov\u00e9 vrec\u00fa\u0161ka Garant Extreme Ice Blueberry pon\u00fakaj\u00fa prav\u00fa chu\u0165 divok\u00fdch lesn\u00fdch \u010du\u010doriedok s bohatou pr\u00edrodnou sladkos\u0165ou. T\u00fato autentick\u00fa pr\u00edchu\u0165 lesn\u00fdch plodov dokonale dop\u013a\u0148a n\u00e1dych jemnej m\u00e4ty, ktor\u00e1 dod\u00e1va osvie\u017euj\u00faci chlad, ktor\u00fd od\u013eah\u010duje z\u00e1\u017eitok. Ka\u017ed\u00fd tenk\u00fd, celobiely vrec\u00fa\u0161ko obsahuje 25 mg nikot\u00ednu, pri\u010dom v jednom grame je celkovo 50 mg nikot\u00ednu, \u010do prin\u00e1\u0161a siln\u00fd a dlhotrvaj\u00faci \u00fa\u010dinok. Tieto vrec\u00fa\u0161ka bez tabaku, navrhnut\u00e9 pre pohodlie a diskr\u00e9tnos\u0165, poskytuj\u00fa hladk\u00fd, o\u017eivuj\u00faci nikot\u00ednov\u00fd z\u00e1\u017eitok a sp\u00e1jaj\u00fa v sebe najlep\u0161ie pr\u00edrodn\u00e9 chute s chladiv\u00fdm, osvie\u017euj\u00facim n\u00e1dychom.<\/p>\n<table>\n<tbody>\n<tr>\n<td><b>Atrib\u00fat<\/b><\/td>\n<td><b>Podrobnosti<\/b><\/td>\n<\/tr>\n<tr>\n<td><span style=\"font-weight: 400;\">Obsah na plechovku<\/span><\/td>\n<td>27 vreciek<\/td>\n<\/tr>\n<tr>\n<td><span style=\"font-weight: 400;\">Obsah nikot\u00ednu<\/span><\/td>\n<td><span style=\"font-weight: 400;\">50 mg\/g (25 mg na vrecko)<\/span><\/td>\n<\/tr>\n<tr>\n<td><span style=\"font-weight: 400;\">Form\u00e1t vrecka<\/span><\/td>\n<td><span style=\"font-weight: 400;\">Slim<\/span><\/td>\n<\/tr>\n<tr>\n<td><span style=\"font-weight: 400;\">V\u00fdrobca<\/span><\/td>\n<td><span style=\"font-weight: 400;\">Garant<\/span><\/td>\n<\/tr>\n<tr>\n<td><span style=\"font-weight: 400;\">Pr\u00edchu\u0165<\/span><\/td>\n<td>\u010cu\u010doriedka, M\u00e4ta<\/td>\n<\/tr>\n<tr>\n<td><span style=\"font-weight: 400;\">Typ<\/span><\/td>\n<td><span style=\"font-weight: 400;\">Celobiele vrecko, bez tabaku<\/span><\/td>\n<\/tr>\n<\/tbody>\n<\/table>","protected":false},"excerpt":{"rendered":"<p>Bohat\u00fd, pr\u00edrodn\u00fd <strong data-start=\"14\" data-end=\"27\">\u010du\u010doriedky<\/strong> sladkos\u0165 s jemn\u00fdm m\u00e4tov\u00fdm chladom pre osvie\u017eenie. <strong data-start=\"87\" data-end=\"95\">Slim<\/strong>, \u00faplne biele vrec\u00fa\u0161ka bez tabaku sa diskr\u00e9tne nach\u00e1dzaj\u00fa pod perou. Ka\u017ed\u00e9 vrecko obsahuje <strong data-start=\"179\" data-end=\"197\">25 mg nikot\u00ednu<\/strong> (50 mg\/g), \u010do prin\u00e1\u0161a siln\u00fd a dlhotrvaj\u00faci \u00fa\u010dinok.<\/p>","protected":false},"featured_media":3302,"comment_status":"open","ping_status":"closed","template":"","format":[206],"meta":{"_acf_changed":false},"product_brand":[],"product_cat":[102],"product_tag":[16510,16589],"flavours":[196,199],"nicotine":[226,233],"class_list":{"0":"post-10002","1":"product","2":"type-product","3":"status-publish","4":"has-post-thumbnail","6":"product_cat-garant","7":"product_tag-12-off","8":"product_tag-25-mg-pouch","9":"pa_quantity-1-pack","10":"pa_quantity-10-pack","11":"pa_quantity-3-pack","12":"pa_quantity-30-pack","13":"pa_quantity-5-pack","14":"pa_quantity-60-pack","15":"flavours-fruits-berries","16":"flavours-mint","17":"format-slim","18":"nicotine-50-mg-g","19":"nicotine-extreme","21":"first","22":"instock","23":"sale","24":"taxable","25":"shipping-taxable","26":"purchasable","27":"product-type-variable","28":"has-default-attributes"},"acf":[],"_links":{"self":[{"href":"https:\/\/whitelip.com\/sk\/wp-json\/wp\/v2\/product\/10002","targetHints":{"allow":["GET"]}}],"collection":[{"href":"https:\/\/whitelip.com\/sk\/wp-json\/wp\/v2\/product"}],"about":[{"href":"https:\/\/whitelip.com\/sk\/wp-json\/wp\/v2\/types\/product"}],"replies":[{"embeddable":true,"href":"https:\/\/whitelip.com\/sk\/wp-json\/wp\/v2\/comments?post=10002"}],"wp:featuredmedia":[{"embeddable":true,"href":"https:\/\/whitelip.com\/sk\/wp-json\/wp\/v2\/media\/3302"}],"wp:attachment":[{"href":"https:\/\/whitelip.com\/sk\/wp-json\/wp\/v2\/media?parent=10002"}],"wp:term":[{"taxonomy":"product_brand","embeddable":true,"href":"https:\/\/whitelip.com\/sk\/wp-json\/wp\/v2\/product_brand?post=10002"},{"taxonomy":"product_cat","embeddable":true,"href":"https:\/\/whitelip.com\/sk\/wp-json\/wp\/v2\/product_cat?post=10002"},{"taxonomy":"product_tag","embeddable":true,"href":"https:\/\/whitelip.com\/sk\/wp-json\/wp\/v2\/product_tag?post=10002"},{"taxonomy":"flavours","embeddable":true,"href":"https:\/\/whitelip.com\/sk\/wp-json\/wp\/v2\/flavours?post=10002"},{"taxonomy":"format","embeddable":true,"href":"https:\/\/whitelip.com\/sk\/wp-json\/wp\/v2\/format?post=10002"},{"taxonomy":"nicotine","embeddable":true,"href":"https:\/\/whitelip.com\/sk\/wp-json\/wp\/v2\/nicotine?post=10002"}],"curies":[{"name":"wp","href":"https:\/\/api.w.org\/{rel}","templated":true}]}}