{"id":7559,"date":"2025-07-14T10:07:44","date_gmt":"2025-07-14T10:07:44","guid":{"rendered":"https:\/\/whitelip.com\/points-membership\/"},"modified":"2026-02-04T16:45:41","modified_gmt":"2026-02-04T16:45:41","slug":"body-a-clenstvo","status":"publish","type":"page","link":"https:\/\/whitelip.com\/sk\/points-membership\/","title":{"rendered":"Body a \u010dlenstvo"},"content":{"rendered":"<div class=\"wp-block-group container\"><div class=\"wp-block-group__inner-container is-layout-constrained wp-block-group-is-layout-constrained\">\n<p><\/p>\n\n\n<section class=\"block--text\">\n    <div class=\"inner_blocks\">\n        \n\n<h1 class=\"wp-block-heading\">Body a \u010dlenstvo<\/h1>\n\n\n\n<p><strong>Body: Ako to funguje<\/strong>!<\/p>\n\n\n\n<p>Existuje nieko\u013eko sp\u00f4sobov, ako z\u00edska\u0165 body na Whitelip.com, ni\u017e\u0161ie sa dozviete, ako na to. Uistite sa, \u017ee <strong><a href=\"http:\/\/whitelip-tribuweb.local\/my-account\/\" target=\"_blank\" rel=\"noopener\">vytvori\u0165 si \u00fa\u010det<\/a><\/strong> alebo <strong><a href=\"http:\/\/whitelip-tribuweb.local\/my-account\/\" target=\"_blank\" rel=\"noopener\">prihl\u00e1si\u0165 sa<\/a><\/strong> pred zadan\u00edm objedn\u00e1vky alebo za\u010dat\u00edm prij\u00edmania bodov!<\/p>\n\n\n\n<hr class=\"wp-block-separator has-alpha-channel-opacity is-style-wide\">\n\n\n\n<p>\ud83d\udcb8<strong>0,5 bodu<\/strong>&nbsp;na jednu vynalo\u017een\u00fa menu. Ak napr\u00edklad miniete 100 EUR\/USD, z\u00edskate 50 bodov.<\/p>\n\n\n\n<p>\ud83d\udcb8<strong>1 bod<\/strong>&nbsp;za recenziu produktu. Na str\u00e1nke Whitelip.com si m\u00f4\u017eete prezrie\u0165 v\u0161etk\u00fdch viac ako 500 produktov.<\/p>\n\n\n\n<p>\ud83d\udcb8<strong>5 bodov<\/strong>&nbsp;za vyplnenie v\u00e1\u0161ho profilu.<\/p>\n\n\n\n<p>\ud83d\udcb8<strong>5 bodov<\/strong>&nbsp;pre va\u0161u prv\u00fa objedn\u00e1vku.<\/p>\n\n\n\n<p>\ud83d\udcb8<strong>10 bodov<\/strong>&nbsp;za ka\u017edodenn\u00e9 prihlasovanie.<\/p>\n\n\n\n<p>\ud83d\udcb8<strong>30 bodov<\/strong>&nbsp;po zadan\u00ed tretej objedn\u00e1vky.<\/p>\n\n\n\n<p>\ud83d\udcb8<strong>50 bodov<\/strong>&nbsp;po z\u00edskan\u00ed zlat\u00e9ho statusu.<\/p>\n\n\n\n<p>\ud83d\udcb8<strong>100 bodov<\/strong>&nbsp;na va\u0161e narodeniny. Svoje narodeniny pridajte v \u010dasti Podrobnosti o \u00fa\u010dte.<\/p>\n\n\n\n<p>\ud83d\udcb8<strong>100<\/strong>&nbsp;<strong>body<\/strong>&nbsp;za odporu\u010denie priate\u013ea, ktor\u00fd si objedn\u00e1.<\/p>\n\n\n\n<p>\ud83d\udcb8<strong>100 bodov<\/strong>&nbsp;po z\u00edskan\u00ed statusu \u010dernocha.<\/p>\n\n\n\n<p>Po z\u00edskan\u00ed <strong>500 bodov<\/strong> z\u00edskate zlat\u00fd status.<br><\/p>\n\n\n\n<p>Po z\u00edskan\u00ed <strong>1000 bodov<\/strong>&nbsp;bude v\u00e1m udelen\u00fd \u010dierny status.<br><\/p>\n\n\n\n<hr class=\"wp-block-separator has-alpha-channel-opacity is-style-wide\">\n\n\n\n<p><strong>Konverzia bodov<\/strong><\/p>\n\n\n\n<p><strong>10 bodov = 1 EUR\/USD<\/strong><\/p>\n\n\n\n<p>Tu si m\u00f4\u017eete pozrie\u0165 svoje body: <a href=\"https:\/\/whitelip.com\/sk\/moj-ucet\/\"><strong>Va\u0161e body<\/strong><\/a><\/p>\n\n\n\n<p>Body m\u00f4\u017eete pou\u017ei\u0165 na str\u00e1nke ko\u0161\u00edka alebo pri pokladni. M\u00f4\u017eete si tie\u017e vytvori\u0165 kup\u00f3n s va\u0161imi bodmi <a href=\"https:\/\/whitelip.com\/sk\/moj-ucet\/\">tu<\/a> obmedzen\u00e9 na v\u00e1\u0161 \u00fa\u010det.<\/p>\n\n\n\n<p><strong>Odporu\u010denie priate\u013ea<\/strong><\/p>\n\n\n\n<p>M\u00f4\u017eete odporu\u010di\u0165 priate\u013ea pomocou n\u00e1jden\u00e9ho statick\u00e9ho odkazu <a href=\"https:\/\/whitelip.com\/sk\/moj-ucet\/\">tu<\/a> na karte \u201cZ\u00edskajte body!\u201d. M\u00f4\u017eete pozva\u0165 neobmedzen\u00fd po\u010det priate\u013eov a ka\u017ed\u00e9 odpor\u00fa\u010danie predstavuje 100 bodov.<\/p>\n\n\n\n<hr class=\"wp-block-separator has-alpha-channel-opacity is-style-wide\">\n\n\n\n<div style=\"height:2rem\" aria-hidden=\"true\" class=\"wp-block-spacer\"><\/div>\n\n\n\r\n<div class=\"xoo-el-form-container xoo-el-form-inline\" data-active=\"login\">\r\n\r\n\t\r\n\t\r\n\t\r\n<div class=\"xoo-el-header\">\r\n\t<ul class=\"xoo-el-tabs\">\r\n\t\t\r\n        \t\t  <li data-tab=\"login\" class=\"xoo-el-login-tgr\" style=\"order: 0 \">Prihl\u00e1senie<\/li>\r\n        \r\n\t\t \r\n\t\t\t<li data-tab=\"register\" class=\"xoo-el-reg-tgr\" style=\"order: 1\">Registr\u00e1cia<\/li>\r\n\t\t\r\n\t<\/ul>\r\n<\/div>\r\n\t\r\n\t\r\n\t\t\r\n\t\t\t\r\n\t\t<div data-section=\"login\" class=\"xoo-el-section\">\r\n\r\n\t\t\t<div class=\"xoo-el-fields\">\r\n\r\n\t\t\t\t<div class=\"xoo-el-notice\"><\/div>\r\n\t\t\t\t<form class=\"xoo-el-action-form xoo-el-form-login\" action=\"\">\r\n\r\n\t\t\t\t\t\r\n\t\t\t\t\t<div class=\"xoo-el-fields-cont\"><div class=\"xoo-aff-group xoo-aff-cont-text one xoo-aff-cont-required xoo-el-username_cont\"><div class=\"xoo-aff-input-group\"><span class=\"xoo-aff-input-icon fas fa-user-plus\"><\/span><input type=\"text\" class=\"xoo-aff-required xoo-aff-text xoo-aff-field\" name=\"xoo-el-username\" placeholder=\"Pou\u017e\u00edvate\u013esk\u00e9 meno \/ E-mail\"  value=\"\" required=\"\t\" autocomplete=\"username\"\/><\/div><\/div><div class=\"xoo-aff-group xoo-aff-cont-password one xoo-aff-cont-required xoo-el-password_cont\"><div class=\"xoo-aff-input-group\"><span class=\"xoo-aff-input-icon fas fa-key\"><\/span><input type=\"password\" class=\"xoo-aff-required xoo-aff-password xoo-aff-field\" name=\"xoo-el-password\" placeholder=\"Heslo\"  value=\"\" required=\"\t\" autocomplete=\"current-password\"\/><div class=\"xoo-aff-pw-toggle\">\r\n\t\t\t\t\t<span class=\"xoo-aff-pwtog-show\"><i class=\"far fa-eye\"><\/i><\/span>\r\n\t\t\t\t\t<span class=\"xoo-aff-pwtog-hide\"><i class=\"far fa-eye-slash\"><\/i><\/span>\r\n\t\t\t\t\t<\/div><\/div><\/div><\/div>\r\n<div class=\"xoo-aff-group xoo-el-login-btm-fields\">\r\n\t<label class=\"xoo-el-form-label\">\r\n\t\t<input type=\"checkbox\" name=\"xoo-el-rememberme\" value=\"forever\" \/>\r\n\t\t<span>Zapam\u00e4ta\u0165 si ma<\/span>\r\n\t<\/label>\r\n\t<a class=\"xoo-el-lostpw-tgr\" rel=\"nofollow\" href=\"#\">Zabudli ste heslo?<\/a>\r\n<\/div>\r\n\r\n\r\n<input type=\"hidden\" name=\"_xoo_el_form\" value=\"login\">\r\n\r\n<button type=\"submit\" class=\"button btn xoo-el-action-btn xoo-el-login-btn\" >Prihl\u00e1si\u0165 sa<\/button>\r\n\r\n<input type=\"hidden\" name=\"xoo_el_redirect\" value=\"\/sk\/wp-json\/wp\/v2\/pages\/7559\">\r\n\t\t\t\t\t\r\n\t\t\t\t<input type=\"hidden\" name=\"trp-form-language\" value=\"sk\"\/><\/form>\r\n\r\n\t\t\t\t\r\n\t\r\n\t\r\n\r\n\t\r\n\t\r\n\t\t\t<\/div>\r\n\r\n\t\t<\/div>\r\n\r\n\t\r\n\t\t\t\r\n\t\t<div data-section=\"register\" class=\"xoo-el-section\">\r\n\r\n\t\t\t<div class=\"xoo-el-fields\">\r\n\r\n\t\t\t\t<div class=\"xoo-el-notice\"><\/div>\r\n\t\t\t\t<form class=\"xoo-el-action-form xoo-el-form-register\" action=\"\">\r\n\r\n\t\t\t\t\t\r\n\t\t\t\t\t<div class=\"xoo-el-fields-cont\"><div class=\"xoo-aff-group xoo-aff-cont-email one xoo-aff-cont-required xoo_el_reg_email_cont\"><div class=\"xoo-aff-input-group\"><span class=\"xoo-aff-input-icon fas fa-at\"><\/span><input type=\"email\" class=\"xoo-aff-required xoo-aff-email xoo-aff-field\" name=\"xoo_el_reg_email\" placeholder=\"E-mail\"  value=\"\" required=\"\t\" autocomplete=\"email\"\/><\/div><\/div><div class=\"xoo-aff-group xoo-aff-cont-text onehalf xoo-aff-cont-required xoo_el_reg_fname_cont\"><div class=\"xoo-aff-input-group\"><span class=\"xoo-aff-input-icon far fa-user\"><\/span><input type=\"text\" class=\"xoo-aff-required xoo-aff-text xoo-aff-field\" name=\"xoo_el_reg_fname\" placeholder=\"Meno\"  value=\"\" required=\"\t\"\/><\/div><\/div><div class=\"xoo-aff-group xoo-aff-cont-text onehalf xoo-aff-cont-required xoo_el_reg_lname_cont\"><div class=\"xoo-aff-input-group\"><span class=\"xoo-aff-input-icon far fa-user\"><\/span><input type=\"text\" class=\"xoo-aff-required xoo-aff-text xoo-aff-field\" name=\"xoo_el_reg_lname\" placeholder=\"Priezvisko\"  value=\"\" required=\"\t\"\/><\/div><\/div><div class=\"xoo-aff-group xoo-aff-cont-password one xoo-aff-cont-required xoo_el_reg_pass_cont\"><div class=\"xoo-aff-input-group\"><span class=\"xoo-aff-input-icon fas fa-key\"><\/span><input type=\"password\" class=\"xoo-aff-required xoo-aff-password xoo-aff-field\" name=\"xoo_el_reg_pass\" placeholder=\"Heslo\"  value=\"\" maxlength=\"20\" minlength=\"6\" required=\"\t\" autocomplete=\"new-password\"\/><div class=\"xoo-aff-pw-toggle\">\r\n\t\t\t\t\t<span class=\"xoo-aff-pwtog-show\"><i class=\"far fa-eye\"><\/i><\/span>\r\n\t\t\t\t\t<span class=\"xoo-aff-pwtog-hide\"><i class=\"far fa-eye-slash\"><\/i><\/span>\r\n\t\t\t\t\t<\/div><\/div><\/div><div class=\"xoo-aff-group xoo-aff-cont-password one xoo-aff-cont-required xoo_el_reg_pass_again_cont\"><div class=\"xoo-aff-input-group\"><span class=\"xoo-aff-input-icon fas fa-key\"><\/span><input type=\"password\" class=\"xoo-aff-required xoo-aff-password xoo-aff-field\" name=\"xoo_el_reg_pass_again\" placeholder=\"Potvrdi\u0165 heslo\"  value=\"\" required=\"\t\" autocomplete=\"new-password\"\/><div class=\"xoo-aff-pw-toggle\">\r\n\t\t\t\t\t<span class=\"xoo-aff-pwtog-show\"><i class=\"far fa-eye\"><\/i><\/span>\r\n\t\t\t\t\t<span class=\"xoo-aff-pwtog-hide\"><i class=\"far fa-eye-slash\"><\/i><\/span>\r\n\t\t\t\t\t<\/div><\/div><\/div><div class=\"xoo-aff-group xoo-aff-cont-checkbox_single one xoo-aff-cont-required xoo_el_reg_terms_cont\"><div class=\"xoo-aff-required xoo-aff-checkbox_single xoo-aff-field\"><label><input type=\"checkbox\" name=\"xoo_el_reg_terms\" class=\"xoo-aff-required xoo-aff-checkbox_single xoo-aff-field\" value=\"yes\" >S\u00fahlas\u00edm s <a href=\"\/sk\/podmienky\/\" target=\"_blank\" rel=\"nofollow\"> Podmienkami slu\u017eby a Z\u00e1sadami ochrany osobn\u00fdch \u00fadajov <\/a><\/label><\/div><\/div><\/div>\r\n<input type=\"hidden\" name=\"_xoo_el_form\" value=\"register\">\r\n\r\n\r\n<button type=\"submit\" class=\"button btn xoo-el-action-btn xoo-el-register-btn\">Registr\u00e1cia<\/button>\r\n\r\n<input type=\"hidden\" name=\"xoo_el_redirect\" value=\"\/sk\/wp-json\/wp\/v2\/pages\/7559\">\r\n\t\t\t\t\t\r\n\t\t\t\t<input type=\"hidden\" name=\"trp-form-language\" value=\"sk\"\/><\/form>\r\n\r\n\t\t\t\t\r\n\t\r\n\t\r\n\r\n\t\r\n\t\r\n\t\t\t<\/div>\r\n\r\n\t\t<\/div>\r\n\r\n\t\r\n\t\t\t\r\n\t\t<div data-section=\"lostpw\" class=\"xoo-el-section\">\r\n\r\n\t\t\t<div class=\"xoo-el-fields\">\r\n\r\n\t\t\t\t<div class=\"xoo-el-notice\"><\/div>\r\n\t\t\t\t<form class=\"xoo-el-action-form xoo-el-form-lostpw\" action=\"\">\r\n\r\n\t\t\t\t\t\r\n\t\t\t\t\t\r\n\r\n<span class=\"xoo-el-form-txt\">Stratili ste heslo? Zadajte pros\u00edm va\u0161e pou\u017e\u00edvate\u013esk\u00e9 meno alebo e-mailov\u00fa adresu. Obdr\u017e\u00edte odkaz na vytvorenie nov\u00e9ho hesla prostredn\u00edctvom e-mailu.<\/span>\r\n\r\n<div class=\"xoo-el-fields-cont\"><div class=\"xoo-aff-group xoo-aff-cont-text one xoo-aff-cont-required user_login_cont\"><div class=\"xoo-aff-input-group\"><span class=\"xoo-aff-input-icon fas fa-user-plus\"><\/span><input type=\"text\" class=\"xoo-aff-required xoo-aff-text xoo-aff-field\" name=\"user_login\" placeholder=\"Pou\u017e\u00edvate\u013esk\u00e9 meno \/ E-mail\"  value=\"\" required=\"\t\"\/><\/div><\/div><\/div>\r\n\r\n<input type=\"hidden\" name=\"_xoo_el_form\" value=\"lostPassword\">\r\n\r\n<input type=\"hidden\" name=\"_wp_http_referer\" value=\"\/sk\/wp-json\/wp\/v2\/pages\/7559\" \/>\r\n<button type=\"submit\" class=\"button btn xoo-el-action-btn xoo-el-lostpw-btn\">Posla\u0165 odkaz na resetovanie<\/button>\r\n\t\t\t\t\t\r\n\t\t\t\t<input type=\"hidden\" name=\"trp-form-language\" value=\"sk\"\/><\/form>\r\n\r\n\t\t\t\t\r\n\t\r\n\t\r\n\r\n\t\r\n\t\r\n\t\t\t<\/div>\r\n\r\n\t\t<\/div>\r\n\r\n\t\r\n\t\r\n<\/div>\n\n\n    <\/div>\n<\/section>\n<\/div><\/div>","protected":false},"excerpt":{"rendered":"","protected":false},"author":8456,"featured_media":0,"parent":0,"menu_order":0,"comment_status":"open","ping_status":"open","template":"text.php","meta":{"_acf_changed":false,"footnotes":""},"class_list":["post-7559","page","type-page","status-publish","hentry"],"acf":[],"_links":{"self":[{"href":"https:\/\/whitelip.com\/sk\/wp-json\/wp\/v2\/pages\/7559","targetHints":{"allow":["GET"]}}],"collection":[{"href":"https:\/\/whitelip.com\/sk\/wp-json\/wp\/v2\/pages"}],"about":[{"href":"https:\/\/whitelip.com\/sk\/wp-json\/wp\/v2\/types\/page"}],"author":[{"embeddable":true,"href":"https:\/\/whitelip.com\/sk\/wp-json\/wp\/v2\/users\/8456"}],"replies":[{"embeddable":true,"href":"https:\/\/whitelip.com\/sk\/wp-json\/wp\/v2\/comments?post=7559"}],"version-history":[{"count":0,"href":"https:\/\/whitelip.com\/sk\/wp-json\/wp\/v2\/pages\/7559\/revisions"}],"wp:attachment":[{"href":"https:\/\/whitelip.com\/sk\/wp-json\/wp\/v2\/media?parent=7559"}],"curies":[{"name":"wp","href":"https:\/\/api.w.org\/{rel}","templated":true}]}}