{"id":7545,"date":"2024-11-29T20:01:43","date_gmt":"2024-11-29T20:01:43","guid":{"rendered":"https:\/\/whitelip.com\/shipping-deliveries\/"},"modified":"2026-01-07T11:03:03","modified_gmt":"2026-01-07T11:03:03","slug":"doprava-a-dorucenie","status":"publish","type":"page","link":"https:\/\/whitelip.com\/sk\/shipping-deliveries\/","title":{"rendered":"Preprava a dod\u00e1vky"},"content":{"rendered":"<div class=\"wp-block-group container\"><div class=\"wp-block-group__inner-container is-layout-constrained wp-block-group-is-layout-constrained\"><section class=\"block--text\">\n    <div class=\"inner_blocks\">\n        \n\n<h1 class=\"wp-block-heading\">PREPRAVA A DOD\u00c1VKY<\/h1>\n\n\n\n<p><strong>Podmienky prepravy a inform\u00e1cie<\/strong><\/p>\n\n\n\n<p>V s\u00fa\u010dasnosti pon\u00fakame doru\u010denie prostredn\u00edctvom spolo\u010dnost\u00ed UPS, USPS, DHL Express, DHL Freight, PostNord, FedEx International Economy a FedEx International Priority.<\/p>\n\n\n\n<p>M\u00f4\u017eete si vybra\u0165 doru\u010denie na svoju dom\u00e1cu adresu, na servisn\u00e9 miesto alebo na in\u00fa vami uveden\u00fa adresu.<\/p>\n\n\n\n<p><strong>Preprava pod\u013ea krajiny<\/strong><\/p>\n\n\n\n<p>USA: USPS 3-20 pracovn\u00fdch dn\u00ed v z\u00e1vislosti od \u0161t\u00e1tu, v ktorom \u017eijete. Ak m\u00e1te probl\u00e9my so sledovan\u00edm v\u00e1\u0161ho bal\u00edka pomocou nami zaslan\u00e9ho \u00favodn\u00e9ho odkazu na sledovanie, pozrite si str\u00e1nku https:\/\/www.17track.net\/en a zadajte svoje sledovacie \u010d\u00edslo, kde z\u00edskate \u010fal\u0161ie inform\u00e1cie. Pred objednan\u00edm do USA si, pros\u00edm, pre\u010d\u00edtajte na\u0161u <a href=\"https:\/\/whitelip.com\/sk\/vratenie-tovaru\/\">pravidl\u00e1 vr\u00e1tenia tovaru<\/a>.<\/p>\n\n\n\n<p>SPOJEN\u00c9 KR\u00c1\u013dOVSTVO: Upozornenie: Na dovoz sa nevz\u0165ahuje \u017eiadna da\u0148, v\u0161etky ceny zobrazen\u00e9 v pokladni s\u00fa kone\u010dn\u00e9.<br>- Ak sa vyskytn\u00fa ak\u00e9ko\u013evek probl\u00e9my, nap\u00ed\u0161te n\u00e1m na support@whitelip.com.<\/p>\n\n\n\n<p>E\u00da: FedEx Express, FedEx Economy a DHL Express.<\/p>\n\n\n\n<p><strong>Ako je doprava rie\u0161en\u00e1 spolo\u010dnos\u0165ou Whitelip.com?<\/strong><\/p>\n\n\n\n<ol class=\"wp-block-list\">\n<li>Po dokon\u010den\u00ed n\u00e1kupu dostanete potvrdenie objedn\u00e1vky na pou\u017eit\u00fd e-mail. Tento e-mail bude obsahova\u0165 inform\u00e1cie o va\u0161om n\u00e1kupe.<\/li>\n\n\n\n<li>Va\u0161e v\u00fdrobky zabal\u00edme do odolnej a \u013eahkej \u0161katule a prid\u00e1me \u010fal\u0161ie poch\u00fa\u0165ky.<\/li>\n\n\n\n<li>Po odovzdan\u00ed va\u0161ej objedn\u00e1vky partnerovi, ktor\u00e9ho ste si vybrali, v\u00e1m bude zaslan\u00fd e-mail s \u010d\u00edslom na sledovanie. Pomocou tohto sledovacieho \u010d\u00edsla m\u00f4\u017eete sledova\u0165 cestu v\u00e1\u0161ho bal\u00edka k v\u00e1m.<\/li>\n<\/ol>\n\n\n\n<p><\/p>\n\n\n\n<p><strong>\u010cas manipul\u00e1cie<\/strong><\/p>\n\n\n\n<p>V\u00e4\u010d\u0161inu na\u0161ich objedn\u00e1vok (90%) odosielame v ten ist\u00fd de\u0148, ako pr\u00edde objedn\u00e1vka. Pr\u00edpady, ke\u010f je \u010das vybavenia dlh\u0161\u00ed, s\u00fa napr. ke\u010f v\u00fdrobky pre va\u0161u objedn\u00e1vku nie s\u00fa na sklade. Ak sa v\u00e1m to stane a manipula\u010dn\u00fd \u010das je dlh\u0161\u00ed ako 48 hod\u00edn, budeme v\u00e1s kontaktova\u0165 oh\u013eadom d\u00f4vodov. &nbsp;<\/p>\n\n\n\n<p><strong>\u010eal\u0161ie inform\u00e1cie<\/strong><\/p>\n\n\n\n<p>Spolo\u010dnos\u0165 Whitelip.com si vyhradzuje pr\u00e1vo zadr\u017ea\u0165 ak\u00fako\u013evek objedn\u00e1vku z d\u00f4vodu bezpe\u010dnostnej kontroly. Ak sa to t\u00fdka va\u0161ej objedn\u00e1vky, budete o tom informovan\u00ed do dvoch pracovn\u00fdch dn\u00ed.<\/p>\n\n\n\n<p>Upozornenie - z\u00e1kazn\u00edci z USA si m\u00f4\u017eu vyzdvihn\u00fa\u0165 svoj bal\u00edk, len ak maj\u00fa viac ako 21 rokov.<\/p>\n\n\n\n<p><strong>Pre kupuj\u00facich mimo Eur\u00f3pskej \u00fanie (E\u00da)<\/strong><\/p>\n\n\n\n<p>Vy ako z\u00e1kazn\u00edk ste zodpovedn\u00ed za to, \u017ee v\u00fdrobok m\u00f4\u017ee by\u0165 do cie\u013eovej krajiny dovezen\u00fd v s\u00falade so z\u00e1konom. Pri objedn\u00e1vke zo str\u00e1nky Whitelip.com je pr\u00edjemca dovozcom a mus\u00ed dodr\u017eiava\u0165 v\u0161etky z\u00e1kony a predpisy krajiny ur\u010denia. Objedn\u00e1vky, ktor\u00e9 sa zasielaj\u00fa do kraj\u00edn mimo \u0160v\u00e9dska, m\u00f4\u017eu podlieha\u0165 spotrebn\u00fdm daniam, cl\u00e1m a poplatkom vyberan\u00fdm miestnou krajinou a\/alebo jurisdikciou. Pr\u00edjemca medzin\u00e1rodnej z\u00e1sielky m\u00f4\u017ee podlieha\u0165 tak\u00fdmto spotrebn\u00fdm daniam, cl\u00e1m a poplatkom, ktor\u00e9 sa vyberaj\u00fa po tom, ako z\u00e1sielka doraz\u00ed do va\u0161ej krajiny a\/alebo na va\u0161u adresu doru\u010denia. Za nahl\u00e1senie a odvedenie t\u00fdchto dan\u00ed je zodpovedn\u00fd z\u00e1kazn\u00edk. \u010eal\u0161ie poplatky za coln\u00e9 konanie mus\u00ed zn\u00e1\u0161a\u0165 pr\u00edjemca; nem\u00e1me kontrolu nad t\u00fdmito poplatkami a nem\u00f4\u017eeme predv\u00edda\u0165, ak\u00e9 m\u00f4\u017eu by\u0165. Coln\u00e9 predpisy sa v jednotliv\u00fdch krajin\u00e1ch zna\u010dne l\u00ed\u0161ia; \u010fal\u0161ie inform\u00e1cie z\u00edskate na miestnom colnom \u00farade. Ak s\u00fa potrebn\u00e9 coln\u00e9 postupy, m\u00f4\u017ee to sp\u00f4sobi\u0165 oneskorenie nad r\u00e1mec na\u0161ich p\u00f4vodn\u00fdch odhadov doru\u010denia. Ke\u010f objedn\u00e1vka opust\u00ed sklad spolo\u010dnosti Whitelip.com, u\u017e za bal\u00edk nezodpoved\u00e1me a zodpovednos\u0165 prech\u00e1dza na v\u00e1s ako z\u00e1kazn\u00edka. Pre\u010d\u00edtajte si, pros\u00edm, na\u0161e \u00fapln\u00e9 znenie <a href=\"https:\/\/whitelip.com\/sk\/vratenie-tovaru\/\">pravidl\u00e1 vr\u00e1tenia tovaru<\/a> pred odoslan\u00edm objedn\u00e1vky mimo E\u00da.<\/p>\n\n\n    <\/div>\n<\/section>\n<\/div><\/div>","protected":false},"excerpt":{"rendered":"","protected":false},"author":8456,"featured_media":0,"parent":0,"menu_order":0,"comment_status":"open","ping_status":"open","template":"text.php","meta":{"_acf_changed":false,"footnotes":""},"class_list":["post-7545","page","type-page","status-publish","hentry"],"acf":[],"_links":{"self":[{"href":"https:\/\/whitelip.com\/sk\/wp-json\/wp\/v2\/pages\/7545","targetHints":{"allow":["GET"]}}],"collection":[{"href":"https:\/\/whitelip.com\/sk\/wp-json\/wp\/v2\/pages"}],"about":[{"href":"https:\/\/whitelip.com\/sk\/wp-json\/wp\/v2\/types\/page"}],"author":[{"embeddable":true,"href":"https:\/\/whitelip.com\/sk\/wp-json\/wp\/v2\/users\/8456"}],"replies":[{"embeddable":true,"href":"https:\/\/whitelip.com\/sk\/wp-json\/wp\/v2\/comments?post=7545"}],"version-history":[{"count":0,"href":"https:\/\/whitelip.com\/sk\/wp-json\/wp\/v2\/pages\/7545\/revisions"}],"wp:attachment":[{"href":"https:\/\/whitelip.com\/sk\/wp-json\/wp\/v2\/media?parent=7545"}],"curies":[{"name":"wp","href":"https:\/\/api.w.org\/{rel}","templated":true}]}}