{"id":7540,"date":"2024-11-29T19:26:30","date_gmt":"2024-11-29T19:26:30","guid":{"rendered":"https:\/\/whitelip.com\/about-us\/"},"modified":"2025-10-01T13:10:02","modified_gmt":"2025-10-01T13:10:02","slug":"about-us","status":"publish","type":"page","link":"https:\/\/whitelip.com\/sk\/about-us\/","title":{"rendered":"O n\u00e1s"},"content":{"rendered":"<div class=\"wp-block-group container\"><div class=\"wp-block-group__inner-container is-layout-constrained wp-block-group-is-layout-constrained\">\n<h1 class=\"wp-block-heading has-text-align-center\">O N\u00c1S<\/h1>\n\n\n<section class=\"block--title_aside\">\n    <aside class=\"block_aside\">\n        <p><strong>Spolo\u010dnos\u0165 Whitelip AB<\/strong><\/p>\n\n    <\/aside>\n\n    <main class=\"block_main\">\n        \n\n<p>Spolo\u010dnos\u0165 Whitelip.com bola zalo\u017een\u00e1 s cie\u013eom poskytova\u0165 komplexn\u00fd a dynamick\u00fd v\u00fdber celobielych nikot\u00ednov\u00fdch vreciek za vysoko konkuren\u010dn\u00e9 ceny. Ke\u010f\u017ee sme si uvedomili medzeru na trhu, predstavili sme si platformu, ktor\u00e1 uspokoj\u00ed v\u0161etky preferencie, od cenovo najdostupnej\u0161\u00edch a\u017e po pr\u00e9miov\u00e9 mo\u017enosti a od najjemnej\u0161\u00edch a\u017e po najintenz\u00edvnej\u0161ie produkty. Na rozdiel od mnoh\u00fdch ve\u013ek\u00fdch predajcov, ktor\u00ed sa zameriavaj\u00fa predov\u0161etk\u00fdm na zaveden\u00e9, mainstreamov\u00e9 zna\u010dky, my sa sna\u017e\u00edme prekro\u010di\u0165 hranice be\u017enosti t\u00fdm, \u017ee pon\u00fakame jedine\u010dn\u00e9 a charakteristick\u00e9 v\u00fdrobky. Na\u0161\u00edm poslan\u00edm je in\u0161pirova\u0165 na\u0161ich z\u00e1kazn\u00edkov k objavovaniu nov\u00fdch chut\u00ed a odr\u00f4d a pom\u00f4c\u0165 im objavi\u0165 ich \u010fal\u0161ie ob\u013e\u00faben\u00e9 produkty. V r\u00e1mci n\u00e1\u0161ho z\u00e1v\u00e4zku k dokonalosti neust\u00e1le roz\u0161irujeme n\u00e1\u0161 sortiment v\u00fdrobkov, aby si v \u0148om ka\u017ed\u00fd na\u0161iel nie\u010do pre seba.<\/p>\n\n\n    <\/main>\n<\/section>\n<\/div><\/div>\n\n\n<section class=\"tbs-image_cards\">\n  \n  <div class=\"wrapper centered_cards\">\n          <div class=\"card_wrapper\">\n        <div class=\"image-wrapper\">\n          <img decoding=\"async\" src=\"https:\/\/spcdn.shortpixel.ai\/spio\/ret_img,q_cdnize,to_avif,s_avif\/whitelip.com\/wp-content\/uploads\/2025\/07\/Daniel.webp\" alt=\"\" loading=\"lazy\" width=\"200\" height=\"200\" title=\"\">\n        <\/div>\n\n        <div class=\"info\">\n          <span class=\"name\">Daniel Holgersson<\/span>\n          <span class=\"title\">GENER\u00c1LNY RIADITE\u013d<\/span>\n        <\/div>\n\n        <div class=\"wrapper-buttons\">\n                      <a href=\"mailto:daniel@whitelip.com\"><img decoding=\"async\" src=\"https:\/\/spcdn.shortpixel.ai\/spio\/ret_img,q_cdnize,to_avif,s_avif\/whitelip.com\/wp-content\/themes\/whitelip\/static\/img\/envelope-solid-full.svg\" alt=\"\" title=\"\"><\/a>\n          \n                      <a href=\"tel:+46707907751\"><img decoding=\"async\" src=\"https:\/\/spcdn.shortpixel.ai\/spio\/ret_img,q_cdnize,to_avif,s_avif\/whitelip.com\/wp-content\/themes\/whitelip\/static\/img\/phone-solid-full.svg\" alt=\"\" title=\"\"><\/a>\n          \n                      <a href=\"\"><img decoding=\"async\" src=\"https:\/\/spcdn.shortpixel.ai\/spio\/ret_img,q_cdnize,to_avif,s_avif\/whitelip.com\/wp-content\/themes\/whitelip\/static\/img\/linkedin-brands-solid-full.svg\" alt=\"\" title=\"\"><\/a>\n                  <\/div>\n      <\/div>\n          <div class=\"card_wrapper\">\n        <div class=\"image-wrapper\">\n          <img decoding=\"async\" src=\"https:\/\/spcdn.shortpixel.ai\/spio\/ret_img,q_cdnize,to_avif,s_avif\/whitelip.com\/wp-content\/uploads\/2025\/07\/Albin.webp\" alt=\"\" loading=\"lazy\" width=\"200\" height=\"200\" title=\"\">\n        <\/div>\n\n        <div class=\"info\">\n          <span class=\"name\">Albin Dahlin<\/span>\n          <span class=\"title\">FINAN\u010cN\u00dd RIADITE\u013d<\/span>\n        <\/div>\n\n        <div class=\"wrapper-buttons\">\n                      <a href=\"mailto:albin@whitelip.com\"><img decoding=\"async\" src=\"https:\/\/spcdn.shortpixel.ai\/spio\/ret_img,q_cdnize,to_avif,s_avif\/whitelip.com\/wp-content\/themes\/whitelip\/static\/img\/envelope-solid-full.svg\" alt=\"\" title=\"\"><\/a>\n          \n                      <a href=\"tel:+46708302150\"><img decoding=\"async\" src=\"https:\/\/spcdn.shortpixel.ai\/spio\/ret_img,q_cdnize,to_avif,s_avif\/whitelip.com\/wp-content\/themes\/whitelip\/static\/img\/phone-solid-full.svg\" alt=\"\" title=\"\"><\/a>\n          \n                      <a href=\"\"><img decoding=\"async\" src=\"https:\/\/spcdn.shortpixel.ai\/spio\/ret_img,q_cdnize,to_avif,s_avif\/whitelip.com\/wp-content\/themes\/whitelip\/static\/img\/linkedin-brands-solid-full.svg\" alt=\"\" title=\"\"><\/a>\n                  <\/div>\n      <\/div>\n          <div class=\"card_wrapper\">\n        <div class=\"image-wrapper\">\n          <img decoding=\"async\" src=\"https:\/\/spcdn.shortpixel.ai\/spio\/ret_img,q_cdnize,to_avif,s_avif\/whitelip.com\/wp-content\/uploads\/2025\/07\/Max.webp\" alt=\"\" loading=\"lazy\" width=\"200\" height=\"200\" title=\"\">\n        <\/div>\n\n        <div class=\"info\">\n          <span class=\"name\">Max Juserius<\/span>\n          <span class=\"title\">CMO<\/span>\n        <\/div>\n\n        <div class=\"wrapper-buttons\">\n                      <a href=\"mailto:max@whitelip.com\"><img decoding=\"async\" src=\"https:\/\/spcdn.shortpixel.ai\/spio\/ret_img,q_cdnize,to_avif,s_avif\/whitelip.com\/wp-content\/themes\/whitelip\/static\/img\/envelope-solid-full.svg\" alt=\"\" title=\"\"><\/a>\n          \n                      <a href=\"tel:+46707484475\"><img decoding=\"async\" src=\"https:\/\/spcdn.shortpixel.ai\/spio\/ret_img,q_cdnize,to_avif,s_avif\/whitelip.com\/wp-content\/themes\/whitelip\/static\/img\/phone-solid-full.svg\" alt=\"\" title=\"\"><\/a>\n          \n                      <a href=\"\"><img decoding=\"async\" src=\"https:\/\/spcdn.shortpixel.ai\/spio\/ret_img,q_cdnize,to_avif,s_avif\/whitelip.com\/wp-content\/themes\/whitelip\/static\/img\/linkedin-brands-solid-full.svg\" alt=\"\" title=\"\"><\/a>\n                  <\/div>\n      <\/div>\n          <div class=\"card_wrapper\">\n        <div class=\"image-wrapper\">\n          <img decoding=\"async\" src=\"https:\/\/spcdn.shortpixel.ai\/spio\/ret_img,q_cdnize,to_avif,s_avif\/whitelip.com\/wp-content\/uploads\/2025\/07\/1699907329647.webp\" alt=\"\" loading=\"lazy\" width=\"800\" height=\"800\" title=\"\">\n        <\/div>\n\n        <div class=\"info\">\n          <span class=\"name\">Edvin Andersson<\/span>\n          <span class=\"title\">VE\u013dKOOBCHODN\u00dd PREDAJ<\/span>\n        <\/div>\n\n        <div class=\"wrapper-buttons\">\n                      <a href=\"mailto:edvin@whitelip.com\"><img decoding=\"async\" src=\"https:\/\/spcdn.shortpixel.ai\/spio\/ret_img,q_cdnize,to_avif,s_avif\/whitelip.com\/wp-content\/themes\/whitelip\/static\/img\/envelope-solid-full.svg\" alt=\"\" title=\"\"><\/a>\n          \n                      <a href=\"tel:+46722070808\"><img decoding=\"async\" src=\"https:\/\/spcdn.shortpixel.ai\/spio\/ret_img,q_cdnize,to_avif,s_avif\/whitelip.com\/wp-content\/themes\/whitelip\/static\/img\/phone-solid-full.svg\" alt=\"\" title=\"\"><\/a>\n          \n                      <a href=\"\"><img decoding=\"async\" src=\"https:\/\/spcdn.shortpixel.ai\/spio\/ret_img,q_cdnize,to_avif,s_avif\/whitelip.com\/wp-content\/themes\/whitelip\/static\/img\/linkedin-brands-solid-full.svg\" alt=\"\" title=\"\"><\/a>\n                  <\/div>\n      <\/div>\n      <\/div>\n<\/section>\n\n\n\n<p><\/p>","protected":false},"excerpt":{"rendered":"<p>O N\u00c1S<\/p>","protected":false},"author":8456,"featured_media":0,"parent":0,"menu_order":0,"comment_status":"open","ping_status":"open","template":"text.php","meta":{"_acf_changed":false,"footnotes":""},"class_list":["post-7540","page","type-page","status-publish","hentry"],"acf":[],"_links":{"self":[{"href":"https:\/\/whitelip.com\/sk\/wp-json\/wp\/v2\/pages\/7540","targetHints":{"allow":["GET"]}}],"collection":[{"href":"https:\/\/whitelip.com\/sk\/wp-json\/wp\/v2\/pages"}],"about":[{"href":"https:\/\/whitelip.com\/sk\/wp-json\/wp\/v2\/types\/page"}],"author":[{"embeddable":true,"href":"https:\/\/whitelip.com\/sk\/wp-json\/wp\/v2\/users\/8456"}],"replies":[{"embeddable":true,"href":"https:\/\/whitelip.com\/sk\/wp-json\/wp\/v2\/comments?post=7540"}],"version-history":[{"count":0,"href":"https:\/\/whitelip.com\/sk\/wp-json\/wp\/v2\/pages\/7540\/revisions"}],"wp:attachment":[{"href":"https:\/\/whitelip.com\/sk\/wp-json\/wp\/v2\/media?parent=7540"}],"curies":[{"name":"wp","href":"https:\/\/api.w.org\/{rel}","templated":true}]}}