{"id":97917,"date":"2026-05-11T13:35:14","date_gmt":"2026-05-11T13:35:14","guid":{"rendered":"https:\/\/whitelip.com\/?post_type=product&#038;p=97917"},"modified":"2026-05-11T13:39:27","modified_gmt":"2026-05-11T13:39:27","slug":"apres-blueberry-zero-nicotine-free","status":"publish","type":"product","link":"https:\/\/whitelip.com\/it\/uncategorized\/apres-blueberry-zero-nicotine-free\/","title":{"rendered":"Apr\u00e8s Blueberry Zero Senza Nicotina"},"content":{"rendered":"<h1 data-section-id=\"ap1bz2\" data-start=\"1\" data-end=\"50\"><strong>Apr\u00e8s Blueberry Zero Senza Nicotina<\/strong><\/h1>\n<p data-section-id=\"ap3bz4\" data-start=\"52\" data-end=\"350\">Apr\u00e8s Blueberry Zero \u00e8 uno snus bianco senza nicotina e senza tabacco in formato slim con un sapore fresco e fruttato di mirtillo e frutti di bosco, prodotto da Apr\u00e8s Nicotine AB in Svezia. Completamente privo di nicotina, tabacco e caffeina, questo prodotto \u00e8 la scelta perfetta per chi vuole godersi l'esperienza della bustina senza nicotina o stimolanti. Lanciato nel 2020, Apr\u00e8s si \u00e8 costruito una reputazione per prodotti di qualit\u00e0 senza tabacco in una gamma di sapori e formati.<\/p>\n<h2 data-section-id=\"ap5bz6\" data-start=\"352\" data-end=\"370\">Sapore e formato<\/h2>\n<p data-section-id=\"ap7bz8\" data-start=\"372\" data-end=\"570\">Apr\u00e8s Blueberry Zero offre un sapore dolce e naturale di mirtillo con sottili note di frutti di bosco che risulta fresco e piacevole durante l'uso. Il sapore \u00e8 pulito e ben arrotondato senza affidarsi a nicotina o caffeina per l'effetto, rendendolo un'ottima opzione per chi sta riducendo la nicotina, rimane completamente senza nicotina o semplicemente vuole godersi una bustina fruttata in qualsiasi momento della giornata. Il formato slim garantisce una vestibilit\u00e0 discreta e confortevole sotto il labbro dall'inizio alla fine.<\/p>\n<h2 data-section-id=\"ap9bz0\" data-start=\"572\" data-end=\"590\">Formato della busta<\/h2>\n<p data-section-id=\"ap2bz5\" data-start=\"592\" data-end=\"780\">Apr\u00e8s Blueberry Zero \u00e8 disponibile in formato slim. Ogni barattolo contiene 20 bustine, tutte completamente prive di nicotina, tabacco, caffeina e fumo. La bustina slim si posiziona in modo discreto e confortevole sotto il labbro, fornendo un rilascio uniforme del sapore in un formato pratico e discreto adatto all'uso in qualsiasi momento e ovunque.<\/p>\n<h2 data-section-id=\"ap4bz7\" data-start=\"782\" data-end=\"796\">Su Apr\u00e8s<\/h2>\n<p data-section-id=\"ap6bz9\" data-start=\"798\" data-end=\"1050\">Apr\u00e8s was established in 2020 and is produced by Apr\u00e8s Nicotine AB in Sweden. The range includes nicotine-free alternatives as well as products in various flavours, strengths and formats &#8211; all made with plant-based materials. No.12 Blueberry Zero is a prime example of Apr\u00e8s&#8217; commitment to offering clean, modern and accessible pouch options for every type of user.<\/p>\n<table style=\"height: 235px;\" width=\"383\">\n<tbody>\n<tr>\n<td><b>Attributo<\/b><\/td>\n<td><b>Dettagli<\/b><\/td>\n<\/tr>\n<tr>\n<td><b>Marchio<\/b><\/td>\n<td><em><strong>Apr\u00e8s<\/strong><\/em><\/td>\n<\/tr>\n<tr>\n<td><b>Formato della busta<\/b><\/td>\n<td><em><strong>Magro<\/strong><\/em><\/td>\n<\/tr>\n<tr>\n<td><b>Intensit\u00e0<\/b><\/td>\n<td><em><strong>Senza nicotina<\/strong><\/em><\/td>\n<\/tr>\n<tr>\n<td><b>Produttore<\/b><\/td>\n<td><em><strong>Apr\u00e8s Nicotine AB<\/strong><\/em><\/td>\n<\/tr>\n<tr>\n<td><b>Sapore<\/b><\/td>\n<td><em><strong>Blueberry, berries<\/strong><\/em><\/td>\n<\/tr>\n<tr>\n<td><b>Contenuto di nicotina<\/b><\/td>\n<td><b><span style=\"font-weight: 400;\">0mg (senza nicotina)<\/span><\/b><\/td>\n<\/tr>\n<tr>\n<td><b>Contenuto per barattolo<\/b><\/td>\n<td><span style=\"font-weight: 400;\">20 buste<\/span><\/td>\n<\/tr>\n<tr>\n<td><b>Categoria<\/b><\/td>\n<td><em><strong>Senza nicotina<\/strong><\/em><\/td>\n<\/tr>\n<tr>\n<td><b>Tipo<\/b><\/td>\n<td><b><span style=\"font-weight: 400;\">Astuccio completamente bianco, senza tabacco<\/span><\/b><\/td>\n<\/tr>\n<\/tbody>\n<\/table>\n<p>&nbsp;<\/p>","protected":false},"excerpt":{"rendered":"<p>Apr\u00e8s Blueberry Zero \u00e8 uno snus bianco senza nicotina, senza tabacco e senza caffeina in formato slim con un sapore fresco di mirtillo e frutti di bosco. La scelta perfetta per chi vuole l'esperienza della bustina senza nicotina. 20 bustine per barattolo, prodotto da Apr\u00e8s Nicotine AB in Svezia.<\/p>","protected":false},"featured_media":97924,"comment_status":"open","ping_status":"closed","template":"","format":[],"meta":{"_acf_changed":false},"product_brand":[],"product_cat":[15],"product_tag":[],"flavours":[196],"nicotine":[],"class_list":{"0":"post-97917","1":"product","2":"type-product","3":"status-publish","4":"has-post-thumbnail","6":"product_cat-uncategorized","7":"pa_quantity-1-pack","8":"pa_quantity-10-pack","9":"pa_quantity-3-pack","10":"pa_quantity-30-pack","11":"pa_quantity-5-pack","12":"pa_quantity-60-pack","13":"flavours-fruits-berries","15":"first","16":"instock","17":"taxable","18":"shipping-taxable","19":"purchasable","20":"product-type-variable"},"acf":[],"_links":{"self":[{"href":"https:\/\/whitelip.com\/it\/wp-json\/wp\/v2\/product\/97917","targetHints":{"allow":["GET"]}}],"collection":[{"href":"https:\/\/whitelip.com\/it\/wp-json\/wp\/v2\/product"}],"about":[{"href":"https:\/\/whitelip.com\/it\/wp-json\/wp\/v2\/types\/product"}],"replies":[{"embeddable":true,"href":"https:\/\/whitelip.com\/it\/wp-json\/wp\/v2\/comments?post=97917"}],"wp:featuredmedia":[{"embeddable":true,"href":"https:\/\/whitelip.com\/it\/wp-json\/wp\/v2\/media\/97924"}],"wp:attachment":[{"href":"https:\/\/whitelip.com\/it\/wp-json\/wp\/v2\/media?parent=97917"}],"wp:term":[{"taxonomy":"product_brand","embeddable":true,"href":"https:\/\/whitelip.com\/it\/wp-json\/wp\/v2\/product_brand?post=97917"},{"taxonomy":"product_cat","embeddable":true,"href":"https:\/\/whitelip.com\/it\/wp-json\/wp\/v2\/product_cat?post=97917"},{"taxonomy":"product_tag","embeddable":true,"href":"https:\/\/whitelip.com\/it\/wp-json\/wp\/v2\/product_tag?post=97917"},{"taxonomy":"flavours","embeddable":true,"href":"https:\/\/whitelip.com\/it\/wp-json\/wp\/v2\/flavours?post=97917"},{"taxonomy":"format","embeddable":true,"href":"https:\/\/whitelip.com\/it\/wp-json\/wp\/v2\/format?post=97917"},{"taxonomy":"nicotine","embeddable":true,"href":"https:\/\/whitelip.com\/it\/wp-json\/wp\/v2\/nicotine?post=97917"}],"curies":[{"name":"wp","href":"https:\/\/api.w.org\/{rel}","templated":true}]}}