{"id":97613,"date":"2026-05-08T10:28:53","date_gmt":"2026-05-08T10:28:53","guid":{"rendered":"https:\/\/whitelip.com\/?post_type=product&#038;p=97613"},"modified":"2026-05-10T02:58:39","modified_gmt":"2026-05-10T02:58:39","slug":"smogen-westcoast-berries-exp-02-24-2026","status":"publish","type":"product","link":"https:\/\/whitelip.com\/it\/smogen\/smogen-westcoast-berries-exp-02-24-2026\/","title":{"rendered":"SM\u00d6GEN Westcoast Berries Exp.02\/24\/2026"},"content":{"rendered":"<h2>SM\u00d6GEN Westcoast Berries Exp.02\/24\/2026<\/h2>\n<p><span style=\"font-weight: 400;\">Le bustine di nicotina SM\u00d6GEN Westcoast Berries sono ispirate dalla costa accidentata della costa ovest della Svezia, dove scogliere spoglie incontrano la forza inesorabile del mare. Nonostante il terreno aspro e battuto dal vento e la quasi assenza di alberi, le innumerevoli piccole isole, isolotti e skerries intorno a Sm\u00f6gen sono inaspettatamente ricchi di cespugli di bacche selvatiche. Anche i pi\u00f9 piccoli affioramenti spesso producono quantit\u00e0 sorprendenti di more, lamponi e mirtilli. Questo sapore cattura quella miscela di bacche selvatiche e costiere \u2014 dolce, acidula e rinfrescante. Ogni bustina slim di colore bianco puro contiene 8 mg di nicotina, fornendo un'esperienza soddisfacente con il sapore della resilienza naturale nordica. Realizzate in Svezia, SM\u00d6GEN Westcoast Berries mescola tradizione, natura e forza in un formato di bustina senza tabacco.<\/span><\/p>\n<table>\n<tbody>\n<tr>\n<td><b>Attributo<\/b><\/td>\n<td><b>Dettagli<\/b><\/td>\n<\/tr>\n<tr>\n<td><b>Contenuto per barattolo<\/b><\/td>\n<td><span style=\"font-weight: 400;\">12g (20 sacchetti)<\/span><\/td>\n<\/tr>\n<tr>\n<td><b>Contenuto di nicotina<\/b><\/td>\n<td><span style=\"font-weight: 400;\">13mg\/g (8 mg per bustina)<\/span><\/td>\n<\/tr>\n<tr>\n<td><b>Formato della busta<\/b><\/td>\n<td><span style=\"font-weight: 400;\">Magro<\/span><\/td>\n<\/tr>\n<tr>\n<td><b>Produttore<\/b><\/td>\n<td><span style=\"font-weight: 400;\">SM\u00d6GEN<\/span><\/td>\n<\/tr>\n<tr>\n<td><b>Sapore<\/b><\/td>\n<td><span style=\"font-weight: 400;\">Bacche selvatiche (mora, lampone, mirtillo)<\/span><\/td>\n<\/tr>\n<tr>\n<td><b>Tipo<\/b><\/td>\n<td><span style=\"font-weight: 400;\">Astuccio tutto bianco<\/span><\/td>\n<\/tr>\n<\/tbody>\n<\/table>","protected":false},"excerpt":{"rendered":"<p>Le bustine di nicotina SM\u00d6GEN Westcoast Berries offrono un gusto dolce e acidulo <strong data-start=\"65\" data-end=\"86\">Westcoast Berries<\/strong> ispirati dalla costa ovest accidentata della Svezia. <strong data-start=\"134\" data-end=\"142\">Magro<\/strong>, formato bianco puro per un uso discreto e confortevole. Ogni bustina contiene <strong data-start=\"212\" data-end=\"229\">8 mg di nicotina<\/strong>. Realizzate in Svezia per un sapore rinfrescante con carattere naturale nordico.<\/p>","protected":false},"featured_media":3424,"comment_status":"open","ping_status":"closed","template":"","format":[],"meta":{"_acf_changed":false},"product_brand":[],"product_cat":[114],"product_tag":[17015,16583],"flavours":[],"nicotine":[],"class_list":{"0":"post-97613","1":"product","2":"type-product","3":"status-publish","4":"has-post-thumbnail","6":"product_cat-smogen","7":"product_tag-50-off","8":"product_tag-8-mg-pouch","9":"pa_quantity-1-pack","10":"pa_quantity-10-pack","11":"pa_quantity-3-pack","12":"pa_quantity-30-pack","13":"pa_quantity-5-pack","14":"pa_quantity-60-pack","16":"first","17":"instock","18":"sale","19":"taxable","20":"shipping-taxable","21":"purchasable","22":"product-type-variable"},"acf":[],"_links":{"self":[{"href":"https:\/\/whitelip.com\/it\/wp-json\/wp\/v2\/product\/97613","targetHints":{"allow":["GET"]}}],"collection":[{"href":"https:\/\/whitelip.com\/it\/wp-json\/wp\/v2\/product"}],"about":[{"href":"https:\/\/whitelip.com\/it\/wp-json\/wp\/v2\/types\/product"}],"replies":[{"embeddable":true,"href":"https:\/\/whitelip.com\/it\/wp-json\/wp\/v2\/comments?post=97613"}],"wp:featuredmedia":[{"embeddable":true,"href":"https:\/\/whitelip.com\/it\/wp-json\/wp\/v2\/media\/3424"}],"wp:attachment":[{"href":"https:\/\/whitelip.com\/it\/wp-json\/wp\/v2\/media?parent=97613"}],"wp:term":[{"taxonomy":"product_brand","embeddable":true,"href":"https:\/\/whitelip.com\/it\/wp-json\/wp\/v2\/product_brand?post=97613"},{"taxonomy":"product_cat","embeddable":true,"href":"https:\/\/whitelip.com\/it\/wp-json\/wp\/v2\/product_cat?post=97613"},{"taxonomy":"product_tag","embeddable":true,"href":"https:\/\/whitelip.com\/it\/wp-json\/wp\/v2\/product_tag?post=97613"},{"taxonomy":"flavours","embeddable":true,"href":"https:\/\/whitelip.com\/it\/wp-json\/wp\/v2\/flavours?post=97613"},{"taxonomy":"format","embeddable":true,"href":"https:\/\/whitelip.com\/it\/wp-json\/wp\/v2\/format?post=97613"},{"taxonomy":"nicotine","embeddable":true,"href":"https:\/\/whitelip.com\/it\/wp-json\/wp\/v2\/nicotine?post=97613"}],"curies":[{"name":"wp","href":"https:\/\/api.w.org\/{rel}","templated":true}]}}