{"id":9638,"date":"2025-01-31T10:04:39","date_gmt":"2025-01-31T10:04:39","guid":{"rendered":"https:\/\/whitelip.com\/loop-smooth-mint-hyper-strong\/"},"modified":"2026-04-29T22:27:29","modified_gmt":"2026-04-29T22:27:29","slug":"loop-smooth-mint-hyper-strong","status":"publish","type":"product","link":"https:\/\/whitelip.com\/it\/loop\/loop-smooth-mint-hyper-strong\/","title":{"rendered":"LOOP Menta liscia iper forte"},"content":{"rendered":"<h2><strong>LOOP Menta liscia iper forte<\/strong><\/h2>\n<p>LOOP Smooth Mint Hyper Strong offre un'elevata quantit\u00e0 di nicotina e un fresco sapore di menta con elementi dolci. Le buste sono disponibili in un formato sottile con un'intensit\u00e0 di nicotina di 25 mg\/g.<\/p>\n<ul>\n<li>Sapore: Menta<\/li>\n<li>Formato: Slim<\/li>\n<li>Nicotina: 25 mg\/g<\/li>\n<li>Sacchetti: 22 pezzi<\/li>\n<li>Peso: 13,8 g<\/li>\n<li>Marchio: <a href=\"https:\/\/whitelip.se\/en\/loop\" target=\"_blank\" rel=\"noopener\">CICLO<\/a><\/li>\n<li>Produttore: <a href=\"https:\/\/anothersnusfactory.com\/about\/\" target=\"_blank\" rel=\"noopener\">CICLO<\/a><\/li>\n<\/ul>\n<p><em><strong>Informazioni sul marchio: LOOP<\/strong><\/em><\/p>\n<p>Scopri il comfort e la variet\u00e0 delle bustine di nicotina LOOP &#8211; una gamma che combina alta qualit\u00e0 con una variet\u00e0 di sapori entusiasmanti e dosi di nicotina. Con il suo design discreto e confortevole, LOOP offre una soluzione elegante per soddisfare la voglia di nicotina. Esplora la nostra ampia gamma di bustine di nicotina LOOP e trova il tuo sapore preferito per un'esperienza di nicotina piacevole e discreta in qualsiasi momento.<\/p>\n<p><em><strong>Informazioni su Whitelip.se:\u00a0<\/strong><\/em><\/p>\n<p><span data-contrast=\"auto\">Benvenuti su Whitelip.se, la vostra destinazione definitiva per le buste di nicotina di alta qualit\u00e0. Esplorate la nostra vasta gamma di prodotti progettati per soddisfare le vostre esigenze di nicotina, con consegna negli Stati Uniti e in Europa, tutti comodamente disponibili con opzioni di spedizione gratuita al momento del checkout. Migliorate la vostra soddisfazione ad ogni acquisto, perch\u00e9 vi offriamo marchi di prim'ordine e una consegna impeccabile a domicilio. Provate la massima convenienza e la qualit\u00e0 premium solo su Whitelip.se. Acquistate ora e abbandonatevi al piacere delle buste di nicotina bianche di alta qualit\u00e0.<\/span><\/p>","protected":false},"excerpt":{"rendered":"<p>Extra-alto <strong data-start=\"11\" data-end=\"26\">menta liscia<\/strong> con note fresche e dolci. <strong data-start=\"52\" data-end=\"60\">Magro<\/strong>, Le bustine senza tabacco si inseriscono discretamente sotto il labbro per un uso pulito e pratico. Intensit\u00e0 di nicotina <strong data-start=\"157\" data-end=\"168\">25 mg\/g<\/strong> per un'esperienza iper-forte.<\/p>","protected":false},"featured_media":9639,"comment_status":"open","ping_status":"closed","template":"","format":[206],"meta":{"_acf_changed":false},"product_brand":[],"product_cat":[32],"product_tag":[17005],"flavours":[199],"nicotine":[232,219],"class_list":{"0":"post-9638","1":"product","2":"type-product","3":"status-publish","4":"has-post-thumbnail","6":"product_cat-loop","7":"product_tag-15-6-mg-pouch","8":"pa_quantity-1-pack","9":"pa_quantity-10-pack","10":"pa_quantity-3-pack","11":"pa_quantity-30-pack","12":"pa_quantity-5-pack","13":"pa_quantity-60-pack","14":"flavours-mint","15":"format-slim","16":"nicotine-extra-strong","17":"nicotine-25-mg-g","19":"first","20":"instock","21":"taxable","22":"shipping-taxable","23":"purchasable","24":"product-type-variable","25":"has-default-attributes"},"acf":[],"_links":{"self":[{"href":"https:\/\/whitelip.com\/it\/wp-json\/wp\/v2\/product\/9638","targetHints":{"allow":["GET"]}}],"collection":[{"href":"https:\/\/whitelip.com\/it\/wp-json\/wp\/v2\/product"}],"about":[{"href":"https:\/\/whitelip.com\/it\/wp-json\/wp\/v2\/types\/product"}],"replies":[{"embeddable":true,"href":"https:\/\/whitelip.com\/it\/wp-json\/wp\/v2\/comments?post=9638"}],"wp:featuredmedia":[{"embeddable":true,"href":"https:\/\/whitelip.com\/it\/wp-json\/wp\/v2\/media\/9639"}],"wp:attachment":[{"href":"https:\/\/whitelip.com\/it\/wp-json\/wp\/v2\/media?parent=9638"}],"wp:term":[{"taxonomy":"product_brand","embeddable":true,"href":"https:\/\/whitelip.com\/it\/wp-json\/wp\/v2\/product_brand?post=9638"},{"taxonomy":"product_cat","embeddable":true,"href":"https:\/\/whitelip.com\/it\/wp-json\/wp\/v2\/product_cat?post=9638"},{"taxonomy":"product_tag","embeddable":true,"href":"https:\/\/whitelip.com\/it\/wp-json\/wp\/v2\/product_tag?post=9638"},{"taxonomy":"flavours","embeddable":true,"href":"https:\/\/whitelip.com\/it\/wp-json\/wp\/v2\/flavours?post=9638"},{"taxonomy":"format","embeddable":true,"href":"https:\/\/whitelip.com\/it\/wp-json\/wp\/v2\/format?post=9638"},{"taxonomy":"nicotine","embeddable":true,"href":"https:\/\/whitelip.com\/it\/wp-json\/wp\/v2\/nicotine?post=9638"}],"curies":[{"name":"wp","href":"https:\/\/api.w.org\/{rel}","templated":true}]}}