{"id":9520,"date":"2025-01-03T12:09:01","date_gmt":"2025-01-03T12:09:01","guid":{"rendered":"https:\/\/whitelip.com\/xqs-berrynana-twist-strong\/"},"modified":"2026-04-22T10:11:34","modified_gmt":"2026-04-22T10:11:34","slug":"xqs-berrynana-twist-strong","status":"publish","type":"product","link":"https:\/\/whitelip.com\/it\/xqs\/xqs-berrynana-twist-strong\/","title":{"rendered":"XQS Berrynana Twist Strong"},"content":{"rendered":"<h2><strong>XQS Berrynana Twist Strong<\/strong><\/h2>\n<p>XQS Berrynana Twist Strong \u00e8 una busta di nicotina completamente bianca al gusto di fragola e banana. Le buste sono disponibili in un formato sottile con un'intensit\u00e0 di nicotina di 16 mg\/g.<\/p>\n<ul>\n<li>Gusto: Fragola e banana<\/li>\n<li>Formato: Slim<\/li>\n<li>Nicotina: 16 mg\/g<\/li>\n<li>Sacchetti: 20 pezzi<\/li>\n<li>Peso: 10 g<\/li>\n<li>Marchio: <a href=\"https:\/\/whitelip.se\/en\/xqs\/\" target=\"_blank\" rel=\"noopener\">XQS<\/a><\/li>\n<li>Produttore: <a href=\"https:\/\/www.st-group.com\/\" target=\"_blank\" rel=\"noopener\">Insurgent Ventures II<\/a><\/li>\n<\/ul>\n<p><em><strong>Informazioni sul marchio: XQS<\/strong><\/em><\/p>\n<p>Esplora un mondo di gusto e praticit\u00e0 con le bustine di nicotina XQS, una linea che offre un'eccezionale variet\u00e0 di sapori e discrezione. Con diversi sapori entusiasmanti e forze di nicotina disponibili, XQS fornisce una soluzione comoda e stilosa per soddisfare le tue esigenze di nicotina. Sperimenta anche la naturalezza extra di XQS, le loro pillole sono colorate naturalmente per un'esperienza di nicotina autentica e piacevole. Esplora l'ampia gamma di bustine di nicotina XQS e trova il tuo preferito per un'esperienza di nicotina piacevole e personalizzata a tua convenienza.<\/p>\n<p><em><strong>Informazioni su Whitelip.se:\u00a0<\/strong><\/em><\/p>\n<p><span data-contrast=\"auto\">Benvenuti su Whitelip.se, la vostra destinazione definitiva per le buste di nicotina di alta qualit\u00e0. Esplorate la nostra vasta gamma di prodotti progettati per soddisfare le vostre esigenze di nicotina, con consegna negli Stati Uniti e in Europa, tutti comodamente disponibili con opzioni di spedizione gratuita al momento del checkout. Migliorate la vostra soddisfazione ad ogni acquisto, perch\u00e9 vi offriamo marchi di prim'ordine e una consegna impeccabile a domicilio. Provate la massima convenienza e la qualit\u00e0 premium solo su Whitelip.se. Acquistate ora e abbandonatevi al piacere delle buste di nicotina bianche di alta qualit\u00e0.<\/span><\/p>","protected":false},"excerpt":{"rendered":"<p>XQS Berrynana Twist Strong \u00e8 un sacchetto di nicotina completamente bianco al gusto di <strong>fragola e banana<\/strong>. Le buste sono disponibili in un <strong>magro<\/strong> con un'intensit\u00e0 di nicotina di <strong>16 mg\/g<\/strong>.<\/p>","protected":false},"featured_media":63912,"comment_status":"open","ping_status":"closed","template":"","format":[206],"meta":{"_acf_changed":false},"product_brand":[],"product_cat":[27],"product_tag":[16583],"flavours":[196],"nicotine":[213,232],"class_list":{"0":"post-9520","1":"product","2":"type-product","3":"status-publish","4":"has-post-thumbnail","6":"product_cat-xqs","7":"product_tag-8-mg-pouch","8":"pa_quantity-1-pack","9":"pa_quantity-10-pack","10":"pa_quantity-3-pack","11":"pa_quantity-30-pack","12":"pa_quantity-5-pack","13":"pa_quantity-60-pack","14":"flavours-fruits-berries","15":"format-slim","16":"nicotine-16-mg-g","17":"nicotine-extra-strong","19":"first","20":"instock","21":"taxable","22":"shipping-taxable","23":"purchasable","24":"product-type-variable"},"acf":[],"_links":{"self":[{"href":"https:\/\/whitelip.com\/it\/wp-json\/wp\/v2\/product\/9520","targetHints":{"allow":["GET"]}}],"collection":[{"href":"https:\/\/whitelip.com\/it\/wp-json\/wp\/v2\/product"}],"about":[{"href":"https:\/\/whitelip.com\/it\/wp-json\/wp\/v2\/types\/product"}],"replies":[{"embeddable":true,"href":"https:\/\/whitelip.com\/it\/wp-json\/wp\/v2\/comments?post=9520"}],"wp:featuredmedia":[{"embeddable":true,"href":"https:\/\/whitelip.com\/it\/wp-json\/wp\/v2\/media\/63912"}],"wp:attachment":[{"href":"https:\/\/whitelip.com\/it\/wp-json\/wp\/v2\/media?parent=9520"}],"wp:term":[{"taxonomy":"product_brand","embeddable":true,"href":"https:\/\/whitelip.com\/it\/wp-json\/wp\/v2\/product_brand?post=9520"},{"taxonomy":"product_cat","embeddable":true,"href":"https:\/\/whitelip.com\/it\/wp-json\/wp\/v2\/product_cat?post=9520"},{"taxonomy":"product_tag","embeddable":true,"href":"https:\/\/whitelip.com\/it\/wp-json\/wp\/v2\/product_tag?post=9520"},{"taxonomy":"flavours","embeddable":true,"href":"https:\/\/whitelip.com\/it\/wp-json\/wp\/v2\/flavours?post=9520"},{"taxonomy":"format","embeddable":true,"href":"https:\/\/whitelip.com\/it\/wp-json\/wp\/v2\/format?post=9520"},{"taxonomy":"nicotine","embeddable":true,"href":"https:\/\/whitelip.com\/it\/wp-json\/wp\/v2\/nicotine?post=9520"}],"curies":[{"name":"wp","href":"https:\/\/api.w.org\/{rel}","templated":true}]}}