{"id":9504,"date":"2024-12-10T11:14:41","date_gmt":"2024-12-10T11:14:41","guid":{"rendered":"https:\/\/whitelip.com\/zxs-north-ice-66-jumbo-can\/"},"modified":"2026-04-28T03:17:49","modified_gmt":"2026-04-28T03:17:49","slug":"zxs-north-ice-66-jumbo-can","status":"publish","type":"product","link":"https:\/\/whitelip.com\/it\/jumbo-can\/zxs-north-ice-66-jumbo-can\/","title":{"rendered":"Z!XS North Ice -66 Lattina Jumbo"},"content":{"rendered":"<h2><b>Z!XS North Ice -66 Lattina Jumbo<\/b><\/h2>\n<p><span style=\"font-weight: 400;\">Z!XS North Ice -66 Jumbo Can fornisce una <\/span><b>intenso sapore di menta ghiacciata<\/b><span style=\"font-weight: 400;\"> combinata con un'azione nicotinica ultra-forte, che la rende una scelta audace per i consumatori pi\u00f9 esperti. La sensazione acuta e rinfrescante del mentolo offre un'esperienza pulita e rinvigorente, mentre l'alto contenuto di nicotina assicura una <\/span><b>rilascio potente e duraturo<\/b><span style=\"font-weight: 400;\">. Ogni busta completamente bianca contiene <\/span><b>12 mg di nicotina<\/b><span style=\"font-weight: 400;\">, offrendo un'opzione extra-forte per coloro che cercano la massima resistenza.<\/span><\/p>\n<p><span style=\"font-weight: 400;\">Confezionato in una comoda confezione <\/span><b>barattolo jumbo<\/b><span style=\"font-weight: 400;\"> con pi\u00f9 porzioni, questo prodotto \u00e8 ideale per i forti consumatori o per chi desidera una disponibilit\u00e0 prolungata. Il formato sottile assicura una vestibilit\u00e0 comoda e discreta sotto le labbra, mentre la composizione senza tabacco offre un'alternativa moderna e senza macchie ai prodotti tradizionali. Z!XS North Ice -66 combina una forza estrema con un effetto rinfrescante per un'esperienza di nicotina senza precedenti.<\/span><\/p>\n<table>\n<tbody>\n<tr>\n<td><b>Attributo<\/b><\/td>\n<td><b>Dettagli<\/b><\/td>\n<\/tr>\n<tr>\n<td><b>Marchio<\/b><\/td>\n<td><span style=\"font-weight: 400;\">Z!XS<\/span><\/td>\n<\/tr>\n<tr>\n<td><b>Tipo di prodotto<\/b><\/td>\n<td><span style=\"font-weight: 400;\">Tutti i sacchetti di nicotina bianchi<\/span><\/td>\n<\/tr>\n<tr>\n<td><b>Formato<\/b><\/td>\n<td><span style=\"font-weight: 400;\">Magro<\/span><\/td>\n<\/tr>\n<tr>\n<td><b>Sapore<\/b><\/td>\n<td><span style=\"font-weight: 400;\">Menta ghiacciata<\/span><\/td>\n<\/tr>\n<tr>\n<td><b>Forza della nicotina<\/b><\/td>\n<td><span style=\"font-weight: 400;\">12 mg per pouch<\/span><\/td>\n<\/tr>\n<tr>\n<td><b>Peso della porzione<\/b><\/td>\n<td><span style=\"font-weight: 400;\">0,7 grammi<\/span><\/td>\n<\/tr>\n<tr>\n<td><b>Numero di porzioni<\/b><\/td>\n<td><span style=\"font-weight: 400;\">320 per lattina (Jumbo Can)<\/span><\/td>\n<\/tr>\n<tr>\n<td><b>Peso totale della lattina<\/b><\/td>\n<td><span style=\"font-weight: 400;\">46,2 grammi<\/span><\/td>\n<\/tr>\n<tr>\n<td><b>Produttore<\/b><\/td>\n<td><span style=\"font-weight: 400;\">Z!XS International<\/span><\/td>\n<\/tr>\n<tr>\n<td><b>Caratteristiche di rilievo<\/b><\/td>\n<td><span style=\"font-weight: 400;\">Senza tabacco, formato slim, sapore di menta ghiacciata extra forte, lattina jumbo con 66 porzioni<\/span><\/td>\n<\/tr>\n<\/tbody>\n<\/table>","protected":false},"excerpt":{"rendered":"<p>Z!XS <strong data-start=\"5\" data-end=\"22\">Ghiaccio Nord -66<\/strong> <strong data-start=\"23\" data-end=\"39\">Ultra forte<\/strong> offre un'intensa sensazione di menta ghiacciata\/mentolo per un effetto pulito e rinvigorente. Il <strong data-start=\"110\" data-end=\"123\">tutto bianco<\/strong> sono discrete e confortevoli. Ogni sacchetto contiene <strong data-start=\"182\" data-end=\"200\">12 mg di nicotina<\/strong>, che garantisce un rilascio potente e duraturo. Il barattolo jumbo contiene circa <strong>320 Sottile<\/strong> che offrono un volume significativamente maggiore rispetto ai formati standard delle lattine.<\/p>","protected":false},"featured_media":9505,"comment_status":"open","ping_status":"closed","template":"","format":[206],"meta":{"_acf_changed":false},"product_brand":[],"product_cat":[92,39],"product_tag":[16561],"flavours":[199],"nicotine":[213,232],"class_list":{"0":"post-9504","1":"product","2":"type-product","3":"status-publish","4":"has-post-thumbnail","6":"product_cat-jumbo-can","7":"product_cat-zxs","8":"product_tag-12-mg-pouch","9":"pa_quantity-1-pack","10":"pa_quantity-10-pack","11":"pa_quantity-2-pack","12":"pa_quantity-3-pack","13":"pa_quantity-30-pack","14":"pa_quantity-5-pack","15":"pa_quantity-60-pack","16":"flavours-mint","17":"format-slim","18":"nicotine-16-mg-g","19":"nicotine-extra-strong","21":"first","22":"instock","23":"taxable","24":"shipping-taxable","25":"purchasable","26":"product-type-variable"},"acf":[],"_links":{"self":[{"href":"https:\/\/whitelip.com\/it\/wp-json\/wp\/v2\/product\/9504","targetHints":{"allow":["GET"]}}],"collection":[{"href":"https:\/\/whitelip.com\/it\/wp-json\/wp\/v2\/product"}],"about":[{"href":"https:\/\/whitelip.com\/it\/wp-json\/wp\/v2\/types\/product"}],"replies":[{"embeddable":true,"href":"https:\/\/whitelip.com\/it\/wp-json\/wp\/v2\/comments?post=9504"}],"wp:featuredmedia":[{"embeddable":true,"href":"https:\/\/whitelip.com\/it\/wp-json\/wp\/v2\/media\/9505"}],"wp:attachment":[{"href":"https:\/\/whitelip.com\/it\/wp-json\/wp\/v2\/media?parent=9504"}],"wp:term":[{"taxonomy":"product_brand","embeddable":true,"href":"https:\/\/whitelip.com\/it\/wp-json\/wp\/v2\/product_brand?post=9504"},{"taxonomy":"product_cat","embeddable":true,"href":"https:\/\/whitelip.com\/it\/wp-json\/wp\/v2\/product_cat?post=9504"},{"taxonomy":"product_tag","embeddable":true,"href":"https:\/\/whitelip.com\/it\/wp-json\/wp\/v2\/product_tag?post=9504"},{"taxonomy":"flavours","embeddable":true,"href":"https:\/\/whitelip.com\/it\/wp-json\/wp\/v2\/flavours?post=9504"},{"taxonomy":"format","embeddable":true,"href":"https:\/\/whitelip.com\/it\/wp-json\/wp\/v2\/format?post=9504"},{"taxonomy":"nicotine","embeddable":true,"href":"https:\/\/whitelip.com\/it\/wp-json\/wp\/v2\/nicotine?post=9504"}],"curies":[{"name":"wp","href":"https:\/\/api.w.org\/{rel}","templated":true}]}}