{"id":93139,"date":"2026-04-02T12:43:45","date_gmt":"2026-04-02T12:43:45","guid":{"rendered":"https:\/\/whitelip.com\/?post_type=product&#038;p=93139"},"modified":"2026-04-13T17:44:35","modified_gmt":"2026-04-13T17:44:35","slug":"zyn-watermelon-mint-6mg","status":"publish","type":"product","link":"https:\/\/whitelip.com\/it\/zyn\/zyn-watermelon-mint-6mg\/","title":{"rendered":"ZYN Watermelon Mint 6mg"},"content":{"rendered":"<h2>ZYN Watermelon Mint 6mg<\/h2>\n<p data-start=\"30\" data-end=\"246\">ZYN Watermelon Mint Slim contiene 6 mg di nicotina per sacchetto e presenta un profilo di sapore che combina anguria e menta. Il prodotto \u00e8 prodotto da Swedish Match e viene presentato in formato sacchetto Slim.<\/p>\n<p data-start=\"248\" data-end=\"502\">Il profilo di sapore unisce la dolce anguria con un carattere di menta rinfrescante, creando una combinazione equilibrata di frutta e freschezza. Il formato Slim \u00e8 costituito da sacchetti pi\u00f9 stretti progettati per adattarsi uniformemente sotto il labbro e fornire una vestibilit\u00e0 discreta durante l'uso.<\/p>\n<p data-start=\"504\" data-end=\"678\">La concentrazione di nicotina \u00e8 10 mg per grammo, corrispondente a 6 mg di nicotina per sacchetto. Ogni lattina contiene 20 sacchetti. Il livello di nicotina \u00e8 classificato come intensit\u00e0 normale.<\/p>\n<p data-start=\"680\" data-end=\"877\">ZYN \u00e8 stato introdotto nel 2014 ed \u00e8 sviluppato da Swedish Match. Il marchio offre sacchetti di nicotina in una gamma di sapori, intensit\u00e0 e formati. ZYN Watermelon Mint \u00e8 stato lanciato per la prima volta nell'autunno 2025.<\/p>\n<table>\n<tbody>\n<tr>\n<td><b>Attributo<\/b><\/td>\n<td><b>Dettagli<\/b><\/td>\n<\/tr>\n<tr>\n<td><span style=\"font-weight: 400;\">Marchio<\/span><\/td>\n<td><span style=\"font-weight: 400;\">ZYN<\/span><\/td>\n<\/tr>\n<tr>\n<td><span style=\"font-weight: 400;\">Tipo di prodotto<\/span><\/td>\n<td><span style=\"font-weight: 400;\">Tutti i sacchetti di nicotina bianchi<\/span><\/td>\n<\/tr>\n<tr>\n<td><span style=\"font-weight: 400;\">Formato<\/span><\/td>\n<td><span style=\"font-weight: 400;\">Magro<\/span><\/td>\n<\/tr>\n<tr>\n<td><span style=\"font-weight: 400;\">Sapore<\/span><\/td>\n<td><span style=\"font-weight: 400;\">Anguria e menta<\/span><\/td>\n<\/tr>\n<tr>\n<td><span style=\"font-weight: 400;\">Forza della nicotina<\/span><\/td>\n<td><span style=\"font-weight: 400;\">6 mg per busta<\/span><\/td>\n<\/tr>\n<tr>\n<td><span style=\"font-weight: 400;\">Peso della porzione<\/span><\/td>\n<td><span style=\"font-weight: 400;\">0,6 grammi<\/span><\/td>\n<\/tr>\n<tr>\n<td><span style=\"font-weight: 400;\">Numero di porzioni<\/span><\/td>\n<td><span style=\"font-weight: 400;\">20 per barattolo<\/span><\/td>\n<\/tr>\n<tr>\n<td><span style=\"font-weight: 400;\">Peso totale della lattina<\/span><\/td>\n<td><span style=\"font-weight: 400;\">12 grammi<\/span><\/td>\n<\/tr>\n<tr>\n<td><span style=\"font-weight: 400;\">Produttore<\/span><\/td>\n<td><span style=\"font-weight: 400;\">Swedish Match<\/span><\/td>\n<\/tr>\n<tr>\n<td><span style=\"font-weight: 400;\">Caratteristiche di rilievo<\/span><\/td>\n<td><span style=\"font-weight: 400;\">Senza tabacco, formato slim<\/span><\/td>\n<\/tr>\n<\/tbody>\n<\/table>","protected":false},"excerpt":{"rendered":"<p>ZYN Watermelon Mint Slim contiene <strong data-start=\"950\" data-end=\"967\">6 mg di nicotina<\/strong> per sacchetto con un profilo di sapore che combina anguria e menta. Ogni lattina contiene 20 <strong data-start=\"1052\" data-end=\"1060\">Magro<\/strong> sacchetti ed \u00e8 prodotta da Swedish Match. La concentrazione di nicotina \u00e8 10 mg per grammo, corrispondente a un'intensit\u00e0 di nicotina normale.<\/p>","protected":false},"featured_media":93146,"comment_status":"open","ping_status":"closed","template":"","format":[206],"meta":{"_acf_changed":false},"product_brand":[],"product_cat":[37],"product_tag":[16559],"flavours":[199],"nicotine":[236,207],"class_list":{"0":"post-93139","1":"product","2":"type-product","3":"status-publish","4":"has-post-thumbnail","6":"product_cat-zyn","7":"product_tag-6-mg-pouch","8":"pa_quantity-1-pack","9":"pa_quantity-10-pack","10":"pa_quantity-3-pack","11":"pa_quantity-30-pack","12":"pa_quantity-5-pack","13":"pa_quantity-60-pack","14":"flavours-mint","15":"format-slim","16":"nicotine-strong","17":"nicotine-10-mg-g","19":"first","20":"outofstock","21":"taxable","22":"shipping-taxable","23":"purchasable","24":"product-type-variable"},"acf":[],"_links":{"self":[{"href":"https:\/\/whitelip.com\/it\/wp-json\/wp\/v2\/product\/93139","targetHints":{"allow":["GET"]}}],"collection":[{"href":"https:\/\/whitelip.com\/it\/wp-json\/wp\/v2\/product"}],"about":[{"href":"https:\/\/whitelip.com\/it\/wp-json\/wp\/v2\/types\/product"}],"replies":[{"embeddable":true,"href":"https:\/\/whitelip.com\/it\/wp-json\/wp\/v2\/comments?post=93139"}],"wp:featuredmedia":[{"embeddable":true,"href":"https:\/\/whitelip.com\/it\/wp-json\/wp\/v2\/media\/93146"}],"wp:attachment":[{"href":"https:\/\/whitelip.com\/it\/wp-json\/wp\/v2\/media?parent=93139"}],"wp:term":[{"taxonomy":"product_brand","embeddable":true,"href":"https:\/\/whitelip.com\/it\/wp-json\/wp\/v2\/product_brand?post=93139"},{"taxonomy":"product_cat","embeddable":true,"href":"https:\/\/whitelip.com\/it\/wp-json\/wp\/v2\/product_cat?post=93139"},{"taxonomy":"product_tag","embeddable":true,"href":"https:\/\/whitelip.com\/it\/wp-json\/wp\/v2\/product_tag?post=93139"},{"taxonomy":"flavours","embeddable":true,"href":"https:\/\/whitelip.com\/it\/wp-json\/wp\/v2\/flavours?post=93139"},{"taxonomy":"format","embeddable":true,"href":"https:\/\/whitelip.com\/it\/wp-json\/wp\/v2\/format?post=93139"},{"taxonomy":"nicotine","embeddable":true,"href":"https:\/\/whitelip.com\/it\/wp-json\/wp\/v2\/nicotine?post=93139"}],"curies":[{"name":"wp","href":"https:\/\/api.w.org\/{rel}","templated":true}]}}