{"id":92108,"date":"2026-03-24T13:44:42","date_gmt":"2026-03-24T13:44:42","guid":{"rendered":"https:\/\/whitelip.com\/?post_type=product&#038;p=92108"},"modified":"2026-04-10T07:23:34","modified_gmt":"2026-04-10T07:23:34","slug":"outdare-rad-mint-12mg","status":"publish","type":"product","link":"https:\/\/whitelip.com\/it\/uncategorized\/outdare-rad-mint-12mg\/","title":{"rendered":"OUTDARE Rad Mint 12 mg"},"content":{"rendered":"<h2>OUTDARE Rad Mint 12 mg<\/h2>\n<p data-start=\"30\" data-end=\"234\">OUTDARE Rad Mint Slim contiene 12 mg di nicotina per busta e presenta un profilo aromatico alla menta. Il prodotto \u00e8 presentato in un formato Slim, progettato per essere posizionato in modo discreto sotto le labbra. Il profilo aromatico \u00e8 incentrato sulla menta, con un carattere chiaro e rinfrescante. Il formato Slim \u00e8 costituito da buste pi\u00f9 strette, progettate per essere posizionate in modo uniforme sotto il labbro, mantenendo un aspetto di basso profilo durante l'uso. La struttura della busta favorisce un rilascio controllato di aroma e nicotina nel tempo. Ogni busta fornisce 12 mg di nicotina, collocando il prodotto nella categoria a media gradazione di nicotina. Le buste sono prodotte con una composizione completamente bianca e sono confezionate in un barattolo compatto contenente pi\u00f9 buste. La combinazione di sapore di menta, formato Slim e livello di nicotina moderato colloca questo prodotto nel segmento delle buste a nicotina bilanciata della gamma OUTDARE.<\/p>\n<table>\n<tbody>\n<tr>\n<td><b>Attributo<\/b><\/td>\n<td><b>Dettagli<\/b><\/td>\n<\/tr>\n<tr>\n<td><b>Contenuto per barattolo<\/b><\/td>\n<td><span style=\"font-weight: 400;\">12g (20 sacchetti)<\/span><\/td>\n<\/tr>\n<tr>\n<td><b>Contenuto di nicotina<\/b><\/td>\n<td><span style=\"font-weight: 400;\">20 mg\/g (12 mg per sacchetto)<\/span><\/td>\n<\/tr>\n<tr>\n<td><b>Formato della busta<\/b><\/td>\n<td><span style=\"font-weight: 400;\">Magro<\/span><\/td>\n<\/tr>\n<tr>\n<td><b>Produttore<\/b><\/td>\n<td><span style=\"font-weight: 400;\">OutDare LLC<\/span><\/td>\n<\/tr>\n<tr>\n<td><b>Sapore<\/b><\/td>\n<td><span style=\"font-weight: 400;\">Menta<\/span><\/td>\n<\/tr>\n<tr>\n<td><b>Tipo<\/b><\/td>\n<td><span style=\"font-weight: 400;\">Astuccio tutto bianco<\/span><\/td>\n<\/tr>\n<\/tbody>\n<\/table>","protected":false},"excerpt":{"rendered":"<p>OUTDARE Rad Mint Slim contiene <strong data-start=\"986\" data-end=\"1004\">12 mg di nicotina<\/strong> per busta con un profilo aromatico alla menta. Il <strong data-start=\"1047\" data-end=\"1055\">Magro<\/strong> Il formato della busta \u00e8 progettato per essere inserito in modo discreto sotto le labbra e fornisce un rilascio controllato di aroma e nicotina. Il prodotto \u00e8 classificato come a media gradazione di nicotina.<\/p>","protected":false},"featured_media":92115,"comment_status":"open","ping_status":"closed","template":"","format":[206],"meta":{"_acf_changed":false},"product_brand":[],"product_cat":[15],"product_tag":[16561,17015],"flavours":[199],"nicotine":[218,232],"class_list":{"0":"post-92108","1":"product","2":"type-product","3":"status-publish","4":"has-post-thumbnail","6":"product_cat-uncategorized","7":"product_tag-12-mg-pouch","8":"product_tag-50-off","9":"pa_quantity-1-pack","10":"pa_quantity-10-pack","11":"pa_quantity-3-pack","12":"pa_quantity-30-pack","13":"pa_quantity-5-pack","14":"pa_quantity-60-pack","15":"flavours-mint","16":"format-slim","17":"nicotine-20-mg-g","18":"nicotine-extra-strong","20":"first","21":"outofstock","22":"sale","23":"taxable","24":"shipping-taxable","25":"purchasable","26":"product-type-variable"},"acf":[],"_links":{"self":[{"href":"https:\/\/whitelip.com\/it\/wp-json\/wp\/v2\/product\/92108","targetHints":{"allow":["GET"]}}],"collection":[{"href":"https:\/\/whitelip.com\/it\/wp-json\/wp\/v2\/product"}],"about":[{"href":"https:\/\/whitelip.com\/it\/wp-json\/wp\/v2\/types\/product"}],"replies":[{"embeddable":true,"href":"https:\/\/whitelip.com\/it\/wp-json\/wp\/v2\/comments?post=92108"}],"wp:featuredmedia":[{"embeddable":true,"href":"https:\/\/whitelip.com\/it\/wp-json\/wp\/v2\/media\/92115"}],"wp:attachment":[{"href":"https:\/\/whitelip.com\/it\/wp-json\/wp\/v2\/media?parent=92108"}],"wp:term":[{"taxonomy":"product_brand","embeddable":true,"href":"https:\/\/whitelip.com\/it\/wp-json\/wp\/v2\/product_brand?post=92108"},{"taxonomy":"product_cat","embeddable":true,"href":"https:\/\/whitelip.com\/it\/wp-json\/wp\/v2\/product_cat?post=92108"},{"taxonomy":"product_tag","embeddable":true,"href":"https:\/\/whitelip.com\/it\/wp-json\/wp\/v2\/product_tag?post=92108"},{"taxonomy":"flavours","embeddable":true,"href":"https:\/\/whitelip.com\/it\/wp-json\/wp\/v2\/flavours?post=92108"},{"taxonomy":"format","embeddable":true,"href":"https:\/\/whitelip.com\/it\/wp-json\/wp\/v2\/format?post=92108"},{"taxonomy":"nicotine","embeddable":true,"href":"https:\/\/whitelip.com\/it\/wp-json\/wp\/v2\/nicotine?post=92108"}],"curies":[{"name":"wp","href":"https:\/\/api.w.org\/{rel}","templated":true}]}}