{"id":92089,"date":"2026-03-24T12:52:44","date_gmt":"2026-03-24T12:52:44","guid":{"rendered":"https:\/\/whitelip.com\/?post_type=product&#038;p=92089"},"modified":"2026-04-13T17:48:09","modified_gmt":"2026-04-13T17:48:09","slug":"apres-julmust","status":"publish","type":"product","link":"https:\/\/whitelip.com\/it\/apres\/apres-julmust\/","title":{"rendered":"APR\u00c8S Julmust"},"content":{"rendered":"<h2>APR\u00c8S Julmust<\/h2>\n<p data-start=\"30\" data-end=\"256\">APR\u00c8S Julmust Slim contiene 4,4 mg di nicotina per sacchetto e presenta un profilo aromatico ispirato al tradizionale julmust svedese. Il prodotto \u00e8 prodotto da APR\u00c8S Nicotine AB e si presenta in un formato slim. Il profilo aromatico \u00e8 basato su julmust, combinando note dolci e speziate caratteristiche della bevanda svedese classica. Il formato Slim consiste in sacchetti pi\u00f9 stretti progettati per sedersi uniformemente sotto il labbro, garantendo una vestibilit\u00e0 discreta e confortevole. I sacchetti sono completamente bianchi e sviluppati per fornire un rilascio costante di sapore e nicotina durante l'uso. La concentrazione di nicotina \u00e8 di 8 mg per grammo, corrispondente a 4,4 mg di nicotina per sacchetto. Ogni lattina contiene 20 sacchetti con un peso totale del contenuto di 11 grammi. Il livello di nicotina \u00e8 classificato come basso. APR\u00c8S \u00e8 un marchio focalizzato sulla produzione di sacchetti di nicotina con profili aromatici equilibrati e qualit\u00e0 del prodotto coerente. La gamma include una variet\u00e0 di categorie di sapori, dalla menta ai frutti e profili pi\u00f9 distintivi come julmust, disponibili in diverse concentrazioni e formati.<\/p>\n<table>\n<tbody>\n<tr>\n<td><b>Attributo<\/b><\/td>\n<td><b>Dettagli<\/b><\/td>\n<\/tr>\n<tr>\n<td><b>Contenuto per barattolo<\/b><\/td>\n<td><span style=\"font-weight: 400;\">11g (20 minibuste)<\/span><\/td>\n<\/tr>\n<tr>\n<td><b>Contenuto di nicotina<\/b><\/td>\n<td><span style=\"font-weight: 400;\">8 mg\/g (4,4 mg per sacchetto)<\/span><\/td>\n<\/tr>\n<tr>\n<td><b>Formato della busta<\/b><\/td>\n<td><span style=\"font-weight: 400;\">Magro<\/span><\/td>\n<\/tr>\n<tr>\n<td><b>Produttore<\/b><\/td>\n<td><span style=\"font-weight: 400;\">APR\u00c8S Nicotine AB<\/span><\/td>\n<\/tr>\n<tr>\n<td><b>Sapore<\/b><\/td>\n<td><span style=\"font-weight: 400;\">Julmust svedese<\/span><\/td>\n<\/tr>\n<tr>\n<td><b>Tipo<\/b><\/td>\n<td><span style=\"font-weight: 400;\">Astuccio tutto bianco<\/span><\/td>\n<\/tr>\n<\/tbody>\n<\/table>","protected":false},"excerpt":{"rendered":"<p>APR\u00c8S <strong data-start=\"1143\" data-end=\"1159\">Julmust Slim<\/strong> contiene <strong data-start=\"1169\" data-end=\"1188\">4,4 mg di nicotina<\/strong> per sacchetto con un profilo aromatico ispirato a julmust svedese. Ogni lattina contiene 20 <strong data-start=\"1271\" data-end=\"1279\">Magro<\/strong> sacchetti con un peso totale di 11 grammi. La concentrazione di nicotina \u00e8 di 8 mg per grammo, corrispondente a una bassa concentrazione di nicotina.<\/p>","protected":false},"featured_media":92096,"comment_status":"open","ping_status":"closed","template":"","format":[206],"meta":{"_acf_changed":false},"product_brand":[],"product_cat":[41],"product_tag":[17014,16549],"flavours":[],"nicotine":[230,235],"class_list":{"0":"post-92089","1":"product","2":"type-product","3":"status-publish","4":"has-post-thumbnail","6":"product_cat-apres","7":"product_tag-35-off","8":"product_tag-4-4-mg-pouch","9":"pa_quantity-1-pack","10":"pa_quantity-10-pack","11":"pa_quantity-3-pack","12":"pa_quantity-30-pack","13":"pa_quantity-5-pack","14":"pa_quantity-60-pack","15":"format-slim","16":"nicotine-8-mg-g","17":"nicotine-normal","19":"first","20":"instock","21":"sale","22":"taxable","23":"shipping-taxable","24":"purchasable","25":"product-type-variable"},"acf":[],"_links":{"self":[{"href":"https:\/\/whitelip.com\/it\/wp-json\/wp\/v2\/product\/92089","targetHints":{"allow":["GET"]}}],"collection":[{"href":"https:\/\/whitelip.com\/it\/wp-json\/wp\/v2\/product"}],"about":[{"href":"https:\/\/whitelip.com\/it\/wp-json\/wp\/v2\/types\/product"}],"replies":[{"embeddable":true,"href":"https:\/\/whitelip.com\/it\/wp-json\/wp\/v2\/comments?post=92089"}],"wp:featuredmedia":[{"embeddable":true,"href":"https:\/\/whitelip.com\/it\/wp-json\/wp\/v2\/media\/92096"}],"wp:attachment":[{"href":"https:\/\/whitelip.com\/it\/wp-json\/wp\/v2\/media?parent=92089"}],"wp:term":[{"taxonomy":"product_brand","embeddable":true,"href":"https:\/\/whitelip.com\/it\/wp-json\/wp\/v2\/product_brand?post=92089"},{"taxonomy":"product_cat","embeddable":true,"href":"https:\/\/whitelip.com\/it\/wp-json\/wp\/v2\/product_cat?post=92089"},{"taxonomy":"product_tag","embeddable":true,"href":"https:\/\/whitelip.com\/it\/wp-json\/wp\/v2\/product_tag?post=92089"},{"taxonomy":"flavours","embeddable":true,"href":"https:\/\/whitelip.com\/it\/wp-json\/wp\/v2\/flavours?post=92089"},{"taxonomy":"format","embeddable":true,"href":"https:\/\/whitelip.com\/it\/wp-json\/wp\/v2\/format?post=92089"},{"taxonomy":"nicotine","embeddable":true,"href":"https:\/\/whitelip.com\/it\/wp-json\/wp\/v2\/nicotine?post=92089"}],"curies":[{"name":"wp","href":"https:\/\/api.w.org\/{rel}","templated":true}]}}