{"id":86596,"date":"2026-03-02T11:41:11","date_gmt":"2026-03-02T11:41:11","guid":{"rendered":"https:\/\/whitelip.com\/?post_type=product&#038;p=86596"},"modified":"2026-04-28T10:11:43","modified_gmt":"2026-04-28T10:11:43","slug":"zixs-licorice-slim-megacan","status":"publish","type":"product","link":"https:\/\/whitelip.com\/it\/jumbo-can\/zixs-licorice-slim-megacan\/","title":{"rendered":"ZIXS Liquirizia Slim Jumbo Can"},"content":{"rendered":"<p data-start=\"30\" data-end=\"224\">ZIXS Licorice Slim Jumbo contiene 10 mg di nicotina per sacchetto e presenta un profilo aromatico alla liquirizia. Il prodotto \u00e8 presentato in un formato slim pouch e viene consegnato in una configurazione jumbo can.<\/p>\n<p data-start=\"226\" data-end=\"491\">Il profilo gustativo \u00e8 basato sulla liquirizia, con un carattere distinto e duraturo. Il formato Slim consiste in buste pi\u00f9 strette, progettate per essere posizionate uniformemente sotto le labbra. Il rilascio del sapore \u00e8 stato sviluppato per rimanere costante fino a circa 30 minuti durante l'uso.<\/p>\n<p data-start=\"493\" data-end=\"750\">Ogni busta contiene 10 mg di nicotina. Il barattolo jumbo contiene circa 320 buste, corrispondenti all'equivalente di circa 16 barattoli standard in volume. La confezione di grande formato ha lo scopo di fornire una fornitura pi\u00f9 estesa rispetto alle lattine di dimensioni standard.<\/p>\n<p data-start=\"752\" data-end=\"913\">La combinazione di sapore di liquirizia, formato Slim e presentazione in barattolo jumbo definisce questo prodotto nel segmento dei prodotti in sacchetto con nicotina ad alta capacit\u00e0.<\/p>\n<table>\n<tbody>\n<tr>\n<td><b>Attributo<\/b><\/td>\n<td><b>Dettagli<\/b><\/td>\n<\/tr>\n<tr>\n<td><b>Contenuto per barattolo<\/b><\/td>\n<td><span style=\"font-weight: 400;\">320 bustine<\/span><\/td>\n<\/tr>\n<tr>\n<td><b>Contenuto di nicotina<\/b><\/td>\n<td><span style=\"font-weight: 400;\">10 mg per sacchetto<\/span><\/td>\n<\/tr>\n<tr>\n<td><b>Formato della busta<\/b><\/td>\n<td><span style=\"font-weight: 400;\">Magro<\/span><\/td>\n<\/tr>\n<tr>\n<td><b>Produttore<\/b><\/td>\n<td><span style=\"font-weight: 400;\">Impero N.G.P.<\/span><\/td>\n<\/tr>\n<tr>\n<td><b>Sapore<\/b><\/td>\n<td>Liquirizia<\/td>\n<\/tr>\n<tr>\n<td><b>Tipo<\/b><\/td>\n<td><span style=\"font-weight: 400;\">Astuccio completamente bianco, senza tabacco<\/span><\/td>\n<\/tr>\n<\/tbody>\n<\/table>","protected":false},"excerpt":{"rendered":"<div class=\"flex flex-col text-sm pb-25\">\n<article class=\"text-token-text-primary w-full focus:outline-none [--shadow-height:45px] has-data-writing-block:pointer-events-none has-data-writing-block:-mt-(--shadow-height) has-data-writing-block:pt-(--shadow-height) [&amp;:has([data-writing-block])&gt;*]:pointer-events-auto scroll-mt-[calc(var(--header-height)+min(200px,max(70px,20svh)))]\" dir=\"auto\" tabindex=\"-1\" data-turn-id=\"request-WEB:7c378e38-7b05-4ab5-a6c8-dc6ba46f83f8-6\" data-testid=\"conversation-turn-14\" data-scroll-anchor=\"true\" data-turn=\"assistant\">\n<div class=\"text-base my-auto mx-auto pb-10 [--thread-content-margin:--spacing(4)] @w-sm\/main:[--thread-content-margin:--spacing(6)] @w-lg\/main:[--thread-content-margin:--spacing(16)] px-(--thread-content-margin)\">\n<div class=\"[--thread-content-max-width:40rem] @w-lg\/main:[--thread-content-max-width:48rem] mx-auto max-w-(--thread-content-max-width) flex-1 group\/turn-messages focus-visible:outline-hidden relative flex w-full min-w-0 flex-col agent-turn\" tabindex=\"-1\">\n<div class=\"flex max-w-full flex-col grow\">\n<div class=\"min-h-8 text-message relative flex w-full flex-col items-end gap-2 text-start break-words whitespace-normal [.text-message+&amp;]:mt-1\" dir=\"auto\" data-message-author-role=\"assistant\" data-message-id=\"f6a1e70d-7186-4654-8618-e568e5622b30\" data-message-model-slug=\"gpt-5-2\">\n<div class=\"flex w-full flex-col gap-1 empty:hidden first:pt-[1px]\">\n<div class=\"markdown prose dark:prose-invert w-full wrap-break-word dark markdown-new-styling\">\n<p data-start=\"948\" data-end=\"1165\" data-is-last-node=\"\" data-is-only-node=\"\">ZIXS Licorice Slim Jumbo Can contains <strong data-start=\"979\" data-end=\"997\">10 mg nicotine<\/strong> per pouch with a licorice flavor profile. The jumbo can includes approximately <strong>320 Slim<\/strong> pouches, providing a significantly larger volume than standard can formats.<\/p>\n<\/div>\n<\/div>\n<\/div>\n<\/div>\n<\/div>\n<\/div>\n<\/article>\n<\/div>\n","protected":false},"featured_media":86645,"comment_status":"open","ping_status":"closed","template":"","format":[206],"meta":{"_acf_changed":false},"product_brand":[],"product_cat":[92,39],"product_tag":[16587,16445],"flavours":[198],"nicotine":[218,232],"class_list":{"0":"post-86596","1":"product","2":"type-product","3":"status-publish","4":"has-post-thumbnail","6":"product_cat-jumbo-can","7":"product_cat-zxs","8":"product_tag-10-mg-pouch","9":"product_tag-20-off","10":"pa_quantity-1-pack","11":"pa_quantity-2-pack","12":"pa_quantity-3-pack","13":"flavours-licorice","14":"format-slim","15":"nicotine-20-mg-g","16":"nicotine-extra-strong","18":"first","19":"instock","20":"sale","21":"taxable","22":"shipping-taxable","23":"purchasable","24":"product-type-variable"},"acf":[],"_links":{"self":[{"href":"https:\/\/whitelip.com\/it\/wp-json\/wp\/v2\/product\/86596","targetHints":{"allow":["GET"]}}],"collection":[{"href":"https:\/\/whitelip.com\/it\/wp-json\/wp\/v2\/product"}],"about":[{"href":"https:\/\/whitelip.com\/it\/wp-json\/wp\/v2\/types\/product"}],"replies":[{"embeddable":true,"href":"https:\/\/whitelip.com\/it\/wp-json\/wp\/v2\/comments?post=86596"}],"wp:featuredmedia":[{"embeddable":true,"href":"https:\/\/whitelip.com\/it\/wp-json\/wp\/v2\/media\/86645"}],"wp:attachment":[{"href":"https:\/\/whitelip.com\/it\/wp-json\/wp\/v2\/media?parent=86596"}],"wp:term":[{"taxonomy":"product_brand","embeddable":true,"href":"https:\/\/whitelip.com\/it\/wp-json\/wp\/v2\/product_brand?post=86596"},{"taxonomy":"product_cat","embeddable":true,"href":"https:\/\/whitelip.com\/it\/wp-json\/wp\/v2\/product_cat?post=86596"},{"taxonomy":"product_tag","embeddable":true,"href":"https:\/\/whitelip.com\/it\/wp-json\/wp\/v2\/product_tag?post=86596"},{"taxonomy":"flavours","embeddable":true,"href":"https:\/\/whitelip.com\/it\/wp-json\/wp\/v2\/flavours?post=86596"},{"taxonomy":"format","embeddable":true,"href":"https:\/\/whitelip.com\/it\/wp-json\/wp\/v2\/format?post=86596"},{"taxonomy":"nicotine","embeddable":true,"href":"https:\/\/whitelip.com\/it\/wp-json\/wp\/v2\/nicotine?post=86596"}],"curies":[{"name":"wp","href":"https:\/\/api.w.org\/{rel}","templated":true}]}}