{"id":86377,"date":"2026-03-02T10:07:31","date_gmt":"2026-03-02T10:07:31","guid":{"rendered":"https:\/\/whitelip.com\/?post_type=product&#038;p=86377"},"modified":"2026-04-09T10:04:20","modified_gmt":"2026-04-09T10:04:20","slug":"nois-wintergreen-slim","status":"publish","type":"product","link":"https:\/\/whitelip.com\/it\/nois\/nois-wintergreen-slim\/","title":{"rendered":"NOIS Wintergreen 4mg"},"content":{"rendered":"<h2>NOIS Wintergreen 4mg<\/h2>\n<p data-start=\"30\" data-end=\"269\">NOIS Wintergreen 4mg contiene 4 mg di nicotina per bustina e presenta un profilo aromatico che combina note dolci di wintergreen e menta rinfrescante. Il prodotto \u00e8 fabbricato da NOIS.WORLD in Estonia e si presenta in un formato slim pouch.<\/p>\n<p data-start=\"271\" data-end=\"580\">Il sapore combina il carattere fruttato del wintergreen con una sensazione di menta fresca, creando un profilo rinfrescante equilibrato. Il formato Slim \u00e8 costituito da buste pi\u00f9 strette, progettate per un'applicazione uniforme e confortevole sotto le labbra. Ogni busta pesa 0,5 grammi ed \u00e8 stata sviluppata per garantire un'erogazione costante di aroma e nicotina.<\/p>\n<p data-start=\"582\" data-end=\"879\">Ogni barattolo contiene 30 buste per un peso totale di 15 grammi. Ogni busta fornisce 4 mg di nicotina, collocando il prodotto in una categoria di forza leggera. La combinazione di note fruttate di wintergreen e menta fornisce un carattere rinfrescante ben definito, pur mantenendo un livello di nicotina leggero.<\/p>\n<table>\n<tbody>\n<tr>\n<td><b>Attributo<\/b><\/td>\n<td><b>Dettagli<\/b><\/td>\n<\/tr>\n<tr>\n<td><b>Marchio<\/b><\/td>\n<td><span style=\"font-weight: 400;\">NOIS<\/span><\/td>\n<\/tr>\n<tr>\n<td><b>Tipo di prodotto<\/b><\/td>\n<td><span style=\"font-weight: 400;\">Tutti i sacchetti di nicotina bianchi<\/span><\/td>\n<\/tr>\n<tr>\n<td><b>Formato<\/b><\/td>\n<td><span style=\"font-weight: 400;\">Magro<\/span><\/td>\n<\/tr>\n<tr>\n<td><b>Sapore<\/b><\/td>\n<td><span style=\"font-weight: 400;\">Gaultheria procumbens<\/span><\/td>\n<\/tr>\n<tr>\n<td><b>Forza della nicotina<\/b><\/td>\n<td><span style=\"font-weight: 400;\">4 mg per sacchetto\u00a0<\/span><\/td>\n<\/tr>\n<tr>\n<td><b>Peso della porzione<\/b><\/td>\n<td><span style=\"font-weight: 400;\">0,5 grammi<\/span><\/td>\n<\/tr>\n<tr>\n<td><b>Numero di porzioni<\/b><\/td>\n<td><span style=\"font-weight: 400;\">30 per lattina<\/span><\/td>\n<\/tr>\n<tr>\n<td><b>Peso totale della lattina<\/b><\/td>\n<td><span style=\"font-weight: 400;\">15 grammi<\/span><\/td>\n<\/tr>\n<tr>\n<td><b>Produttore<\/b><\/td>\n<td><span style=\"font-weight: 400;\">HRJ Production O\u00dc<\/span><\/td>\n<\/tr>\n<tr>\n<td><b>Caratteristiche di rilievo<\/b><\/td>\n<td><span style=\"font-weight: 400;\">Senza tabacco, formato slim<\/span><\/td>\n<\/tr>\n<\/tbody>\n<\/table>","protected":false},"excerpt":{"rendered":"<p data-start=\"991\" data-end=\"1124\">NOIS Wintergreen 4mg contiene <strong data-start=\"949\" data-end=\"966\">4 mg di nicotina<\/strong> per busta con una combinazione di sapori <strong>verde inverno<\/strong> frutta e menta. Ogni barattolo contiene 30 <strong data-start=\"1050\" data-end=\"1058\">Magro<\/strong> sacchetti del peso di 0,5 grammi ciascuno. Il prodotto \u00e8 classificato come light strength ed \u00e8 prodotto in Estonia da NOIS.WORLD.<\/p>","protected":false},"featured_media":86433,"comment_status":"open","ping_status":"closed","template":"","format":[206],"meta":{"_acf_changed":false},"product_brand":[],"product_cat":[127],"product_tag":[16585],"flavours":[203],"nicotine":[230,236],"class_list":{"0":"post-86377","1":"product","2":"type-product","3":"status-publish","4":"has-post-thumbnail","6":"product_cat-nois","7":"product_tag-4-mg-pouch","8":"pa_quantity-1-pack","9":"pa_quantity-10-pack","10":"pa_quantity-3-pack","11":"pa_quantity-30-pack","12":"pa_quantity-5-pack","13":"pa_quantity-60-pack","14":"flavours-wintergreen","15":"format-slim","16":"nicotine-8-mg-g","17":"nicotine-strong","19":"first","20":"outofstock","21":"taxable","22":"shipping-taxable","23":"purchasable","24":"product-type-variable","25":"has-default-attributes"},"acf":[],"_links":{"self":[{"href":"https:\/\/whitelip.com\/it\/wp-json\/wp\/v2\/product\/86377","targetHints":{"allow":["GET"]}}],"collection":[{"href":"https:\/\/whitelip.com\/it\/wp-json\/wp\/v2\/product"}],"about":[{"href":"https:\/\/whitelip.com\/it\/wp-json\/wp\/v2\/types\/product"}],"replies":[{"embeddable":true,"href":"https:\/\/whitelip.com\/it\/wp-json\/wp\/v2\/comments?post=86377"}],"wp:featuredmedia":[{"embeddable":true,"href":"https:\/\/whitelip.com\/it\/wp-json\/wp\/v2\/media\/86433"}],"wp:attachment":[{"href":"https:\/\/whitelip.com\/it\/wp-json\/wp\/v2\/media?parent=86377"}],"wp:term":[{"taxonomy":"product_brand","embeddable":true,"href":"https:\/\/whitelip.com\/it\/wp-json\/wp\/v2\/product_brand?post=86377"},{"taxonomy":"product_cat","embeddable":true,"href":"https:\/\/whitelip.com\/it\/wp-json\/wp\/v2\/product_cat?post=86377"},{"taxonomy":"product_tag","embeddable":true,"href":"https:\/\/whitelip.com\/it\/wp-json\/wp\/v2\/product_tag?post=86377"},{"taxonomy":"flavours","embeddable":true,"href":"https:\/\/whitelip.com\/it\/wp-json\/wp\/v2\/flavours?post=86377"},{"taxonomy":"format","embeddable":true,"href":"https:\/\/whitelip.com\/it\/wp-json\/wp\/v2\/format?post=86377"},{"taxonomy":"nicotine","embeddable":true,"href":"https:\/\/whitelip.com\/it\/wp-json\/wp\/v2\/nicotine?post=86377"}],"curies":[{"name":"wp","href":"https:\/\/api.w.org\/{rel}","templated":true}]}}