{"id":8580,"date":"2024-11-28T12:48:32","date_gmt":"2024-11-28T12:48:32","guid":{"rendered":"https:\/\/whitelip.com\/zyn-gentle-mint-6mg\/"},"modified":"2026-04-15T22:13:27","modified_gmt":"2026-04-15T22:13:27","slug":"zyn-gentle-mint-6mg","status":"publish","type":"product","link":"https:\/\/whitelip.com\/it\/zyn\/zyn-gentle-mint-6mg\/","title":{"rendered":"ZYN Menta gentile 6 mg"},"content":{"rendered":"<h2><b>ZYN Menta gentile 6 mg<\/b><\/h2>\n<p><span style=\"font-weight: 400;\">ZYN Gentle Mint 6mg offre un <\/span><b>gusto morbido e rinfrescante di menta<\/b><span style=\"font-weight: 400;\"> con una leggera sensazione di raffreddamento, offrendo un'esperienza di nicotina pulita ed equilibrata. Questa busta, leggera ma rinvigorente, offre un profilo di menta delicato, perfetto per gli utenti che amano un gusto fresco e sottile di menta. Ogni bustina sottile e completamente bianca contiene <\/span><b>6 mg di nicotina<\/b><span style=\"font-weight: 400;\">, fornendo un rilascio moderato e costante, ideale per un uso regolare.<\/span><\/p>\n<p><span style=\"font-weight: 400;\">Il formato sottile assicura una vestibilit\u00e0 comoda e discreta sotto le labbra, consentendo un uso pulito e senza macchie ovunque e in qualsiasi momento. Completamente priva di tabacco e realizzata con materiali vegetali di alta qualit\u00e0, ZYN Gentle Mint 6mg \u00e8 una moderna alternativa alla nicotina per chi cerca un'opzione rinfrescante e affidabile con un'intensit\u00e0 di nicotina pi\u00f9 leggera.<\/span><\/p>\n<table>\n<tbody>\n<tr>\n<td><b>Attributo<\/b><\/td>\n<td><b>Dettagli<\/b><\/td>\n<\/tr>\n<tr>\n<td><b>Marchio<\/b><\/td>\n<td><span style=\"font-weight: 400;\">ZYN<\/span><\/td>\n<\/tr>\n<tr>\n<td><b>Tipo di prodotto<\/b><\/td>\n<td><span style=\"font-weight: 400;\">Tutti i sacchetti di nicotina bianchi<\/span><\/td>\n<\/tr>\n<tr>\n<td><b>Formato<\/b><\/td>\n<td><span style=\"font-weight: 400;\">Magro<\/span><\/td>\n<\/tr>\n<tr>\n<td><b>Sapore<\/b><\/td>\n<td><span style=\"font-weight: 400;\">Menta gentile<\/span><\/td>\n<\/tr>\n<tr>\n<td><b>Forza della nicotina<\/b><\/td>\n<td><span style=\"font-weight: 400;\">6 mg per busta<\/span><\/td>\n<\/tr>\n<tr>\n<td><b>Peso della porzione<\/b><\/td>\n<td><span style=\"font-weight: 400;\">0,7 grammi<\/span><\/td>\n<\/tr>\n<tr>\n<td><b>Numero di porzioni<\/b><\/td>\n<td><span style=\"font-weight: 400;\">21 per lattina<\/span><\/td>\n<\/tr>\n<tr>\n<td><b>Peso totale della lattina<\/b><\/td>\n<td><span style=\"font-weight: 400;\">14,7 grammi<\/span><\/td>\n<\/tr>\n<tr>\n<td><b>Produttore<\/b><\/td>\n<td><span style=\"font-weight: 400;\">Swedish Match<\/span><\/td>\n<\/tr>\n<tr>\n<td><b>Caratteristiche di rilievo<\/b><\/td>\n<td><span style=\"font-weight: 400;\">Senza tabacco, formato slim, gusto di menta liscio e rinfrescante<\/span><\/td>\n<\/tr>\n<\/tbody>\n<\/table>","protected":false},"excerpt":{"rendered":"<p><strong>Nuovo design! Durante la transizione, entrambi i design possono essere venduti.<\/strong><\/p>\n<p>ZYN <strong data-start=\"4\" data-end=\"19\">Menta gentile<\/strong> <strong data-start=\"20\" data-end=\"28\">magro<\/strong> offre una menta liscia e rinfrescante con una leggera sensazione di raffreddamento per un profilo pulito ed equilibrato. Le buste completamente bianche sono discrete e confortevoli. Ogni busta contiene <strong data-start=\"196\" data-end=\"213\">6 mg di nicotina<\/strong> per un rilascio moderato e costante.<\/p>","protected":false},"featured_media":8581,"comment_status":"open","ping_status":"closed","template":"","format":[205],"meta":{"_acf_changed":false},"product_brand":[],"product_cat":[37],"product_tag":[16559],"flavours":[199],"nicotine":[231,232],"class_list":{"0":"post-8580","1":"product","2":"type-product","3":"status-publish","4":"has-post-thumbnail","6":"product_cat-zyn","7":"product_tag-6-mg-pouch","8":"pa_quantity-1-pack","9":"pa_quantity-10-pack","10":"pa_quantity-3-pack","11":"pa_quantity-30-pack","12":"pa_quantity-5-pack","13":"pa_quantity-60-pack","14":"flavours-mint","15":"format-mini","16":"nicotine-9-mg-g","17":"nicotine-extra-strong","19":"first","20":"instock","21":"taxable","22":"shipping-taxable","23":"purchasable","24":"product-type-variable"},"acf":[],"_links":{"self":[{"href":"https:\/\/whitelip.com\/it\/wp-json\/wp\/v2\/product\/8580","targetHints":{"allow":["GET"]}}],"collection":[{"href":"https:\/\/whitelip.com\/it\/wp-json\/wp\/v2\/product"}],"about":[{"href":"https:\/\/whitelip.com\/it\/wp-json\/wp\/v2\/types\/product"}],"replies":[{"embeddable":true,"href":"https:\/\/whitelip.com\/it\/wp-json\/wp\/v2\/comments?post=8580"}],"wp:featuredmedia":[{"embeddable":true,"href":"https:\/\/whitelip.com\/it\/wp-json\/wp\/v2\/media\/8581"}],"wp:attachment":[{"href":"https:\/\/whitelip.com\/it\/wp-json\/wp\/v2\/media?parent=8580"}],"wp:term":[{"taxonomy":"product_brand","embeddable":true,"href":"https:\/\/whitelip.com\/it\/wp-json\/wp\/v2\/product_brand?post=8580"},{"taxonomy":"product_cat","embeddable":true,"href":"https:\/\/whitelip.com\/it\/wp-json\/wp\/v2\/product_cat?post=8580"},{"taxonomy":"product_tag","embeddable":true,"href":"https:\/\/whitelip.com\/it\/wp-json\/wp\/v2\/product_tag?post=8580"},{"taxonomy":"flavours","embeddable":true,"href":"https:\/\/whitelip.com\/it\/wp-json\/wp\/v2\/flavours?post=8580"},{"taxonomy":"format","embeddable":true,"href":"https:\/\/whitelip.com\/it\/wp-json\/wp\/v2\/format?post=8580"},{"taxonomy":"nicotine","embeddable":true,"href":"https:\/\/whitelip.com\/it\/wp-json\/wp\/v2\/nicotine?post=8580"}],"curies":[{"name":"wp","href":"https:\/\/api.w.org\/{rel}","templated":true}]}}