{"id":8562,"date":"2024-11-28T12:48:10","date_gmt":"2024-11-28T12:48:10","guid":{"rendered":"https:\/\/whitelip.com\/puff-pouch-grape-12mg\/"},"modified":"2026-04-21T10:11:28","modified_gmt":"2026-04-21T10:11:28","slug":"puff-pouch-grape-12mg","status":"publish","type":"product","link":"https:\/\/whitelip.com\/it\/puff-pouch\/puff-pouch-grape-12mg\/","title":{"rendered":"Sfogliato e in busta Uva 12mg"},"content":{"rendered":"<h2><b>Sfogliato e in busta Uva 12mg<\/b><\/h2>\n<p><span style=\"font-weight: 400;\">Le bustine Puff &amp; Pouch Grape da 12 mg di nicotina offrono un sapore audace e succoso di uva, offrendo un'esperienza di nicotina fruttata e rinvigorente. Queste buste sottili e prive di tabacco sono progettate per un uso discreto e confortevole, adattandosi senza sforzo sotto le labbra. Con un'intensit\u00e0 di nicotina pi\u00f9 elevata, Puff &amp; Pouch Grape 12mg \u00e8 perfetta per gli utenti che cercano un'opzione ricca e saporita, abbinata a una soddisfacente dose di nicotina.<\/span><\/p>\n<table>\n<tbody>\n<tr>\n<td><b>Attributo<\/b><\/td>\n<td><b>Dettagli<\/b><\/td>\n<\/tr>\n<tr>\n<td><span style=\"font-weight: 400;\">Contenuto per barattolo<\/span><\/td>\n<td><span style=\"font-weight: 400;\">10g (20 buste)<\/span><\/td>\n<\/tr>\n<tr>\n<td><span style=\"font-weight: 400;\">Contenuto di nicotina<\/span><\/td>\n<td><span style=\"font-weight: 400;\">16 mg\/g (12 mg per busta)<\/span><\/td>\n<\/tr>\n<tr>\n<td><span style=\"font-weight: 400;\">Formato della busta<\/span><\/td>\n<td><span style=\"font-weight: 400;\">Magro<\/span><\/td>\n<\/tr>\n<tr>\n<td><span style=\"font-weight: 400;\">Produttore<\/span><\/td>\n<td><span style=\"font-weight: 400;\">Sacchetto e busta<\/span><\/td>\n<\/tr>\n<tr>\n<td><span style=\"font-weight: 400;\">Sapore<\/span><\/td>\n<td><span style=\"font-weight: 400;\">Uva<\/span><\/td>\n<\/tr>\n<tr>\n<td><span style=\"font-weight: 400;\">Tipo<\/span><\/td>\n<td><span style=\"font-weight: 400;\">Astuccio completamente bianco, senza tabacco<\/span><\/td>\n<\/tr>\n<\/tbody>\n<\/table>","protected":false},"excerpt":{"rendered":"<p>Le buste Puff &amp; Pouch Grape da 12 mg di nicotina offrono un sapore audace e succoso. <strong data-start=\"63\" data-end=\"72\">Uva<\/strong> per un'esperienza fruttata e rinvigorente. <strong data-start=\"119\" data-end=\"127\">Magro<\/strong>, formato senza tabacco, per un uso discreto e confortevole. Ogni busta contiene <strong data-start=\"200\" data-end=\"218\">12 mg di nicotina<\/strong>.<\/p>","protected":false},"featured_media":3183,"comment_status":"open","ping_status":"closed","template":"","format":[206],"meta":{"_acf_changed":false},"product_brand":[],"product_cat":[86],"product_tag":[16561],"flavours":[196],"nicotine":[213,232],"class_list":{"0":"post-8562","1":"product","2":"type-product","3":"status-publish","4":"has-post-thumbnail","6":"product_cat-puff-pouch","7":"product_tag-12-mg-pouch","8":"pa_quantity-1-pack","9":"pa_quantity-10-pack","10":"pa_quantity-3-pack","11":"pa_quantity-30-pack","12":"pa_quantity-5-pack","13":"pa_quantity-60-pack","14":"flavours-fruits-berries","15":"format-slim","16":"nicotine-16-mg-g","17":"nicotine-extra-strong","19":"first","20":"outofstock","21":"taxable","22":"shipping-taxable","23":"purchasable","24":"product-type-variable"},"acf":[],"_links":{"self":[{"href":"https:\/\/whitelip.com\/it\/wp-json\/wp\/v2\/product\/8562","targetHints":{"allow":["GET"]}}],"collection":[{"href":"https:\/\/whitelip.com\/it\/wp-json\/wp\/v2\/product"}],"about":[{"href":"https:\/\/whitelip.com\/it\/wp-json\/wp\/v2\/types\/product"}],"replies":[{"embeddable":true,"href":"https:\/\/whitelip.com\/it\/wp-json\/wp\/v2\/comments?post=8562"}],"wp:featuredmedia":[{"embeddable":true,"href":"https:\/\/whitelip.com\/it\/wp-json\/wp\/v2\/media\/3183"}],"wp:attachment":[{"href":"https:\/\/whitelip.com\/it\/wp-json\/wp\/v2\/media?parent=8562"}],"wp:term":[{"taxonomy":"product_brand","embeddable":true,"href":"https:\/\/whitelip.com\/it\/wp-json\/wp\/v2\/product_brand?post=8562"},{"taxonomy":"product_cat","embeddable":true,"href":"https:\/\/whitelip.com\/it\/wp-json\/wp\/v2\/product_cat?post=8562"},{"taxonomy":"product_tag","embeddable":true,"href":"https:\/\/whitelip.com\/it\/wp-json\/wp\/v2\/product_tag?post=8562"},{"taxonomy":"flavours","embeddable":true,"href":"https:\/\/whitelip.com\/it\/wp-json\/wp\/v2\/flavours?post=8562"},{"taxonomy":"format","embeddable":true,"href":"https:\/\/whitelip.com\/it\/wp-json\/wp\/v2\/format?post=8562"},{"taxonomy":"nicotine","embeddable":true,"href":"https:\/\/whitelip.com\/it\/wp-json\/wp\/v2\/nicotine?post=8562"}],"curies":[{"name":"wp","href":"https:\/\/api.w.org\/{rel}","templated":true}]}}