{"id":8392,"date":"2024-12-20T19:39:27","date_gmt":"2024-12-20T19:39:27","guid":{"rendered":"https:\/\/whitelip.com\/xqs-wintergreen-light\/"},"modified":"2026-04-21T10:11:27","modified_gmt":"2026-04-21T10:11:27","slug":"xqs-wintergreen-light","status":"publish","type":"product","link":"https:\/\/whitelip.com\/it\/xqs\/xqs-wintergreen-light\/","title":{"rendered":"XQS Verde Inverno Leggero"},"content":{"rendered":"<h2><b>XQS Verde Inverno Leggero<\/b><\/h2>\n<p><span style=\"font-weight: 400;\">XQS Wintergreen Light offre un'esperienza di <\/span><b>gusto liscio e rinfrescante di wintergreen<\/b><span style=\"font-weight: 400;\">, che offre una sensazione leggera e rinfrescante con un tocco di dolcezza naturale. Perfetta per chi cerca un'opzione con nicotina pi\u00f9 leggera, ogni bustina sottile e completamente bianca contiene <\/span><b>4 mg di nicotina<\/b><span style=\"font-weight: 400;\">, fornendo un rilascio delicato e costante adatto all'uso quotidiano.<\/span><\/p>\n<p><span style=\"font-weight: 400;\">Il formato sottile assicura una vestibilit\u00e0 discreta e confortevole sotto le labbra, rendendolo ideale per l'uso in movimento senza macchiare i denti. Completamente priva di tabacco e realizzata con fibre vegetali di alta qualit\u00e0, XQS Wintergreen Light offre un'alternativa pulita e moderna con un piacevole e rinfrescante sapore di menta. \u00c8 un'ottima scelta per chi preferisce un'esperienza di nicotina pi\u00f9 blanda ma soddisfacente.<\/span><\/p>\n<table>\n<tbody>\n<tr>\n<td><b>Attributo<\/b><\/td>\n<td><b>Dettagli<\/b><\/td>\n<\/tr>\n<tr>\n<td><b>Marchio<\/b><\/td>\n<td><span style=\"font-weight: 400;\">XQS<\/span><\/td>\n<\/tr>\n<tr>\n<td><b>Tipo di prodotto<\/b><\/td>\n<td><span style=\"font-weight: 400;\">Tutti i sacchetti di nicotina bianchi<\/span><\/td>\n<\/tr>\n<tr>\n<td><b>Formato<\/b><\/td>\n<td><span style=\"font-weight: 400;\">Magro<\/span><\/td>\n<\/tr>\n<tr>\n<td><b>Sapore<\/b><\/td>\n<td><span style=\"font-weight: 400;\">Gaultheria procumbens<\/span><\/td>\n<\/tr>\n<tr>\n<td><b>Forza della nicotina<\/b><\/td>\n<td><span style=\"font-weight: 400;\">4 mg per bustina (5 mg\/g)<\/span><\/td>\n<\/tr>\n<tr>\n<td><b>Peso della porzione<\/b><\/td>\n<td><span style=\"font-weight: 400;\">0,75 grammi<\/span><\/td>\n<\/tr>\n<tr>\n<td><b>Numero di porzioni<\/b><\/td>\n<td><span style=\"font-weight: 400;\">20 per barattolo<\/span><\/td>\n<\/tr>\n<tr>\n<td><b>Peso totale della lattina<\/b><\/td>\n<td><span style=\"font-weight: 400;\">15 grammi<\/span><\/td>\n<\/tr>\n<tr>\n<td><b>Produttore<\/b><\/td>\n<td><span style=\"font-weight: 400;\">XQS Internazionale<\/span><\/td>\n<\/tr>\n<tr>\n<td><b>Caratteristiche di rilievo<\/b><\/td>\n<td><span style=\"font-weight: 400;\">Senza tabacco, formato slim, sapore liscio e rinfrescante di wintergreen<\/span><\/td>\n<\/tr>\n<\/tbody>\n<\/table>","protected":false},"excerpt":{"rendered":"<p><span style=\"font-weight: 400;\">XQS Wintergreen Light offre un'esperienza di <\/span><b>gusto liscio e rinfrescante di wintergreen<\/b><span style=\"font-weight: 400;\">, che offre una sensazione leggera e rinfrescante con un tocco di dolcezza naturale. Perfetto per gli utenti che cercano un'opzione con nicotina pi\u00f9 leggera, ogni <strong>magro<\/strong>, La busta completamente bianca contiene <\/span><b>4 mg di nicotina<\/b><span style=\"font-weight: 400;\">, fornendo un rilascio delicato e costante adatto all'uso quotidiano.<\/span><\/p>","protected":false},"featured_media":8393,"comment_status":"open","ping_status":"closed","template":"","format":[206],"meta":{"_acf_changed":false},"product_brand":[],"product_cat":[27],"product_tag":[16585],"flavours":[203],"nicotine":[230,236],"class_list":{"0":"post-8392","1":"product","2":"type-product","3":"status-publish","4":"has-post-thumbnail","6":"product_cat-xqs","7":"product_tag-4-mg-pouch","8":"pa_quantity-1-pack","9":"pa_quantity-10-pack","10":"pa_quantity-3-pack","11":"pa_quantity-30-pack","12":"pa_quantity-5-pack","13":"pa_quantity-60-pack","14":"flavours-wintergreen","15":"format-slim","16":"nicotine-8-mg-g","17":"nicotine-strong","19":"first","20":"outofstock","21":"taxable","22":"shipping-taxable","23":"purchasable","24":"product-type-variable"},"acf":[],"_links":{"self":[{"href":"https:\/\/whitelip.com\/it\/wp-json\/wp\/v2\/product\/8392","targetHints":{"allow":["GET"]}}],"collection":[{"href":"https:\/\/whitelip.com\/it\/wp-json\/wp\/v2\/product"}],"about":[{"href":"https:\/\/whitelip.com\/it\/wp-json\/wp\/v2\/types\/product"}],"replies":[{"embeddable":true,"href":"https:\/\/whitelip.com\/it\/wp-json\/wp\/v2\/comments?post=8392"}],"wp:featuredmedia":[{"embeddable":true,"href":"https:\/\/whitelip.com\/it\/wp-json\/wp\/v2\/media\/8393"}],"wp:attachment":[{"href":"https:\/\/whitelip.com\/it\/wp-json\/wp\/v2\/media?parent=8392"}],"wp:term":[{"taxonomy":"product_brand","embeddable":true,"href":"https:\/\/whitelip.com\/it\/wp-json\/wp\/v2\/product_brand?post=8392"},{"taxonomy":"product_cat","embeddable":true,"href":"https:\/\/whitelip.com\/it\/wp-json\/wp\/v2\/product_cat?post=8392"},{"taxonomy":"product_tag","embeddable":true,"href":"https:\/\/whitelip.com\/it\/wp-json\/wp\/v2\/product_tag?post=8392"},{"taxonomy":"flavours","embeddable":true,"href":"https:\/\/whitelip.com\/it\/wp-json\/wp\/v2\/flavours?post=8392"},{"taxonomy":"format","embeddable":true,"href":"https:\/\/whitelip.com\/it\/wp-json\/wp\/v2\/format?post=8392"},{"taxonomy":"nicotine","embeddable":true,"href":"https:\/\/whitelip.com\/it\/wp-json\/wp\/v2\/nicotine?post=8392"}],"curies":[{"name":"wp","href":"https:\/\/api.w.org\/{rel}","templated":true}]}}