{"id":8296,"date":"2024-12-20T19:39:05","date_gmt":"2024-12-20T19:39:05","guid":{"rendered":"https:\/\/whitelip.com\/velo-sour-lime-mini\/"},"modified":"2026-05-11T10:11:53","modified_gmt":"2026-05-11T10:11:53","slug":"velo-sour-lime-mini","status":"publish","type":"product","link":"https:\/\/whitelip.com\/it\/velo\/velo-sour-lime-mini\/","title":{"rendered":"VELO Sour Lime Mini"},"content":{"rendered":"<h2><strong>VELO Sour Lime Mini<\/strong><\/h2>\n<p><span style=\"font-weight: 400; font-size: 16px;\">VELO Sour Lime Mini offre un sapore vibrante e piccante di lime, perfettamente bilanciato con sottili note di dolcezza e un pizzico di sfumature esotiche. Queste mini buste di nicotina completamente bianche sono state progettate per un uso discreto e confortevole, adattandosi perfettamente sotto le labbra senza farsi notare. Le dimensioni compatte e la minore intensit\u00e0 di nicotina le rendono una scelta eccellente per chi cerca un'esperienza di nicotina pi\u00f9 blanda o per chi \u00e8 nuovo alle buste di nicotina. La superficie asciutta delle buste garantisce un rilascio prolungato di aroma e nicotina, offrendo un'esperienza soddisfacente che dura nel tempo. Privo di tabacco e realizzato con fibre vegetali di alta qualit\u00e0, VELO Sour Lime Mini offre una rinfrescante spinta agrumata per coloro che apprezzano un profilo aromatico vivace e rinvigorente.<\/span><\/p>\n<table>\n<tbody>\n<tr>\n<td><b>Attributo<\/b><\/td>\n<td><b>Dettagli<\/b><\/td>\n<\/tr>\n<tr>\n<td><span style=\"font-weight: 400;\">Marchio<\/span><\/td>\n<td><span style=\"font-weight: 400;\">VELO<\/span><\/td>\n<\/tr>\n<tr>\n<td><span style=\"font-weight: 400;\">Tipo di prodotto<\/span><\/td>\n<td><span style=\"font-weight: 400;\">Tutti i sacchetti di nicotina bianchi<\/span><\/td>\n<\/tr>\n<tr>\n<td><span style=\"font-weight: 400;\">Formato<\/span><\/td>\n<td><span style=\"font-weight: 400;\">Mini<\/span><\/td>\n<\/tr>\n<tr>\n<td><span style=\"font-weight: 400;\">Sapore<\/span><\/td>\n<td><span style=\"font-weight: 400;\">Lima con note dolci ed esotiche delicate<\/span><\/td>\n<\/tr>\n<tr>\n<td><span style=\"font-weight: 400;\">Forza della nicotina<\/span><\/td>\n<td><span style=\"font-weight: 400;\">8 mg\/g (4 mg per bustina)<\/span><\/td>\n<\/tr>\n<tr>\n<td><span style=\"font-weight: 400;\">Peso della porzione<\/span><\/td>\n<td><span style=\"font-weight: 400;\">0,5 grammi<\/span><\/td>\n<\/tr>\n<tr>\n<td><span style=\"font-weight: 400;\">Numero di porzioni<\/span><\/td>\n<td><span style=\"font-weight: 400;\">20 per barattolo<\/span><\/td>\n<\/tr>\n<tr>\n<td><span style=\"font-weight: 400;\">Peso totale della lattina<\/span><\/td>\n<td><span style=\"font-weight: 400;\">10 grammi<\/span><\/td>\n<\/tr>\n<tr>\n<td><span style=\"font-weight: 400;\">Produttore<\/span><\/td>\n<td><span style=\"font-weight: 400;\">BAT<\/span><\/td>\n<\/tr>\n<tr>\n<td><span style=\"font-weight: 400;\">Caratteristiche di rilievo<\/span><\/td>\n<td><span style=\"font-weight: 400;\">Senza tabacco, porzioni mini discrete, rilascio prolungato del sapore, adatte ai principianti<\/span><\/td>\n<\/tr>\n<\/tbody>\n<\/table>","protected":false},"excerpt":{"rendered":"<p>VELO Sour Lime Le mini buste di nicotina offrono un sapore vibrante e piccante. <strong data-start=\"62\" data-end=\"75\">Lime acido<\/strong> con una sottile dolcezza e note esotiche. Mini, <strong data-start=\"129\" data-end=\"137\">magro<\/strong>, Il formato completamente bianco garantisce un uso discreto e confortevole con un rilascio prolungato e pulito. Ogni busta contiene <strong data-start=\"239\" data-end=\"256\">4 mg di nicotina<\/strong>.<\/p>","protected":false},"featured_media":8297,"comment_status":"open","ping_status":"closed","template":"","format":[205],"meta":{"_acf_changed":false},"product_brand":[],"product_cat":[48],"product_tag":[16585],"flavours":[190],"nicotine":[230,236],"class_list":{"0":"post-8296","1":"product","2":"type-product","3":"status-publish","4":"has-post-thumbnail","6":"product_cat-velo","7":"product_tag-4-mg-pouch","8":"pa_quantity-1-pack","9":"pa_quantity-10-pack","10":"pa_quantity-3-pack","11":"pa_quantity-30-pack","12":"pa_quantity-5-pack","13":"pa_quantity-60-pack","14":"flavours-citrus","15":"format-mini","16":"nicotine-8-mg-g","17":"nicotine-strong","19":"first","20":"instock","21":"taxable","22":"shipping-taxable","23":"purchasable","24":"product-type-variable"},"acf":[],"_links":{"self":[{"href":"https:\/\/whitelip.com\/it\/wp-json\/wp\/v2\/product\/8296","targetHints":{"allow":["GET"]}}],"collection":[{"href":"https:\/\/whitelip.com\/it\/wp-json\/wp\/v2\/product"}],"about":[{"href":"https:\/\/whitelip.com\/it\/wp-json\/wp\/v2\/types\/product"}],"replies":[{"embeddable":true,"href":"https:\/\/whitelip.com\/it\/wp-json\/wp\/v2\/comments?post=8296"}],"wp:featuredmedia":[{"embeddable":true,"href":"https:\/\/whitelip.com\/it\/wp-json\/wp\/v2\/media\/8297"}],"wp:attachment":[{"href":"https:\/\/whitelip.com\/it\/wp-json\/wp\/v2\/media?parent=8296"}],"wp:term":[{"taxonomy":"product_brand","embeddable":true,"href":"https:\/\/whitelip.com\/it\/wp-json\/wp\/v2\/product_brand?post=8296"},{"taxonomy":"product_cat","embeddable":true,"href":"https:\/\/whitelip.com\/it\/wp-json\/wp\/v2\/product_cat?post=8296"},{"taxonomy":"product_tag","embeddable":true,"href":"https:\/\/whitelip.com\/it\/wp-json\/wp\/v2\/product_tag?post=8296"},{"taxonomy":"flavours","embeddable":true,"href":"https:\/\/whitelip.com\/it\/wp-json\/wp\/v2\/flavours?post=8296"},{"taxonomy":"format","embeddable":true,"href":"https:\/\/whitelip.com\/it\/wp-json\/wp\/v2\/format?post=8296"},{"taxonomy":"nicotine","embeddable":true,"href":"https:\/\/whitelip.com\/it\/wp-json\/wp\/v2\/nicotine?post=8296"}],"curies":[{"name":"wp","href":"https:\/\/api.w.org\/{rel}","templated":true}]}}