{"id":8268,"date":"2024-11-28T12:40:47","date_gmt":"2024-11-28T12:40:47","guid":{"rendered":"https:\/\/whitelip.com\/cuba-ninja-orange\/"},"modified":"2026-04-29T10:11:07","modified_gmt":"2026-04-29T10:11:07","slug":"cuba-ninja-orange","status":"publish","type":"product","link":"https:\/\/whitelip.com\/it\/cuba\/cuba-ninja-orange\/","title":{"rendered":"CUBA Ninja Arancione"},"content":{"rendered":"<h2><strong>CUBA Ninja Arancione<\/strong><\/h2>\n<p><span style=\"font-size: 16px;\">CUBA Ninja Orange offre un gusto potente e dolce di arancia. Le buste di CUBA Ninja Orange sono di colore bianco e contengono un alto contenuto di nicotina. Le buste sono disponibili in un formato sottile con un'intensit\u00e0 di nicotina di 30 mg\/g.<\/span><\/p>\n<table>\n<tbody>\n<tr>\n<td><b>Attributo<\/b><\/td>\n<td><b>Dettagli<\/b><\/td>\n<\/tr>\n<tr>\n<td><b>Contenuto per barattolo<\/b><\/td>\n<td><span style=\"font-weight: 400;\">13g (25 sacchetti)<\/span><\/td>\n<\/tr>\n<tr>\n<td><b>Contenuto di nicotina<\/b><\/td>\n<td><span style=\"font-weight: 400;\">30 mg\/g (15 mg per sacchetto)<\/span><\/td>\n<\/tr>\n<tr>\n<td><b>Formato della busta<\/b><\/td>\n<td><span style=\"font-weight: 400;\">Magro<\/span><\/td>\n<\/tr>\n<tr>\n<td><b>Produttore<\/b><\/td>\n<td><span style=\"font-weight: 400;\">CUBA<\/span><\/td>\n<\/tr>\n<tr>\n<td><b>Sapore<\/b><\/td>\n<td>Arancione<\/td>\n<\/tr>\n<tr>\n<td><b>Tipo<\/b><\/td>\n<td><span style=\"font-weight: 400;\">Astuccio tutto bianco<\/span><\/td>\n<\/tr>\n<\/tbody>\n<\/table>\n<h3><strong>Informazioni sul marchio: CUBA<\/strong><\/h3>\n<p>CUBA offre sacchetti di nicotina in diversi gusti deliziosi, come ananas, ciliegia e mirtillo. Le buste sono morbide sotto le labbra e forniscono una buona dose di nicotina. CUBA \u00e8 disponibile in tre serie: White-line, Black-line e Ninja. La Black-line ha un'enorme quantit\u00e0 di nicotina di 50 mg, che fa girare la testa anche all'utente pi\u00f9 esperto. Tuttavia, Cuba White-line ha una dose di 20 mg, pi\u00f9 adatta agli utenti di tutti i giorni. Ninja ha una gradazione di 30 mg.<\/p>\n<h3><strong>Informazioni su Whitelip.se:\u00a0<\/strong><\/h3>\n<p><span data-contrast=\"auto\">Benvenuti su Whitelip.se, la vostra destinazione definitiva per le buste di nicotina di alta qualit\u00e0. Esplorate la nostra vasta gamma di prodotti progettati per soddisfare le vostre esigenze di nicotina, con consegna negli Stati Uniti e in Europa, tutti comodamente disponibili con opzioni di spedizione gratuita al momento del checkout. Migliorate la vostra soddisfazione ad ogni acquisto, perch\u00e9 vi offriamo marchi di prim'ordine e una consegna impeccabile a domicilio. Provate la massima convenienza e la qualit\u00e0 premium solo su Whitelip.se. Acquistate ora e abbandonatevi al piacere delle buste di nicotina bianche di alta qualit\u00e0.<\/span><span data-ccp-props=\"{&quot;201341983&quot;:0,&quot;335559739&quot;:160,&quot;335559740&quot;:259}\">\u00a0<\/span><\/p>","protected":false},"excerpt":{"rendered":"<article class=\"text-token-text-primary w-full focus:outline-none [--shadow-height:45px] has-data-writing-block:pointer-events-none has-data-writing-block:-mt-(--shadow-height) has-data-writing-block:pt-(--shadow-height) [&amp;:has([data-writing-block])&gt;*]:pointer-events-auto [content-visibility:auto] supports-[content-visibility:auto]:[contain-intrinsic-size:auto_100lvh] scroll-mt-[calc(var(--header-height)+min(200px,max(70px,20svh)))]\" dir=\"auto\" tabindex=\"-1\" data-turn-id=\"request-WEB:53f85bc0-55a4-4148-bb59-ef9269c3c52e-117\" data-testid=\"conversation-turn-230\" data-scroll-anchor=\"true\" data-turn=\"assistant\">\n<div class=\"text-base my-auto mx-auto pb-10 [--thread-content-margin:--spacing(4)] thread-sm:[--thread-content-margin:--spacing(6)] thread-lg:[--thread-content-margin:--spacing(16)] px-(--thread-content-margin)\">\n<div class=\"[--thread-content-max-width:40rem] thread-lg:[--thread-content-max-width:48rem] mx-auto max-w-(--thread-content-max-width) flex-1 group\/turn-messages focus-visible:outline-hidden relative flex w-full min-w-0 flex-col agent-turn\" tabindex=\"-1\">\n<div class=\"flex max-w-full flex-col grow\">\n<div class=\"min-h-8 text-message relative flex w-full flex-col items-end gap-2 text-start break-words whitespace-normal [.text-message+&amp;]:mt-5\" dir=\"auto\" data-message-author-role=\"assistant\" data-message-id=\"3342c41c-209b-4b33-8a74-3937723048a7\" data-message-model-slug=\"gpt-5-thinking\">\n<div class=\"flex w-full flex-col gap-1 empty:hidden first:pt-[1px]\">\n<div class=\"markdown prose dark:prose-invert w-full break-words dark markdown-new-styling\">\n<p data-start=\"0\" data-end=\"216\" data-is-last-node=\"\" data-is-only-node=\"\">Powerful, sweet <strong data-start=\"16\" data-end=\"26\">orange<\/strong> with a bold citrus hit. The <strong data-start=\"55\" data-end=\"74\">slim, <\/strong>all-white pouches sit discreetly under the lip for a clean, comfortable feel. Nicotine strength <strong data-start=\"161\" data-end=\"172\">30 mg\/g<\/strong>, crafted for users who want high intensity.<\/p>\n<\/div>\n<\/div>\n<\/div>\n<\/div>\n<div class=\"z-0 flex min-h-[46px] justify-start\"><\/div>\n<div class=\"mt-3 w-full empty:hidden\">\n<div class=\"text-center\"><\/div>\n<\/div>\n<\/div>\n<\/div>\n<\/article>\n<div class=\"pointer-events-none h-px w-px\" aria-hidden=\"true\" data-edge=\"true\"><\/div>\n","protected":false},"featured_media":8269,"comment_status":"open","ping_status":"closed","template":"","format":[206],"meta":{"_acf_changed":false},"product_brand":[],"product_cat":[46],"product_tag":[16571],"flavours":[190],"nicotine":[221,233],"class_list":{"0":"post-8268","1":"product","2":"type-product","3":"status-publish","4":"has-post-thumbnail","6":"product_cat-cuba","7":"product_tag-15-mg-pouch","8":"pa_quantity-1-pack","9":"pa_quantity-10-pack","10":"pa_quantity-3-pack","11":"pa_quantity-30-pack","12":"pa_quantity-5-pack","13":"pa_quantity-60-pack","14":"flavours-citrus","15":"format-slim","16":"nicotine-30-mg-g","17":"nicotine-extreme","19":"first","20":"outofstock","21":"taxable","22":"shipping-taxable","23":"purchasable","24":"product-type-variable"},"acf":[],"_links":{"self":[{"href":"https:\/\/whitelip.com\/it\/wp-json\/wp\/v2\/product\/8268","targetHints":{"allow":["GET"]}}],"collection":[{"href":"https:\/\/whitelip.com\/it\/wp-json\/wp\/v2\/product"}],"about":[{"href":"https:\/\/whitelip.com\/it\/wp-json\/wp\/v2\/types\/product"}],"replies":[{"embeddable":true,"href":"https:\/\/whitelip.com\/it\/wp-json\/wp\/v2\/comments?post=8268"}],"wp:featuredmedia":[{"embeddable":true,"href":"https:\/\/whitelip.com\/it\/wp-json\/wp\/v2\/media\/8269"}],"wp:attachment":[{"href":"https:\/\/whitelip.com\/it\/wp-json\/wp\/v2\/media?parent=8268"}],"wp:term":[{"taxonomy":"product_brand","embeddable":true,"href":"https:\/\/whitelip.com\/it\/wp-json\/wp\/v2\/product_brand?post=8268"},{"taxonomy":"product_cat","embeddable":true,"href":"https:\/\/whitelip.com\/it\/wp-json\/wp\/v2\/product_cat?post=8268"},{"taxonomy":"product_tag","embeddable":true,"href":"https:\/\/whitelip.com\/it\/wp-json\/wp\/v2\/product_tag?post=8268"},{"taxonomy":"flavours","embeddable":true,"href":"https:\/\/whitelip.com\/it\/wp-json\/wp\/v2\/flavours?post=8268"},{"taxonomy":"format","embeddable":true,"href":"https:\/\/whitelip.com\/it\/wp-json\/wp\/v2\/format?post=8268"},{"taxonomy":"nicotine","embeddable":true,"href":"https:\/\/whitelip.com\/it\/wp-json\/wp\/v2\/nicotine?post=8268"}],"curies":[{"name":"wp","href":"https:\/\/api.w.org\/{rel}","templated":true}]}}