{"id":8044,"date":"2024-12-20T19:39:03","date_gmt":"2024-12-20T19:39:03","guid":{"rendered":"https:\/\/whitelip.com\/velo-lime-flame\/"},"modified":"2026-04-22T10:11:26","modified_gmt":"2026-04-22T10:11:26","slug":"velo-lime-flame","status":"publish","type":"product","link":"https:\/\/whitelip.com\/it\/velo\/velo-lime-flame\/","title":{"rendered":"VELO Fiamma di calce"},"content":{"rendered":"<h2><strong>VELO Fiamma di calce\u00a0<\/strong><\/h2>\n<p>VELO Lime Flame &#8211; Questi sacchetti discreti combinano nicotina di alta qualit\u00e0 con intensi sapori freschi di jalape\u00f1o e lime, per un'esperienza rinfrescante e duratura. I sacchetti sono disponibili in formato slim con una forza di nicotina di 14,3 mg\/g.<\/p>\n<ul>\n<li>Sapore: Jalape\u00f1o e Lime<\/li>\n<li>Formato: Slim<\/li>\n<li>Nicotina: 14,3 mg\/g<\/li>\n<li>Sacchetti: 20 pezzi<\/li>\n<li>Peso: 14 g<\/li>\n<li>Marchio: <a href=\"https:\/\/whitelip.se\/en\/velo\/\" target=\"_blank\" rel=\"noopener\">VELO<\/a><\/li>\n<li>Produttore: <a href=\"https:\/\/www.bat.com\/\" target=\"_blank\" rel=\"noopener\">BAT<\/a><\/li>\n<\/ul>\n<p><em><strong>Informazioni sul marchio: VELO<\/strong><\/em><\/p>\n<p>Scopri il gusto e la popolarit\u00e0 dei sacchetti di nicotina VELO &#8211; una gamma leader mondiale che offre una straordinaria variet\u00e0 di sapori e praticit\u00e0. Con la sua popolarit\u00e0 globale e vari sapori affascinanti e diverse concentrazioni di nicotina, VELO offre una soluzione conveniente e discreta per soddisfare le tue esigenze di nicotina. Esplora l'ampia gamma di sacchetti di nicotina VELO e scopri perch\u00e9 \u00e8 una delle scelte pi\u00f9 popolari al mondo per un'esperienza di nicotina piacevole e conveniente in qualsiasi momento.<\/p>\n<p><em><strong>Informazioni su Whitelip.se:\u00a0<\/strong><\/em><\/p>\n<p><span data-contrast=\"auto\">Benvenuti su Whitelip.se, la vostra destinazione definitiva per le buste di nicotina di alta qualit\u00e0. Esplorate la nostra vasta gamma di prodotti progettati per soddisfare le vostre esigenze di nicotina, con consegna negli Stati Uniti e in Europa, tutti comodamente disponibili con opzioni di spedizione gratuita al momento del checkout. Migliorate la vostra soddisfazione ad ogni acquisto, perch\u00e9 vi offriamo marchi di prim'ordine e una consegna impeccabile a domicilio. Provate la massima convenienza e la qualit\u00e0 premium solo su Whitelip.se. Acquistate ora e abbandonatevi al piacere delle buste di nicotina bianche di alta qualit\u00e0.<\/span><\/p>","protected":false},"excerpt":{"rendered":"<p>VELO Le buste di nicotina Lime Flame offrono una sensazione intensa e rinfrescante. <strong data-start=\"64\" data-end=\"83\">Jalape\u00f1o e lime<\/strong> per un'esperienza di lunga durata. <strong data-start=\"122\" data-end=\"130\">Magro<\/strong>, formato completamente bianco per un uso discreto e confortevole.<\/p>","protected":false},"featured_media":8045,"comment_status":"open","ping_status":"closed","template":"","format":[206],"meta":{"_acf_changed":false},"product_brand":[],"product_cat":[48],"product_tag":[16583],"flavours":[187],"nicotine":[211,232],"class_list":{"0":"post-8044","1":"product","2":"type-product","3":"status-publish","4":"has-post-thumbnail","6":"product_cat-velo","7":"product_tag-8-mg-pouch","8":"pa_quantity-1-pack","9":"pa_quantity-10-pack","10":"pa_quantity-3-pack","11":"pa_quantity-30-pack","12":"pa_quantity-5-pack","13":"pa_quantity-60-pack","14":"flavours-chili","15":"format-slim","16":"nicotine-14-mg-g","17":"nicotine-extra-strong","19":"first","20":"instock","21":"taxable","22":"shipping-taxable","23":"product-type-variable","24":"has-default-attributes"},"acf":[],"_links":{"self":[{"href":"https:\/\/whitelip.com\/it\/wp-json\/wp\/v2\/product\/8044","targetHints":{"allow":["GET"]}}],"collection":[{"href":"https:\/\/whitelip.com\/it\/wp-json\/wp\/v2\/product"}],"about":[{"href":"https:\/\/whitelip.com\/it\/wp-json\/wp\/v2\/types\/product"}],"replies":[{"embeddable":true,"href":"https:\/\/whitelip.com\/it\/wp-json\/wp\/v2\/comments?post=8044"}],"wp:featuredmedia":[{"embeddable":true,"href":"https:\/\/whitelip.com\/it\/wp-json\/wp\/v2\/media\/8045"}],"wp:attachment":[{"href":"https:\/\/whitelip.com\/it\/wp-json\/wp\/v2\/media?parent=8044"}],"wp:term":[{"taxonomy":"product_brand","embeddable":true,"href":"https:\/\/whitelip.com\/it\/wp-json\/wp\/v2\/product_brand?post=8044"},{"taxonomy":"product_cat","embeddable":true,"href":"https:\/\/whitelip.com\/it\/wp-json\/wp\/v2\/product_cat?post=8044"},{"taxonomy":"product_tag","embeddable":true,"href":"https:\/\/whitelip.com\/it\/wp-json\/wp\/v2\/product_tag?post=8044"},{"taxonomy":"flavours","embeddable":true,"href":"https:\/\/whitelip.com\/it\/wp-json\/wp\/v2\/flavours?post=8044"},{"taxonomy":"format","embeddable":true,"href":"https:\/\/whitelip.com\/it\/wp-json\/wp\/v2\/format?post=8044"},{"taxonomy":"nicotine","embeddable":true,"href":"https:\/\/whitelip.com\/it\/wp-json\/wp\/v2\/nicotine?post=8044"}],"curies":[{"name":"wp","href":"https:\/\/api.w.org\/{rel}","templated":true}]}}